{"id":8551,"date":"2020-08-16T20:45:31","date_gmt":"2020-08-16T18:45:31","guid":{"rendered":"https:\/\/www.ergocontech.no\/shop\/?post_type=product&#038;p=8551"},"modified":"2025-07-02T09:36:25","modified_gmt":"2025-07-02T07:36:25","slug":"breeze","status":"publish","type":"product","link":"https:\/\/www.ergocontech.no\/shop\/produkt\/breeze\/","title":{"rendered":"Sug\/bl\u00e5s Breeze med svanehals"},"content":{"rendered":"<p>Sug\/bl\u00e5s svanehals er kraftig, lett og allsidig og har en universalmontering som festes sikkert til bordplater, senger og rullestoler. Den fleksible st\u00e5lsvanehalsen og monteringsklemmen muliggj\u00f8r enkel og sikker posisjonering av munnstykket. Munnstykket med filter er utskiftbart og har et tynt, 1,8 meter langt b\u00f8yelig forbindelsesr\u00f8r mellom munnstykket og Breeze. 4 utskiftbare filter medf\u00f8lger.<\/p>\n<p><a href=\"https:\/\/orin.com\/access\/docs\/BreezeUserGuideBZ2U_09162020.pdf\"><img decoding=\"async\" class=\"alignnone wp-image-778\" src=\"https:\/\/www.ergocontech.no\/shop\/wp-content\/uploads\/2018\/05\/last-ned-1-copy-1-e1546625063281-1024x291.jpg\" alt=\"\" width=\"169\" height=\"48\" srcset=\"https:\/\/www.ergocontech.no\/shop\/wp-content\/uploads\/2018\/05\/last-ned-1-copy-1-e1546625063281-1024x291.jpg 1024w, https:\/\/www.ergocontech.no\/shop\/wp-content\/uploads\/2018\/05\/last-ned-1-copy-1-e1546625063281-300x85.jpg 300w, https:\/\/www.ergocontech.no\/shop\/wp-content\/uploads\/2018\/05\/last-ned-1-copy-1-e1546625063281-768x218.jpg 768w, https:\/\/www.ergocontech.no\/shop\/wp-content\/uploads\/2018\/05\/last-ned-1-copy-1-e1546625063281-416x118.jpg 416w, https:\/\/www.ergocontech.no\/shop\/wp-content\/uploads\/2018\/05\/last-ned-1-copy-1-e1546625063281.jpg 1756w\" sizes=\"(max-width: 169px) 100vw, 169px\" \/><\/a><\/p>\n","protected":false},"excerpt":{"rendered":"<p>Sug\/bl\u00e5s Breeze er en avansert USB sug\/bl\u00e5s bryter i en ekstremt kompakt pakke. Den kobles direkte til standard USB-porter p\u00e5 datamaskiner, b\u00e6rbare datamaskiner og kommunikasjonshjelpemiddel og sender 2 ulike tast- mus- eller joystick-kommando. Kommando stilles med dip-brytere p\u00e5 Breeze.<\/p>\n<p><strong style=\"color: blue;\">P\u00e5 fjernlager: Forventet leveringstid 11 dager.<\/strong><\/p>\n","protected":false},"featured_media":8550,"template":"","meta":[],"product_brand":[],"product_cat":[26,53],"product_tag":[],"class_list":{"0":"post-8551","1":"product","2":"type-product","3":"status-publish","4":"has-post-thumbnail","6":"product_cat-bryterbokser","7":"product_cat-sug-blas","9":"first","10":"instock","11":"taxable","12":"shipping-taxable","13":"purchasable","14":"product-type-simple"},"_links":{"self":[{"href":"https:\/\/www.ergocontech.no\/shop\/wp-json\/wp\/v2\/product\/8551","targetHints":{"allow":["GET"]}}],"collection":[{"href":"https:\/\/www.ergocontech.no\/shop\/wp-json\/wp\/v2\/product"}],"about":[{"href":"https:\/\/www.ergocontech.no\/shop\/wp-json\/wp\/v2\/types\/product"}],"wp:featuredmedia":[{"embeddable":true,"href":"https:\/\/www.ergocontech.no\/shop\/wp-json\/wp\/v2\/media\/8550"}],"wp:attachment":[{"href":"https:\/\/www.ergocontech.no\/shop\/wp-json\/wp\/v2\/media?parent=8551"}],"wp:term":[{"taxonomy":"product_brand","embeddable":true,"href":"https:\/\/www.ergocontech.no\/shop\/wp-json\/wp\/v2\/product_brand?post=8551"},{"taxonomy":"product_cat","embeddable":true,"href":"https:\/\/www.ergocontech.no\/shop\/wp-json\/wp\/v2\/product_cat?post=8551"},{"taxonomy":"product_tag","embeddable":true,"href":"https:\/\/www.ergocontech.no\/shop\/wp-json\/wp\/v2\/product_tag?post=8551"}],"curies":[{"name":"wp","href":"https:\/\/api.w.org\/{rel}","templated":true}]}}