{"id":8495,"date":"2020-06-14T08:54:15","date_gmt":"2020-06-14T06:54:15","guid":{"rendered":"https:\/\/www.ergocontech.no\/shop\/?post_type=product&#038;p=8495"},"modified":"2025-01-01T15:35:42","modified_gmt":"2025-01-01T14:35:42","slug":"jelly-bean","status":"publish","type":"product","link":"https:\/\/www.ergocontech.no\/shop\/produkt\/jelly-bean\/","title":{"rendered":"Jelly Bean"},"content":{"rendered":"<p>Jelly Bean-bryteren har en aktiveringsoverflate p\u00e5 6,4 cm som aktiveres med 71 grams kraft. Bryteren gir taktil og auditiv feedback ved aktivering. Big Red-bryteren er et godt valg for personer med synshemming og \/ eller fysiske funksjonshemninger som krever et st\u00f8rre m\u00e5lomr\u00e5de. Inkludert er r\u00f8de, bl\u00e5, gule og gr\u00f8nne utskiftbare brytertopper. Det er mulig \u00e5 feste egne bilder eller symboler under den gjennomsiktige aktiveringsoverflaten.<\/p>\n<p>Tilkobling: 3,5 mm jack plug<br \/>\nKabellengde: 183 cm<\/p>\n<p>Ved montering p\u00e5 monteringsarm passer:<\/p>\n<p><a href=\"https:\/\/www.ergocontech.no\/shop\/produkt\/monteringsplate-n2\/\">Monteringsplate N2,<\/a> Art.nr: 1002520<\/p>\n<p>&nbsp;<\/p>\n<p><a href=\"https:\/\/www.ergocontech.no\/PDF\/single_switch_quick_start_guide.pdf\"><img decoding=\"async\" class=\"alignnone wp-image-778\" src=\"https:\/\/www.ergocontech.no\/shop\/wp-content\/uploads\/2018\/05\/last-ned-1-copy-1-e1546625063281-1024x291.jpg\" alt=\"\" width=\"169\" height=\"48\" srcset=\"https:\/\/www.ergocontech.no\/shop\/wp-content\/uploads\/2018\/05\/last-ned-1-copy-1-e1546625063281-1024x291.jpg 1024w, https:\/\/www.ergocontech.no\/shop\/wp-content\/uploads\/2018\/05\/last-ned-1-copy-1-e1546625063281-300x85.jpg 300w, https:\/\/www.ergocontech.no\/shop\/wp-content\/uploads\/2018\/05\/last-ned-1-copy-1-e1546625063281-768x218.jpg 768w, https:\/\/www.ergocontech.no\/shop\/wp-content\/uploads\/2018\/05\/last-ned-1-copy-1-e1546625063281-416x118.jpg 416w, https:\/\/www.ergocontech.no\/shop\/wp-content\/uploads\/2018\/05\/last-ned-1-copy-1-e1546625063281.jpg 1756w\" sizes=\"(max-width: 169px) 100vw, 169px\" \/><\/a><\/p>\n<p>&nbsp;<\/p>\n","protected":false},"excerpt":{"rendered":"<p>Mellomstor mekanisk bryter. Inkludert er r\u00f8de, bl\u00e5, gule og gr\u00f8nne utskiftbare brytertopper. Det er mulig \u00e5 feste egne bilder eller symboler under den gjennomsiktige aktiveringsoverflaten. Bryteren gir auditiv og taktil tilbakemelding ved aktivering.<br \/>\nNAV art.nr 290920<br \/>\n<strong style=\"color: blue;\">P\u00e5 leverand\u00f8rlager: Forventet leveringstid 11 dager.<\/strong><\/p>\n","protected":false},"featured_media":8501,"template":"","meta":[],"product_brand":[],"product_cat":[57,25,59],"product_tag":[],"class_list":{"0":"post-8495","1":"product","2":"type-product","3":"status-publish","4":"has-post-thumbnail","6":"product_cat-betjening","7":"product_cat-kablede-brytere","8":"product_cat-middelstore-brytere","10":"first","11":"instock","12":"taxable","13":"shipping-taxable","14":"purchasable","15":"product-type-simple"},"_links":{"self":[{"href":"https:\/\/www.ergocontech.no\/shop\/wp-json\/wp\/v2\/product\/8495","targetHints":{"allow":["GET"]}}],"collection":[{"href":"https:\/\/www.ergocontech.no\/shop\/wp-json\/wp\/v2\/product"}],"about":[{"href":"https:\/\/www.ergocontech.no\/shop\/wp-json\/wp\/v2\/types\/product"}],"wp:featuredmedia":[{"embeddable":true,"href":"https:\/\/www.ergocontech.no\/shop\/wp-json\/wp\/v2\/media\/8501"}],"wp:attachment":[{"href":"https:\/\/www.ergocontech.no\/shop\/wp-json\/wp\/v2\/media?parent=8495"}],"wp:term":[{"taxonomy":"product_brand","embeddable":true,"href":"https:\/\/www.ergocontech.no\/shop\/wp-json\/wp\/v2\/product_brand?post=8495"},{"taxonomy":"product_cat","embeddable":true,"href":"https:\/\/www.ergocontech.no\/shop\/wp-json\/wp\/v2\/product_cat?post=8495"},{"taxonomy":"product_tag","embeddable":true,"href":"https:\/\/www.ergocontech.no\/shop\/wp-json\/wp\/v2\/product_tag?post=8495"}],"curies":[{"name":"wp","href":"https:\/\/api.w.org\/{rel}","templated":true}]}}