{"id":8489,"date":"2020-06-14T08:40:04","date_gmt":"2020-06-14T06:40:04","guid":{"rendered":"https:\/\/www.ergocontech.no\/shop\/?post_type=product&#038;p=8489"},"modified":"2025-02-17T12:58:49","modified_gmt":"2025-02-17T11:58:49","slug":"big-red","status":"publish","type":"product","link":"https:\/\/www.ergocontech.no\/shop\/produkt\/big-red\/","title":{"rendered":"Big Red"},"content":{"rendered":"<p>Big Red-bryteren har en stor aktiveringsoverflate p\u00e5 12,7 cm som aktiveres med 156 grams kraft. Bryteren gir taktil og auditiv feedback ved aktivering. Big Red-bryteren er et godt valg for personer med synshemming og \/ eller fysiske funksjonshemninger som krever et st\u00f8rre m\u00e5lomr\u00e5de. Inkludert er r\u00f8de, bl\u00e5, gule og gr\u00f8nne utskiftbare brytertopper. Det er mulig \u00e5 feste egne bilder eller symboler under den gjennomsiktige aktiveringsoverflaten.Tilkobling: 3,5 mm jack plug<br \/>\nKabellengde: 183 cm Ved montering p\u00e5 monteringsarm passer:<br \/>\n<a href=\"https:\/\/www.ergocontech.no\/shop\/produkt\/monteringsplate-n1\/\">Monteringsplate N1<\/a> Art.nr: 1002510<\/p>\n<p><a href=\"https:\/\/www.ergocontech.no\/PDF\/single_switch_quick_start_guide.pdf\"><img decoding=\"async\" class=\"alignnone wp-image-778\" src=\"https:\/\/www.ergocontech.no\/shop\/wp-content\/uploads\/2018\/05\/last-ned-1-copy-1-e1546625063281-1024x291.jpg\" alt=\"\" width=\"169\" height=\"48\" srcset=\"https:\/\/www.ergocontech.no\/shop\/wp-content\/uploads\/2018\/05\/last-ned-1-copy-1-e1546625063281-1024x291.jpg 1024w, https:\/\/www.ergocontech.no\/shop\/wp-content\/uploads\/2018\/05\/last-ned-1-copy-1-e1546625063281-300x85.jpg 300w, https:\/\/www.ergocontech.no\/shop\/wp-content\/uploads\/2018\/05\/last-ned-1-copy-1-e1546625063281-768x218.jpg 768w, https:\/\/www.ergocontech.no\/shop\/wp-content\/uploads\/2018\/05\/last-ned-1-copy-1-e1546625063281-416x118.jpg 416w, https:\/\/www.ergocontech.no\/shop\/wp-content\/uploads\/2018\/05\/last-ned-1-copy-1-e1546625063281.jpg 1756w\" sizes=\"(max-width: 169px) 100vw, 169px\" \/><\/a><\/p>\n<p><strong>Kan ogs\u00e5 bestilles sammen med Monteringsl\u00f8sning<\/strong><\/p>\n<figure class=\"wp-block-table\">\n<table style=\"height: 250px;\" width=\"1340\">\n<tbody>\n<tr>\n<td><a href=\"https:\/\/www.ergocontech.no\/shop\/produkt\/big-red-m-universal-monteringsarm\/\"><img fetchpriority=\"high\" decoding=\"async\" class=\"alignnone wp-image-9731\" src=\"https:\/\/www.ergocontech.no\/shop\/wp-content\/uploads\/2025\/02\/ed10033500UMA-890x1024.jpg\" alt=\"\" width=\"209\" height=\"241\" srcset=\"https:\/\/www.ergocontech.no\/shop\/wp-content\/uploads\/2025\/02\/ed10033500UMA-890x1024.jpg 890w, https:\/\/www.ergocontech.no\/shop\/wp-content\/uploads\/2025\/02\/ed10033500UMA-261x300.jpg 261w, https:\/\/www.ergocontech.no\/shop\/wp-content\/uploads\/2025\/02\/ed10033500UMA-768x883.jpg 768w, https:\/\/www.ergocontech.no\/shop\/wp-content\/uploads\/2025\/02\/ed10033500UMA-1335x1536.jpg 1335w, https:\/\/www.ergocontech.no\/shop\/wp-content\/uploads\/2025\/02\/ed10033500UMA-1781x2048.jpg 1781w, https:\/\/www.ergocontech.no\/shop\/wp-content\/uploads\/2025\/02\/ed10033500UMA-324x373.jpg 324w, https:\/\/www.ergocontech.no\/shop\/wp-content\/uploads\/2025\/02\/ed10033500UMA-416x478.jpg 416w\" sizes=\"(max-width: 209px) 100vw, 209px\" \/>Universal<\/a><\/td>\n<td><a href=\"https:\/\/www.ergocontech.no\/shop\/produkt\/big-red-m-ram-monteringsarm-rails\/\"><img decoding=\"async\" class=\"alignnone wp-image-9744\" src=\"https:\/\/www.ergocontech.no\/shop\/wp-content\/uploads\/2020\/06\/IMG_20210511_192940288-923x1024.jpg\" alt=\"\" width=\"217\" height=\"240\" srcset=\"https:\/\/www.ergocontech.no\/shop\/wp-content\/uploads\/2020\/06\/IMG_20210511_192940288-923x1024.jpg 923w, https:\/\/www.ergocontech.no\/shop\/wp-content\/uploads\/2020\/06\/IMG_20210511_192940288-270x300.jpg 270w, https:\/\/www.ergocontech.no\/shop\/wp-content\/uploads\/2020\/06\/IMG_20210511_192940288-768x852.jpg 768w, https:\/\/www.ergocontech.no\/shop\/wp-content\/uploads\/2020\/06\/IMG_20210511_192940288-1384x1536.jpg 1384w, https:\/\/www.ergocontech.no\/shop\/wp-content\/uploads\/2020\/06\/IMG_20210511_192940288-324x360.jpg 324w, https:\/\/www.ergocontech.no\/shop\/wp-content\/uploads\/2020\/06\/IMG_20210511_192940288-416x462.jpg 416w, https:\/\/www.ergocontech.no\/shop\/wp-content\/uploads\/2020\/06\/IMG_20210511_192940288.jpg 1593w\" sizes=\"(max-width: 217px) 100vw, 217px\" \/>Rails<\/a><\/td>\n<td><a href=\"https:\/\/www.ergocontech.no\/shop\/produkt\/big-red-m-ram-monteringsarm-liten-klo\/\"><img loading=\"lazy\" decoding=\"async\" class=\"alignnone wp-image-9740\" src=\"https:\/\/www.ergocontech.no\/shop\/wp-content\/uploads\/2025\/02\/IMG_20210512_120932402-822x1024.jpg\" alt=\"\" width=\"194\" height=\"223\" \/>Liten klo<\/a><\/td>\n<td><a href=\"https:\/\/www.ergocontech.no\/shop\/produkt\/big-red-m-ram-monteringsarm-medium-klo\/\"><img loading=\"lazy\" decoding=\"async\" class=\"alignnone wp-image-9742\" src=\"https:\/\/www.ergocontech.no\/shop\/wp-content\/uploads\/2025\/02\/IMG_20210512_120932402-1-822x1024.jpg\" alt=\"\" width=\"194\" height=\"223\" \/>Medium klo<\/a><\/td>\n<\/tr>\n<\/tbody>\n<\/table>\n<p><span style=\"color: #ffffff;\">10033500<\/span><\/figure>\n","protected":false},"excerpt":{"rendered":"<p>Bryter med stor aktiveringsflate. Inkludert er r\u00f8de, bl\u00e5, gule og gr\u00f8nne utskiftbare brytertopper. Det er mulig \u00e5 feste egne bilder eller symboler under den gjennomsiktige aktiveringsoverflaten. Bryteren gir auditiv og taktil tilbakemelding ved aktivering.<br \/>\nHMS art.nr. 290825<br \/>\n<strong style=\"color: blue;\">P\u00e5 leverand\u00f8rlager: Forventet leveringstid 11 dager.<\/strong><\/p>\n","protected":false},"featured_media":8490,"template":"","meta":[],"product_brand":[],"product_cat":[25,61],"product_tag":[],"class_list":{"0":"post-8489","1":"product","2":"type-product","3":"status-publish","4":"has-post-thumbnail","6":"product_cat-kablede-brytere","7":"product_cat-store-brytere","9":"first","10":"instock","11":"taxable","12":"shipping-taxable","13":"purchasable","14":"product-type-simple"},"_links":{"self":[{"href":"https:\/\/www.ergocontech.no\/shop\/wp-json\/wp\/v2\/product\/8489","targetHints":{"allow":["GET"]}}],"collection":[{"href":"https:\/\/www.ergocontech.no\/shop\/wp-json\/wp\/v2\/product"}],"about":[{"href":"https:\/\/www.ergocontech.no\/shop\/wp-json\/wp\/v2\/types\/product"}],"wp:featuredmedia":[{"embeddable":true,"href":"https:\/\/www.ergocontech.no\/shop\/wp-json\/wp\/v2\/media\/8490"}],"wp:attachment":[{"href":"https:\/\/www.ergocontech.no\/shop\/wp-json\/wp\/v2\/media?parent=8489"}],"wp:term":[{"taxonomy":"product_brand","embeddable":true,"href":"https:\/\/www.ergocontech.no\/shop\/wp-json\/wp\/v2\/product_brand?post=8489"},{"taxonomy":"product_cat","embeddable":true,"href":"https:\/\/www.ergocontech.no\/shop\/wp-json\/wp\/v2\/product_cat?post=8489"},{"taxonomy":"product_tag","embeddable":true,"href":"https:\/\/www.ergocontech.no\/shop\/wp-json\/wp\/v2\/product_tag?post=8489"}],"curies":[{"name":"wp","href":"https:\/\/api.w.org\/{rel}","templated":true}]}}