{"id":811,"date":"2019-05-11T09:03:32","date_gmt":"2019-05-11T07:03:32","guid":{"rendered":"https:\/\/www.ergocontech.no\/shop\/?post_type=product&#038;p=811"},"modified":"2024-11-23T12:32:42","modified_gmt":"2024-11-23T11:32:42","slug":"logitech-extreme-3d-pro","status":"publish","type":"product","link":"https:\/\/www.ergocontech.no\/shop\/produkt\/logitech-extreme-3d-pro\/","title":{"rendered":"Logitech Extreme 3D Pro"},"content":{"rendered":"<table border=\"1\" cellspacing=\"0\" cellpadding=\"5\">\n<tbody>\n<tr>\n<td><strong>HID-enhet<\/strong><\/td>\n<td><strong>Posisjon p\u00e5 Logitech-styrespak ved bruk sammen med XAC<br \/>\n<\/strong><\/td>\n<td><strong>Venstre USB 2.0-port<\/strong><\/td>\n<td><strong>H\u00f8yre USB 2.0-port<\/strong><\/td>\n<\/tr>\n<tr>\n<td>Knapp 1<\/td>\n<td>Utl\u00f8ser fremme p\u00e5 spaken klokken tolv<\/td>\n<td>X1<\/td>\n<td>Visning<\/td>\n<\/tr>\n<tr>\n<td>Knapp 2<\/td>\n<td>Oval knapp der du har h\u00f8yre tommel klokken ni<\/td>\n<td>X2<\/td>\n<td>Meny<\/td>\n<\/tr>\n<tr>\n<td>Knapp 3<\/td>\n<td>Nedre venstre knapp opp\u00e5 spaken klokken sju<\/td>\n<td>Venstre styrespak (venstretrykk)<\/td>\n<td>H\u00f8yre styrespak (h\u00f8yretrykk)<\/td>\n<\/tr>\n<tr>\n<td>Knapp 4<\/td>\n<td>Nedre h\u00f8yre knapp opp\u00e5 spaken klokken fire<\/td>\n<td>Venstre skulderknapp<\/td>\n<td>H\u00f8yre skulderknapp<\/td>\n<\/tr>\n<tr>\n<td>Knapp 5<\/td>\n<td>\u00d8vre venstre knapp opp\u00e5 spaken klokken elleve<\/td>\n<td>A<\/td>\n<td>X<\/td>\n<\/tr>\n<tr>\n<td>Knapp 6<\/td>\n<td>\u00d8vre h\u00f8yre knapp opp\u00e5 spaken klokken ett<\/td>\n<td>B<\/td>\n<td>Y<\/td>\n<\/tr>\n<tr>\n<td>Knapp 7<\/td>\n<td>Fremre h\u00f8yre knapp til venstre p\u00e5 basen<\/td>\n<td>Visning<\/td>\n<td>X1<\/td>\n<\/tr>\n<tr>\n<td>Knapp 8<\/td>\n<td>Fremre venstre knapp til venstre p\u00e5 basen<\/td>\n<td>Meny<\/td>\n<td class=\"\">X2<\/td>\n<\/tr>\n<\/tbody>\n<\/table>\n<h2>Spesifikasjoner<\/h2>\n<div class=\"row\">\n<div class=\"col-xs-12 col-sm-6\">\n<table class=\"table table-hover\">\n<tbody>\n<tr>\n<th colspan=\"2\">Topptekst<\/th>\n<\/tr>\n<tr>\n<td width=\"50%\">Produsent<\/td>\n<td>Logitech<\/td>\n<\/tr>\n<tr>\n<td width=\"50%\">Modell<\/td>\n<td>3D Pro<\/td>\n<\/tr>\n<tr>\n<th colspan=\"2\">Inn-enhet<\/th>\n<\/tr>\n<tr>\n<td width=\"50%\">Produkttype<\/td>\n<td>Joystick<\/td>\n<\/tr>\n<tr>\n<td width=\"50%\">Overf\u00f8ringsteknologi<\/td>\n<td>Kablet<\/td>\n<\/tr>\n<tr>\n<td width=\"50%\">Kontroller<\/td>\n<td>8-veis hattsvitsj, Utl\u00f8sere<\/td>\n<\/tr>\n<tr>\n<td width=\"50%\">Funksjoner<\/td>\n<td>H\u00e5ndtaksrotasjon<\/td>\n<\/tr>\n<tr>\n<td width=\"50%\">Grensesnitt<\/td>\n<td>USB<\/td>\n<\/tr>\n<\/tbody>\n<\/table>\n<\/div>\n<div class=\"col-xs-12 col-sm-6\">\n<table class=\"table table-striped table-hover\">\n<tbody>\n<tr>\n<th colspan=\"2\">Diverse<\/th>\n<\/tr>\n<tr>\n<td width=\"50%\">Farge<\/td>\n<td>S\u00f8lv, Svart<\/td>\n<\/tr>\n<tr>\n<td width=\"50%\">Kompatible spillkonsoller<\/td>\n<td>PC<\/td>\n<\/tr>\n<tr>\n<th colspan=\"2\">Systemkrav<\/th>\n<\/tr>\n<tr>\n<td width=\"50%\">OS p\u00e5krevd<\/td>\n<td>Microsoft Windows Vista \/ 7 \/ 8<\/td>\n<\/tr>\n<\/tbody>\n<\/table>\n<\/div>\n<\/div>\n","protected":false},"excerpt":{"rendered":"<p>Standard Joystick kompatibel med Xbox Adaptive Controller (XAC).<\/p>\n<p>Logitech Extreme 3D Pro er en joystick som forbedrer opplevelsen av luft- og romsimulatorer.<\/p>\n<p>Med et komfortabelt grep, programmerbare knapper, roterbar arm og ergonomisk design med avrundede kanter, blir flyvingen en forn\u00f8yelse.<\/p>\n<div class=\"col-sm-4 verticalInline \">\n<div class=\"product-sellingPoints hidden-xs\">\n<div class=\"product-usps\">\n<ul>\n<li>Roterbar arm<\/li>\n<li>Rettningsknapp med 8 moduser<\/li>\n<li>Gripevennlig design<\/li>\n<li>Programmerbare knapper<\/li>\n<li>Stabil fot<\/li>\n<\/ul>\n<\/div>\n<\/div>\n<\/div>\n<p>&nbsp;<\/p>\n","protected":false},"featured_media":812,"template":"","meta":[],"product_brand":[],"product_cat":[32,80,42,82,81],"product_tag":[],"class_list":{"0":"post-811","1":"product","2":"type-product","3":"status-publish","4":"has-post-thumbnail","6":"product_cat-gaming","7":"product_cat-joystick","8":"product_cat-mus","9":"product_cat-pc","10":"product_cat-xbox","12":"first","13":"instock","14":"taxable","15":"shipping-taxable","16":"purchasable","17":"product-type-simple"},"_links":{"self":[{"href":"https:\/\/www.ergocontech.no\/shop\/wp-json\/wp\/v2\/product\/811","targetHints":{"allow":["GET"]}}],"collection":[{"href":"https:\/\/www.ergocontech.no\/shop\/wp-json\/wp\/v2\/product"}],"about":[{"href":"https:\/\/www.ergocontech.no\/shop\/wp-json\/wp\/v2\/types\/product"}],"wp:featuredmedia":[{"embeddable":true,"href":"https:\/\/www.ergocontech.no\/shop\/wp-json\/wp\/v2\/media\/812"}],"wp:attachment":[{"href":"https:\/\/www.ergocontech.no\/shop\/wp-json\/wp\/v2\/media?parent=811"}],"wp:term":[{"taxonomy":"product_brand","embeddable":true,"href":"https:\/\/www.ergocontech.no\/shop\/wp-json\/wp\/v2\/product_brand?post=811"},{"taxonomy":"product_cat","embeddable":true,"href":"https:\/\/www.ergocontech.no\/shop\/wp-json\/wp\/v2\/product_cat?post=811"},{"taxonomy":"product_tag","embeddable":true,"href":"https:\/\/www.ergocontech.no\/shop\/wp-json\/wp\/v2\/product_tag?post=811"}],"curies":[{"name":"wp","href":"https:\/\/api.w.org\/{rel}","templated":true}]}}