{"id":6936,"date":"2020-03-15T19:54:10","date_gmt":"2020-03-15T18:54:10","guid":{"rendered":"https:\/\/www.ergocontech.no\/shop\/?post_type=product&#038;p=6936"},"modified":"2025-02-15T20:35:53","modified_gmt":"2025-02-15T19:35:53","slug":"monteringsarm-optima","status":"publish","type":"product","link":"https:\/\/www.ergocontech.no\/shop\/produkt\/monteringsarm-optima\/","title":{"rendered":"Monteringsarm Optima"},"content":{"rendered":"<p>Monteringsarm for Optima Game, Blueline og Quester. Produktet inneholder RAM\u00ae Tough-Claw \u2122 og ulike deler som gj\u00f8r det mulig \u00e5 feste monteringsl\u00f8sningen mange steder og i mange posisjoner for best mulig tilrettelegging.<br \/>\nDet er mulig \u00e5 bytte posisjon p\u00e5 de ulike segmentene i l\u00f8sningen. Det er ogs\u00e5 mulig \u00e5 komplettere med andre deler fra RAM med 1 tommers balldiameter.<\/p>\n<p>Optima Game er ikke inkludert.<br \/>\nTotal lengde 70 cm.<\/p>\n<p>Gripevne runde r\u00f8r 25 &#8211; 42 mm.<\/p>\n<p>Gripevne flater 0 &#8211; 42 mm.<\/p>\n","protected":false},"excerpt":{"rendered":"<p>Monteringsarm for Optima Game. Produktet inneholder RAM\u00ae Tough-Claw \u2122 og ulike deler som gj\u00f8r det mulig \u00e5 feste monteringsl\u00f8sningen mange steder og i mange posisjoner for best mulig tilrettelegging.<br \/>\n<strong style=\"color: blue;\">Bestillingsvare: Forventet leveringstid 9 dager.<\/strong><\/p>\n","protected":false},"featured_media":6937,"template":"","meta":[],"product_brand":[],"product_cat":[32,22,85,28,42,84,82,33,81],"product_tag":[],"class_list":{"0":"post-6936","1":"product","2":"type-product","3":"status-publish","4":"has-post-thumbnail","6":"product_cat-gaming","7":"product_cat-montering","8":"product_cat-montering-gaming","9":"product_cat-monteringsarmer","10":"product_cat-mus","11":"product_cat-nintendoswitch","12":"product_cat-pc","13":"product_cat-ram","14":"product_cat-xbox","16":"first","17":"instock","18":"taxable","19":"shipping-taxable","20":"purchasable","21":"product-type-simple"},"_links":{"self":[{"href":"https:\/\/www.ergocontech.no\/shop\/wp-json\/wp\/v2\/product\/6936","targetHints":{"allow":["GET"]}}],"collection":[{"href":"https:\/\/www.ergocontech.no\/shop\/wp-json\/wp\/v2\/product"}],"about":[{"href":"https:\/\/www.ergocontech.no\/shop\/wp-json\/wp\/v2\/types\/product"}],"wp:featuredmedia":[{"embeddable":true,"href":"https:\/\/www.ergocontech.no\/shop\/wp-json\/wp\/v2\/media\/6937"}],"wp:attachment":[{"href":"https:\/\/www.ergocontech.no\/shop\/wp-json\/wp\/v2\/media?parent=6936"}],"wp:term":[{"taxonomy":"product_brand","embeddable":true,"href":"https:\/\/www.ergocontech.no\/shop\/wp-json\/wp\/v2\/product_brand?post=6936"},{"taxonomy":"product_cat","embeddable":true,"href":"https:\/\/www.ergocontech.no\/shop\/wp-json\/wp\/v2\/product_cat?post=6936"},{"taxonomy":"product_tag","embeddable":true,"href":"https:\/\/www.ergocontech.no\/shop\/wp-json\/wp\/v2\/product_tag?post=6936"}],"curies":[{"name":"wp","href":"https:\/\/api.w.org\/{rel}","templated":true}]}}