{"id":610,"date":"2018-10-29T22:15:55","date_gmt":"2018-10-29T21:15:55","guid":{"rendered":"https:\/\/www.ergocontech.no\/shop\/?post_type=product&#038;p=610"},"modified":"2021-10-30T19:16:56","modified_gmt":"2021-10-30T17:16:56","slug":"inclusive-eye-gaze-learning-curve","status":"publish","type":"product","link":"https:\/\/www.ergocontech.no\/shop\/produkt\/inclusive-eye-gaze-learning-curve\/","title":{"rendered":"Inclusive Eye Gaze Learning Curve"},"content":{"rendered":"<div style=\"width: 640px;\" class=\"wp-video\"><video class=\"wp-video-shortcode\" id=\"video-610-1\" width=\"640\" height=\"360\" preload=\"metadata\" controls=\"controls\"><source type=\"video\/mp4\" src=\"https:\/\/www.ergocontech.no\/video\/Learning%20Curve.mp4?_=1\" \/><a href=\"https:\/\/www.ergocontech.no\/video\/Learning%20Curve.mp4\">https:\/\/www.ergocontech.no\/video\/Learning%20Curve.mp4<\/a><\/video><\/div>\n<p>&nbsp;<\/p>\n<p>Nedlastbar versjon med aktiveringskode<\/p>\n<p>1 bruker PC Art.nr:7605 NAV Art.nr:291170<\/p>\n<p>1 bruker PC (fysisk eksemplar) Art.nr:7605B (NAV Art.nr:215827)<\/p>\n<p>5 brukere PC Art.nr:7606<\/p>\n<p>5 brukere PC (fysisk eksemplar) Art.nr:7606B (NAV Art.nr:234042)<\/p>\n","protected":false},"excerpt":{"rendered":"<p>I Inclusive Eye Gaze Learning Curve inng\u00e5r titlene: <i>Attention and Looking Exploring and Playing, Choosing and Learning.<\/i> Learning Curve er utviklet for \u00e5 gi best mulig l\u00e6ring i bruk av \u00f8yestyring. Dette for \u00e5 p\u00e5 sikt bli god i \u00e5 bruke \u00f8yestyring ved kommunikasjon.<\/p>\n","protected":false},"featured_media":612,"template":"","meta":[],"product_brand":[],"product_cat":[39,30],"product_tag":[],"class_list":{"0":"post-610","1":"product","2":"type-product","3":"status-publish","4":"has-post-thumbnail","6":"product_cat-oyestyring","7":"product_cat-programvare","9":"first","10":"instock","11":"taxable","12":"shipping-taxable","13":"product-type-grouped"},"_links":{"self":[{"href":"https:\/\/www.ergocontech.no\/shop\/wp-json\/wp\/v2\/product\/610","targetHints":{"allow":["GET"]}}],"collection":[{"href":"https:\/\/www.ergocontech.no\/shop\/wp-json\/wp\/v2\/product"}],"about":[{"href":"https:\/\/www.ergocontech.no\/shop\/wp-json\/wp\/v2\/types\/product"}],"wp:featuredmedia":[{"embeddable":true,"href":"https:\/\/www.ergocontech.no\/shop\/wp-json\/wp\/v2\/media\/612"}],"wp:attachment":[{"href":"https:\/\/www.ergocontech.no\/shop\/wp-json\/wp\/v2\/media?parent=610"}],"wp:term":[{"taxonomy":"product_brand","embeddable":true,"href":"https:\/\/www.ergocontech.no\/shop\/wp-json\/wp\/v2\/product_brand?post=610"},{"taxonomy":"product_cat","embeddable":true,"href":"https:\/\/www.ergocontech.no\/shop\/wp-json\/wp\/v2\/product_cat?post=610"},{"taxonomy":"product_tag","embeddable":true,"href":"https:\/\/www.ergocontech.no\/shop\/wp-json\/wp\/v2\/product_tag?post=610"}],"curies":[{"name":"wp","href":"https:\/\/api.w.org\/{rel}","templated":true}]}}