{"id":608,"date":"2018-10-29T21:58:37","date_gmt":"2018-10-29T20:58:37","guid":{"rendered":"https:\/\/www.ergocontech.no\/shop\/?post_type=product&#038;p=608"},"modified":"2022-10-28T14:13:17","modified_gmt":"2022-10-28T12:13:17","slug":"inclusive-eye-gaze-choosing-and-learning","status":"publish","type":"product","link":"https:\/\/www.ergocontech.no\/shop\/produkt\/inclusive-eye-gaze-choosing-and-learning\/","title":{"rendered":"Inclusive Eye Gaze Choosing and Learning"},"content":{"rendered":"<p>&nbsp;<\/p>\n<p><div style=\"width: 640px;\" class=\"wp-video\"><video class=\"wp-video-shortcode\" id=\"video-608-1\" width=\"640\" height=\"360\" preload=\"metadata\" controls=\"controls\"><source type=\"video\/mp4\" src=\"https:\/\/www.ergocontech.no\/video\/Choosing%20and%20learning.mp4?_=1\" \/><a href=\"https:\/\/www.ergocontech.no\/video\/Choosing%20and%20learning.mp4\">https:\/\/www.ergocontech.no\/video\/Choosing%20and%20learning.mp4<\/a><\/video><\/div><br \/>\n&nbsp;<br \/>\n<a href=\"https:\/\/www.ergocontech.no\/PDF\/choosing-and-learning-guidebook.pdf\"><img decoding=\"async\" class=\"alignnone wp-image-778\" src=\"https:\/\/www.ergocontech.no\/shop\/wp-content\/uploads\/2018\/05\/last-ned-1-copy-1-e1546625063281-1024x291.jpg\" alt=\"\" width=\"169\" height=\"48\" srcset=\"https:\/\/www.ergocontech.no\/shop\/wp-content\/uploads\/2018\/05\/last-ned-1-copy-1-e1546625063281-1024x291.jpg 1024w, https:\/\/www.ergocontech.no\/shop\/wp-content\/uploads\/2018\/05\/last-ned-1-copy-1-e1546625063281-300x85.jpg 300w, https:\/\/www.ergocontech.no\/shop\/wp-content\/uploads\/2018\/05\/last-ned-1-copy-1-e1546625063281-768x218.jpg 768w, https:\/\/www.ergocontech.no\/shop\/wp-content\/uploads\/2018\/05\/last-ned-1-copy-1-e1546625063281-416x118.jpg 416w, https:\/\/www.ergocontech.no\/shop\/wp-content\/uploads\/2018\/05\/last-ned-1-copy-1-e1546625063281.jpg 1756w\" sizes=\"(max-width: 169px) 100vw, 169px\" \/><\/a><\/p>\n<p>Nedlastbar versjon med aktiveringskode<\/p>\n<p>1 bruker PC Art.nr:7599 NAV Art.nr:291168<\/p>\n<p>5 brukere PC Art.nr:7600<\/p>\n<p>5 brukere PC (fysisk eksemplar) Art.nr:7600B (NAV Art.nr:234045)<\/p>\n<p><a href=\"https:\/\/dqlxzhhyajxm9.cloudfront.net\/eyegaze-choosing-and-learning\/setup.msi\"><img decoding=\"async\" src=\"https:\/\/www.ergocontech.no\/img\/choosing and learning download.jpg\" alt=\"logo\" width=\"800\" \/><\/a><\/p>\n","protected":false},"excerpt":{"rendered":"<p>Programvare for valg, utforsking, tidlig kommunikasjon og l\u00e6ring. Programmet er laget for \u00e5 forberede brukere av \u00f8yestyring for videre kommunikasjon og l\u00e6ring samt valgaktiviteter og omgivelseskontroll. Siste program i Learning Curve serien med flere og mer komplekse aktiviteter. Blikkanalyse tilgjengelig etter hver aktivitet.<\/p>\n","protected":false},"featured_media":609,"template":"","meta":[],"product_brand":[],"product_cat":[39,30],"product_tag":[],"class_list":{"0":"post-608","1":"product","2":"type-product","3":"status-publish","4":"has-post-thumbnail","6":"product_cat-oyestyring","7":"product_cat-programvare","9":"first","10":"instock","11":"taxable","12":"shipping-taxable","13":"product-type-grouped"},"_links":{"self":[{"href":"https:\/\/www.ergocontech.no\/shop\/wp-json\/wp\/v2\/product\/608","targetHints":{"allow":["GET"]}}],"collection":[{"href":"https:\/\/www.ergocontech.no\/shop\/wp-json\/wp\/v2\/product"}],"about":[{"href":"https:\/\/www.ergocontech.no\/shop\/wp-json\/wp\/v2\/types\/product"}],"wp:featuredmedia":[{"embeddable":true,"href":"https:\/\/www.ergocontech.no\/shop\/wp-json\/wp\/v2\/media\/609"}],"wp:attachment":[{"href":"https:\/\/www.ergocontech.no\/shop\/wp-json\/wp\/v2\/media?parent=608"}],"wp:term":[{"taxonomy":"product_brand","embeddable":true,"href":"https:\/\/www.ergocontech.no\/shop\/wp-json\/wp\/v2\/product_brand?post=608"},{"taxonomy":"product_cat","embeddable":true,"href":"https:\/\/www.ergocontech.no\/shop\/wp-json\/wp\/v2\/product_cat?post=608"},{"taxonomy":"product_tag","embeddable":true,"href":"https:\/\/www.ergocontech.no\/shop\/wp-json\/wp\/v2\/product_tag?post=608"}],"curies":[{"name":"wp","href":"https:\/\/api.w.org\/{rel}","templated":true}]}}