{"id":604,"date":"2018-10-29T21:50:12","date_gmt":"2018-10-29T20:50:12","guid":{"rendered":"https:\/\/www.ergocontech.no\/shop\/?post_type=product&#038;p=604"},"modified":"2022-11-02T18:37:09","modified_gmt":"2022-11-02T17:37:09","slug":"inclusive-eye-gaze-attention-and-looking","status":"publish","type":"product","link":"https:\/\/www.ergocontech.no\/shop\/produkt\/inclusive-eye-gaze-attention-and-looking\/","title":{"rendered":"Inclusive Eye Gaze Attention and Looking"},"content":{"rendered":"<p>&nbsp;<\/p>\n<div style=\"width: 640px;\" class=\"wp-video\"><video class=\"wp-video-shortcode\" id=\"video-604-1\" width=\"640\" height=\"360\" preload=\"metadata\" controls=\"controls\"><source type=\"video\/mp4\" src=\"https:\/\/www.ergocontech.no\/video\/Attention%20and%20looking.mp4?_=1\" \/><a href=\"https:\/\/www.ergocontech.no\/video\/Attention%20and%20looking.mp4\">https:\/\/www.ergocontech.no\/video\/Attention%20and%20looking.mp4<\/a><\/video><\/div>\n<p><a href=\"https:\/\/www.ergocontech.no\/PDF\/attention-and-looking-guidebook.pdf\"><img decoding=\"async\" class=\"alignnone wp-image-778\" src=\"https:\/\/www.ergocontech.no\/shop\/wp-content\/uploads\/2018\/05\/last-ned-1-copy-1-e1546625063281-1024x291.jpg\" alt=\"\" width=\"169\" height=\"48\" srcset=\"https:\/\/www.ergocontech.no\/shop\/wp-content\/uploads\/2018\/05\/last-ned-1-copy-1-e1546625063281-1024x291.jpg 1024w, https:\/\/www.ergocontech.no\/shop\/wp-content\/uploads\/2018\/05\/last-ned-1-copy-1-e1546625063281-300x85.jpg 300w, https:\/\/www.ergocontech.no\/shop\/wp-content\/uploads\/2018\/05\/last-ned-1-copy-1-e1546625063281-768x218.jpg 768w, https:\/\/www.ergocontech.no\/shop\/wp-content\/uploads\/2018\/05\/last-ned-1-copy-1-e1546625063281-416x118.jpg 416w, https:\/\/www.ergocontech.no\/shop\/wp-content\/uploads\/2018\/05\/last-ned-1-copy-1-e1546625063281.jpg 1756w\" sizes=\"(max-width: 169px) 100vw, 169px\" \/><\/a><\/p>\n<p>Nedlastbar versjon med aktiveringskode<\/p>\n<p>1 bruker PC Art.nr:7466 NAV Art.nr:291169<\/p>\n<p>5 brukere PC Art.nr:7467<\/p>\n<p>5 brukere PC (fysisk eksemplar) Art.nr:7467B (NAV Art.nr:234043)<\/p>\n<p><a href=\"https:\/\/dqlxzhhyajxm9.cloudfront.net\/eyegaze-attention-and-looking\/setup.msi\"><img decoding=\"async\" src=\"https:\/\/www.ergocontech.no\/img\/attention and looking download.jpg\" alt=\"logo\" width=\"800\" \/><\/a><\/p>\n","protected":false},"excerpt":{"rendered":"<p>18 aktiviteter designet for \u00e5 vurdere og l\u00e6re oppmerksomhet og se ferdigheter. Programvare for \u00e5 kartlegge hvordan blikket brukes, og hvilke muligheter og utviklingspotensiale bruker har. Blikkanalyse tilgjengelig etter hver aktivitet, som gir indikasjon p\u00e5 brukers bildetolking og \u00f8yemotorikk.<\/p>\n","protected":false},"featured_media":605,"template":"","meta":[],"product_brand":[],"product_cat":[39,30],"product_tag":[],"class_list":{"0":"post-604","1":"product","2":"type-product","3":"status-publish","4":"has-post-thumbnail","6":"product_cat-oyestyring","7":"product_cat-programvare","9":"first","10":"instock","11":"taxable","12":"shipping-taxable","13":"product-type-grouped"},"_links":{"self":[{"href":"https:\/\/www.ergocontech.no\/shop\/wp-json\/wp\/v2\/product\/604","targetHints":{"allow":["GET"]}}],"collection":[{"href":"https:\/\/www.ergocontech.no\/shop\/wp-json\/wp\/v2\/product"}],"about":[{"href":"https:\/\/www.ergocontech.no\/shop\/wp-json\/wp\/v2\/types\/product"}],"wp:featuredmedia":[{"embeddable":true,"href":"https:\/\/www.ergocontech.no\/shop\/wp-json\/wp\/v2\/media\/605"}],"wp:attachment":[{"href":"https:\/\/www.ergocontech.no\/shop\/wp-json\/wp\/v2\/media?parent=604"}],"wp:term":[{"taxonomy":"product_brand","embeddable":true,"href":"https:\/\/www.ergocontech.no\/shop\/wp-json\/wp\/v2\/product_brand?post=604"},{"taxonomy":"product_cat","embeddable":true,"href":"https:\/\/www.ergocontech.no\/shop\/wp-json\/wp\/v2\/product_cat?post=604"},{"taxonomy":"product_tag","embeddable":true,"href":"https:\/\/www.ergocontech.no\/shop\/wp-json\/wp\/v2\/product_tag?post=604"}],"curies":[{"name":"wp","href":"https:\/\/api.w.org\/{rel}","templated":true}]}}