{"id":539,"date":"2018-10-20T21:48:45","date_gmt":"2018-10-20T19:48:45","guid":{"rendered":"https:\/\/www.ergocontech.no\/shop\/?post_type=product&#038;p=539"},"modified":"2025-02-15T20:03:10","modified_gmt":"2025-02-15T19:03:10","slug":"ram-c-ball-skjotestykke-15-cm","status":"publish","type":"product","link":"https:\/\/www.ergocontech.no\/shop\/produkt\/ram-c-ball-skjotestykke-15-cm\/","title":{"rendered":"RAM C-ball skj\u00f8testykke 15 cm"},"content":{"rendered":"<p>C-ball skj\u00f8testykke 15 cm til RAM monteringsl\u00f8sninger med 1,5&#8243; balldiameter.<\/p>\n<p>Mulig \u00e5 bruke sammen med monteringl\u00f8sninger fra RAM for \u00e5 \u00f8ke lengde og funksjon.<\/p>\n","protected":false},"excerpt":{"rendered":"<p>C-ball skj\u00f8testykke 15 cm til RAM monteringsl\u00f8sninger med 1,5&#8243; balldiameter<\/p>\n","protected":false},"featured_media":540,"template":"","meta":[],"product_brand":[],"product_cat":[49,32,33],"product_tag":[],"class_list":{"0":"post-539","1":"product","2":"type-product","3":"status-publish","4":"has-post-thumbnail","6":"product_cat-deler-c-kule","7":"product_cat-gaming","8":"product_cat-ram","10":"first","11":"instock","12":"taxable","13":"shipping-taxable","14":"purchasable","15":"product-type-simple"},"_links":{"self":[{"href":"https:\/\/www.ergocontech.no\/shop\/wp-json\/wp\/v2\/product\/539","targetHints":{"allow":["GET"]}}],"collection":[{"href":"https:\/\/www.ergocontech.no\/shop\/wp-json\/wp\/v2\/product"}],"about":[{"href":"https:\/\/www.ergocontech.no\/shop\/wp-json\/wp\/v2\/types\/product"}],"wp:featuredmedia":[{"embeddable":true,"href":"https:\/\/www.ergocontech.no\/shop\/wp-json\/wp\/v2\/media\/540"}],"wp:attachment":[{"href":"https:\/\/www.ergocontech.no\/shop\/wp-json\/wp\/v2\/media?parent=539"}],"wp:term":[{"taxonomy":"product_brand","embeddable":true,"href":"https:\/\/www.ergocontech.no\/shop\/wp-json\/wp\/v2\/product_brand?post=539"},{"taxonomy":"product_cat","embeddable":true,"href":"https:\/\/www.ergocontech.no\/shop\/wp-json\/wp\/v2\/product_cat?post=539"},{"taxonomy":"product_tag","embeddable":true,"href":"https:\/\/www.ergocontech.no\/shop\/wp-json\/wp\/v2\/product_tag?post=539"}],"curies":[{"name":"wp","href":"https:\/\/api.w.org\/{rel}","templated":true}]}}