{"id":5309,"date":"2020-01-02T19:17:21","date_gmt":"2020-01-02T18:17:21","guid":{"rendered":"https:\/\/www.ergocontech.no\/shop\/?post_type=product&#038;p=5309"},"modified":"2025-02-09T13:54:23","modified_gmt":"2025-02-09T12:54:23","slug":"ram-x-grip-monteringsarm-mobiltelefon","status":"publish","type":"product","link":"https:\/\/www.ergocontech.no\/shop\/produkt\/ram-x-grip-monteringsarm-mobiltelefon\/","title":{"rendered":"Monteringsarm mobiltelefon med X-Grip\u00ae"},"content":{"rendered":"<div id=\"Specs-Features\" class=\"specs-features\">\n<div class=\"container\">\n<div class=\"specs\">\n<div id=\"part-spec-details\">\n<h5 id=\"dimensions\" class=\"listheader\">Cradle Dimensions:<\/h5>\n<ul>\n<li>Minimum bredde = 47mm (Minimum H\u00f8yde = 107mm)<\/li>\n<li>Max bredde = 82mm (Minimum H\u00f8yde = 57mm<\/li>\n<li>Dybde = 22mm<\/li>\n<\/ul>\n<div id=\"comments\"><img decoding=\"async\" class=\"part-gif\" src=\"https:\/\/www.rammount.com\/images\/gif\/un7_compatibility.gif\" alt=\"un7 animation\" \/><\/div>\n<p>&nbsp;<\/p>\n<ul>\n<li><span class=\"listheader\">Material:<\/span>Powder Coated Marine Grade Aluminum<\/li>\n<li><span class=\"listheader\">Ball Size:<\/span>B Size 1&#8243; Rubber Ball<\/li>\n<\/ul>\n<\/div>\n<\/div>\n<\/div>\n<\/div>\n","protected":false},"excerpt":{"rendered":"<p>Monteringsarm mobiltelefon<br \/>\nProduktet inneholder RAM\u00ae Tough-Claw \u2122, X-Grip\u00ae og ulike deler som gj\u00f8r det mulig \u00e5 feste en mobiltelefon mange steder og i mange posisjoner for best mulig tilrettelegging. Det er mulig \u00e5 bytte posisjon p\u00e5 de ulike segmentene i l\u00f8sningen.<br \/>\nDet er ogs\u00e5 mulig \u00e5 komplettere med andre deler fra RAM med 1 tommers balldiameter.<br \/>\nTotal lengde 52 cm.<br \/>\nGripevne runde r\u00f8r 25 \u2013 42 mm.<br \/>\nGripevne flater 0 \u2013 42 mm.<br \/>\nKan brukes sammen med RAM monteringsl\u00f8sninger med 1\u2033 B-ball.<\/p>\n","protected":false},"featured_media":5310,"template":"","meta":[],"product_brand":[],"product_cat":[37],"product_tag":[],"class_list":{"0":"post-5309","1":"product","2":"type-product","3":"status-publish","4":"has-post-thumbnail","6":"product_cat-montering-mobiltelefon","8":"first","9":"instock","10":"taxable","11":"shipping-taxable","12":"purchasable","13":"product-type-simple"},"_links":{"self":[{"href":"https:\/\/www.ergocontech.no\/shop\/wp-json\/wp\/v2\/product\/5309","targetHints":{"allow":["GET"]}}],"collection":[{"href":"https:\/\/www.ergocontech.no\/shop\/wp-json\/wp\/v2\/product"}],"about":[{"href":"https:\/\/www.ergocontech.no\/shop\/wp-json\/wp\/v2\/types\/product"}],"wp:featuredmedia":[{"embeddable":true,"href":"https:\/\/www.ergocontech.no\/shop\/wp-json\/wp\/v2\/media\/5310"}],"wp:attachment":[{"href":"https:\/\/www.ergocontech.no\/shop\/wp-json\/wp\/v2\/media?parent=5309"}],"wp:term":[{"taxonomy":"product_brand","embeddable":true,"href":"https:\/\/www.ergocontech.no\/shop\/wp-json\/wp\/v2\/product_brand?post=5309"},{"taxonomy":"product_cat","embeddable":true,"href":"https:\/\/www.ergocontech.no\/shop\/wp-json\/wp\/v2\/product_cat?post=5309"},{"taxonomy":"product_tag","embeddable":true,"href":"https:\/\/www.ergocontech.no\/shop\/wp-json\/wp\/v2\/product_tag?post=5309"}],"curies":[{"name":"wp","href":"https:\/\/api.w.org\/{rel}","templated":true}]}}