{"id":529,"date":"2018-10-20T21:36:10","date_gmt":"2018-10-20T19:36:10","guid":{"rendered":"https:\/\/www.ergocontech.no\/shop\/?post_type=product&#038;p=529"},"modified":"2025-02-15T20:04:59","modified_gmt":"2025-02-15T19:04:59","slug":"ram-c-ball-skjotestykke-30-cm","status":"publish","type":"product","link":"https:\/\/www.ergocontech.no\/shop\/produkt\/ram-c-ball-skjotestykke-30-cm\/","title":{"rendered":"RAM C-ball skj\u00f8testykke 30 cm"},"content":{"rendered":"<p>C-ball skj\u00f8testykke 30 cm til RAM monteringsl\u00f8sninger med 1,5&#8243; balldiameter.<\/p>\n<p>Mulig \u00e5 bruke sammen med monteringl\u00f8sninger fra RAM for \u00e5 \u00f8ke lengde og funksjon.<\/p>\n<div class=\"w3-code notranslate htmlHigh\"><span class=\"tagnamecolor\"><span class=\"tagcolor\">\u00a0<\/span><\/span><\/div>\n<p hidden=\"\">EXTRAM30C<\/p>\n","protected":false},"excerpt":{"rendered":"<p>C-ball skj\u00f8testykke 30 cm til RAM monteringsl\u00f8sninger med 1,5&#8243; balldiameter<\/p>\n","protected":false},"featured_media":530,"template":"","meta":[],"product_brand":[],"product_cat":[49,32,28,33],"product_tag":[],"class_list":{"0":"post-529","1":"product","2":"type-product","3":"status-publish","4":"has-post-thumbnail","6":"product_cat-deler-c-kule","7":"product_cat-gaming","8":"product_cat-monteringsarmer","9":"product_cat-ram","11":"first","12":"instock","13":"taxable","14":"shipping-taxable","15":"purchasable","16":"product-type-simple"},"_links":{"self":[{"href":"https:\/\/www.ergocontech.no\/shop\/wp-json\/wp\/v2\/product\/529","targetHints":{"allow":["GET"]}}],"collection":[{"href":"https:\/\/www.ergocontech.no\/shop\/wp-json\/wp\/v2\/product"}],"about":[{"href":"https:\/\/www.ergocontech.no\/shop\/wp-json\/wp\/v2\/types\/product"}],"wp:featuredmedia":[{"embeddable":true,"href":"https:\/\/www.ergocontech.no\/shop\/wp-json\/wp\/v2\/media\/530"}],"wp:attachment":[{"href":"https:\/\/www.ergocontech.no\/shop\/wp-json\/wp\/v2\/media?parent=529"}],"wp:term":[{"taxonomy":"product_brand","embeddable":true,"href":"https:\/\/www.ergocontech.no\/shop\/wp-json\/wp\/v2\/product_brand?post=529"},{"taxonomy":"product_cat","embeddable":true,"href":"https:\/\/www.ergocontech.no\/shop\/wp-json\/wp\/v2\/product_cat?post=529"},{"taxonomy":"product_tag","embeddable":true,"href":"https:\/\/www.ergocontech.no\/shop\/wp-json\/wp\/v2\/product_tag?post=529"}],"curies":[{"name":"wp","href":"https:\/\/api.w.org\/{rel}","templated":true}]}}