{"id":508,"date":"2018-10-14T12:48:48","date_gmt":"2018-10-14T10:48:48","guid":{"rendered":"https:\/\/www.ergocontech.no\/shop\/?post_type=product&#038;p=508"},"modified":"2025-01-31T08:20:17","modified_gmt":"2025-01-31T07:20:17","slug":"gameboard-med-8-smoothie-til-xac-spillkontroll","status":"publish","type":"product","link":"https:\/\/www.ergocontech.no\/shop\/produkt\/gameboard-med-8-smoothie-til-xac-spillkontroll\/","title":{"rendered":"GameBoard med 8 Smoothie til XAC Spillkontroll"},"content":{"rendered":"<p>Bryterbrett med stor behagelig Borrel\u00e5sflate (Loop) der brytere kan plasseres etter individuelle spillbehov.<br \/>\nLeveres med 2st Smoothie 75 (gr\u00f8nn), 2st Smoothie 75 (gul), 2st Smoothie 75 (bl\u00e5), 2st Smoothie 75 (r\u00f8d).<br \/>\nBrettet har skjulte hull under borrel\u00e5sen. Etter at optimale bryterposisjoner er funnet kan \u00f8nskede hull \u00e5pnes med kniv for gjennomf\u00f8ring av bryterkabel. Bryterkabel kan festes mot omr\u00e5de dekket med borrel\u00e5s (Hook) p\u00e5 brettets underside med medf\u00f8lgende strips. Brettet har \u00e5pning som passer XAC (Xbox Adaptive Controller) medf\u00f8lger ikke.<br \/>\nBrettet kan brukes som underarmst\u00f8tte ved bruk av XAC og\/eller til \u00e5 feste \u00f8nsket antall brytere p\u00e5.<br \/>\nP\u00e5 brytere som skal festes mot brettet, festes borrel\u00e5s (Hook) p\u00e5 bryterens underside.<br \/>\nBorrel\u00e5s til brytere medf\u00f8lger.<\/p>\n<p>M\u00e5l 65 X 39 X 2,5 cm<\/p>\n","protected":false},"excerpt":{"rendered":"<p>Bryterbrett med stor behagelig Borrel\u00e5sflate (Loop) der brytere kan plasseres etter individuelle spillbehov.<br \/>\nLeveres med 2st Smoothie 75 (gr\u00f8nn), 2st Smoothie 75 (gul),2st Smoothie 75 (bl\u00e5), 2st Smoothie 75 (r\u00f8d).<br \/>\nBrettet har \u00e5pning som passer XAC (Xbox Adaptive Controller) medf\u00f8lger ikke.<\/p>\n<p>NAV art.nr. 253240<br \/>\n<strong style=\"color: blue;\">Forventet leveringstid 11 dager.<\/strong><\/p>\n","protected":false},"featured_media":520,"template":"","meta":[],"product_brand":[],"product_cat":[32,25,22,23],"product_tag":[],"class_list":{"0":"post-508","1":"product","2":"type-product","3":"status-publish","4":"has-post-thumbnail","6":"product_cat-gaming","7":"product_cat-kablede-brytere","8":"product_cat-montering","9":"product_cat-montering-brytere","11":"first","12":"instock","13":"taxable","14":"shipping-taxable","15":"purchasable","16":"product-type-simple"},"_links":{"self":[{"href":"https:\/\/www.ergocontech.no\/shop\/wp-json\/wp\/v2\/product\/508","targetHints":{"allow":["GET"]}}],"collection":[{"href":"https:\/\/www.ergocontech.no\/shop\/wp-json\/wp\/v2\/product"}],"about":[{"href":"https:\/\/www.ergocontech.no\/shop\/wp-json\/wp\/v2\/types\/product"}],"wp:featuredmedia":[{"embeddable":true,"href":"https:\/\/www.ergocontech.no\/shop\/wp-json\/wp\/v2\/media\/520"}],"wp:attachment":[{"href":"https:\/\/www.ergocontech.no\/shop\/wp-json\/wp\/v2\/media?parent=508"}],"wp:term":[{"taxonomy":"product_brand","embeddable":true,"href":"https:\/\/www.ergocontech.no\/shop\/wp-json\/wp\/v2\/product_brand?post=508"},{"taxonomy":"product_cat","embeddable":true,"href":"https:\/\/www.ergocontech.no\/shop\/wp-json\/wp\/v2\/product_cat?post=508"},{"taxonomy":"product_tag","embeddable":true,"href":"https:\/\/www.ergocontech.no\/shop\/wp-json\/wp\/v2\/product_tag?post=508"}],"curies":[{"name":"wp","href":"https:\/\/api.w.org\/{rel}","templated":true}]}}