{"id":502,"date":"2018-10-07T19:09:21","date_gmt":"2018-10-07T17:09:21","guid":{"rendered":"https:\/\/www.ergocontech.no\/shop\/?post_type=product&#038;p=502"},"modified":"2025-02-09T13:20:44","modified_gmt":"2025-02-09T12:20:44","slug":"ram-wheelchair-seat-mount-for-xbox-adaptive-controller","status":"publish","type":"product","link":"https:\/\/www.ergocontech.no\/shop\/produkt\/ram-wheelchair-seat-mount-for-xbox-adaptive-controller\/","title":{"rendered":"RAM\u00ae Wheelchair Seat Mount for Xbox Adaptive Controller"},"content":{"rendered":"<p>Fest RAM\u00ae Wheelchair Seat Mount til rullestolen for \u00e5 muliggj\u00f8re bruk av Microsoft Xbox Adaptive Controller. Xbox Adaptive Controller festes direkte til den medf\u00f8lgende RAM\u00ae-diamantbaseadapteren med en 1,5-tommers kule. Kan festes til de fleste rullestoler med rail, inkludert Invacare, Permobil og Quickie.<\/p>\n<p>N\u00e5r du ikke bruker Xbox Adaptive Controller, kan den bytes ut med en kompatibel RAM\u00ae 1,5&#8243; ballbase, for eksempel RAM\u00ae X-Grip\u00ae for telefoner og tabletter. X-Grip medf\u00f8lger ikke, kj\u00f8pes separat.<\/p>\n","protected":false},"excerpt":{"rendered":"<p>Fest RAM\u00ae Wheelchair Seat Mount til rullestolen for \u00e5 muliggj\u00f8re bruk av Microsoft Xbox Adaptive Controller. Xbox Adaptive Controller festes direkte til den medf\u00f8lgende RAM\u00ae-diamantbaseadapteren med en 1,5-tommers kule. Kan festes til de fleste rullestoler med rail, inkludert Invacare, Permobil og Quickie.<\/p>\n<p>NAV art.nr. 253242<\/p>\n<p><strong style=\"color: blue;\">Bestillingsvare: Forventet leveringstid 11 dager.<\/strong><\/p>\n","protected":false},"featured_media":503,"template":"","meta":[],"product_brand":[],"product_cat":[32,85,28,82,33,81],"product_tag":[],"class_list":{"0":"post-502","1":"product","2":"type-product","3":"status-publish","4":"has-post-thumbnail","6":"product_cat-gaming","7":"product_cat-montering-gaming","8":"product_cat-monteringsarmer","9":"product_cat-pc","10":"product_cat-ram","11":"product_cat-xbox","13":"first","14":"instock","15":"taxable","16":"shipping-taxable","17":"purchasable","18":"product-type-simple"},"_links":{"self":[{"href":"https:\/\/www.ergocontech.no\/shop\/wp-json\/wp\/v2\/product\/502","targetHints":{"allow":["GET"]}}],"collection":[{"href":"https:\/\/www.ergocontech.no\/shop\/wp-json\/wp\/v2\/product"}],"about":[{"href":"https:\/\/www.ergocontech.no\/shop\/wp-json\/wp\/v2\/types\/product"}],"wp:featuredmedia":[{"embeddable":true,"href":"https:\/\/www.ergocontech.no\/shop\/wp-json\/wp\/v2\/media\/503"}],"wp:attachment":[{"href":"https:\/\/www.ergocontech.no\/shop\/wp-json\/wp\/v2\/media?parent=502"}],"wp:term":[{"taxonomy":"product_brand","embeddable":true,"href":"https:\/\/www.ergocontech.no\/shop\/wp-json\/wp\/v2\/product_brand?post=502"},{"taxonomy":"product_cat","embeddable":true,"href":"https:\/\/www.ergocontech.no\/shop\/wp-json\/wp\/v2\/product_cat?post=502"},{"taxonomy":"product_tag","embeddable":true,"href":"https:\/\/www.ergocontech.no\/shop\/wp-json\/wp\/v2\/product_tag?post=502"}],"curies":[{"name":"wp","href":"https:\/\/api.w.org\/{rel}","templated":true}]}}