{"id":497,"date":"2018-10-07T18:57:13","date_gmt":"2018-10-07T16:57:13","guid":{"rendered":"https:\/\/www.ergocontech.no\/shop\/?post_type=product&#038;p=497"},"modified":"2025-02-09T13:19:19","modified_gmt":"2025-02-09T12:19:19","slug":"ram-tough-claw-mount-for-xbox-adaptive-controller","status":"publish","type":"product","link":"https:\/\/www.ergocontech.no\/shop\/produkt\/ram-tough-claw-mount-for-xbox-adaptive-controller\/","title":{"rendered":"RAM\u00ae Tough-Claw\u2122 Mount for Xbox Adaptive Controller"},"content":{"rendered":"<p>Fest RAM\u00ae Tough-Claw \u2122 til rullestolen &#8211; samt skinner, barer og flate overflater &#8211; for \u00e5 muliggj\u00f8re bruk av Microsoft Xbox Adaptive Controller. Xbox Adaptive Controller festes direkte til den medf\u00f8lgende RAM\u00ae-diamantbaseadapteren med en 1,5-tommers kule- og dobbelthulls svivelarm. Dette gir en 90-graders helling, slik at du kan vri den adaptive kontrolleren n\u00f8yaktig hvor du trenger den.<\/p>\n","protected":false},"excerpt":{"rendered":"<p>Fest RAM\u00ae Tough-Claw \u2122 til rullestolen &#8211; samt skinner, barer og flate overflater &#8211; for \u00e5 muliggj\u00f8re bruk av Microsoft Xbox Adaptive Controller. Xbox Adaptive Controller festes direkte til den medf\u00f8lgende RAM\u00ae-diamantbaseadapteren med en 1,5-tommers kule- og dobbelthulls svivelarm. Dette gir en 90-graders helling, slik at du kan vri den adaptive kontrolleren n\u00f8yaktig hvor du trenger den.<\/p>\n<p>NAV art.nr. 253241<br \/>\n<strong style=\"color: blue;\">Bestillingsvare: Forventet leveringstid 11 dager.<\/strong><\/p>\n","protected":false},"featured_media":498,"template":"","meta":[],"product_brand":[],"product_cat":[32,85,28,82,33,81],"product_tag":[],"class_list":{"0":"post-497","1":"product","2":"type-product","3":"status-publish","4":"has-post-thumbnail","6":"product_cat-gaming","7":"product_cat-montering-gaming","8":"product_cat-monteringsarmer","9":"product_cat-pc","10":"product_cat-ram","11":"product_cat-xbox","13":"first","14":"instock","15":"taxable","16":"shipping-taxable","17":"purchasable","18":"product-type-simple"},"_links":{"self":[{"href":"https:\/\/www.ergocontech.no\/shop\/wp-json\/wp\/v2\/product\/497","targetHints":{"allow":["GET"]}}],"collection":[{"href":"https:\/\/www.ergocontech.no\/shop\/wp-json\/wp\/v2\/product"}],"about":[{"href":"https:\/\/www.ergocontech.no\/shop\/wp-json\/wp\/v2\/types\/product"}],"wp:featuredmedia":[{"embeddable":true,"href":"https:\/\/www.ergocontech.no\/shop\/wp-json\/wp\/v2\/media\/498"}],"wp:attachment":[{"href":"https:\/\/www.ergocontech.no\/shop\/wp-json\/wp\/v2\/media?parent=497"}],"wp:term":[{"taxonomy":"product_brand","embeddable":true,"href":"https:\/\/www.ergocontech.no\/shop\/wp-json\/wp\/v2\/product_brand?post=497"},{"taxonomy":"product_cat","embeddable":true,"href":"https:\/\/www.ergocontech.no\/shop\/wp-json\/wp\/v2\/product_cat?post=497"},{"taxonomy":"product_tag","embeddable":true,"href":"https:\/\/www.ergocontech.no\/shop\/wp-json\/wp\/v2\/product_tag?post=497"}],"curies":[{"name":"wp","href":"https:\/\/api.w.org\/{rel}","templated":true}]}}