{"id":4427,"date":"2019-11-23T21:57:47","date_gmt":"2019-11-23T20:57:47","guid":{"rendered":"https:\/\/www.ergocontech.no\/shop\/?post_type=product&#038;p=4427"},"modified":"2021-06-13T20:01:48","modified_gmt":"2021-06-13T18:01:48","slug":"kajobryter-myk","status":"publish","type":"product","link":"https:\/\/www.ergocontech.no\/shop\/produkt\/kajobryter-myk\/","title":{"rendered":"KajoBryter myk"},"content":{"rendered":"<table>\n<tbody>\n<tr>\n<td>Aktiveringstrykk<\/td>\n<td>170g<\/td>\n<\/tr>\n<tr>\n<td>Monteringsmuligheter<\/td>\n<td>Borrel\u00e5s og sikkerhetsn\u00e5l<\/td>\n<\/tr>\n<tr>\n<td>Aktiveringsflate<\/td>\n<td>80 mm<\/td>\n<\/tr>\n<tr>\n<td>Auditiv feedback<\/td>\n<td>Ja<\/td>\n<\/tr>\n<tr>\n<td>Taktil feedback<\/td>\n<td>Ja<\/td>\n<\/tr>\n<tr>\n<td>Tilkobling:<\/td>\n<td>3.5mm mono jack<\/td>\n<\/tr>\n<tr>\n<td>Kabel lengde<\/td>\n<td>150cm<\/td>\n<\/tr>\n<\/tbody>\n<\/table>\n","protected":false},"excerpt":{"rendered":"<p>KajoBryter Myk er en myk skumbelagt bryter med en fleksibel kabel. Den har borrel\u00e5sfeste med sikkerhetsn\u00e5l for montering p\u00e5 tekstil og et utskiftbart hudvennlig maskinvaskbart bl\u00e5tt deksel, og har b\u00e5de taktil og auditiv feedback ved aktivering. Ekstra vaskbart deksel til KajoBryter Myk som kan kj\u00f8pes separat.<br \/>\nNAV art.nr. 290956<\/p>\n","protected":false},"featured_media":4424,"template":"","meta":[],"product_brand":[],"product_cat":[25,59],"product_tag":[],"class_list":{"0":"post-4427","1":"product","2":"type-product","3":"status-publish","4":"has-post-thumbnail","6":"product_cat-kablede-brytere","7":"product_cat-middelstore-brytere","9":"first","10":"instock","11":"taxable","12":"shipping-taxable","13":"purchasable","14":"product-type-simple"},"_links":{"self":[{"href":"https:\/\/www.ergocontech.no\/shop\/wp-json\/wp\/v2\/product\/4427","targetHints":{"allow":["GET"]}}],"collection":[{"href":"https:\/\/www.ergocontech.no\/shop\/wp-json\/wp\/v2\/product"}],"about":[{"href":"https:\/\/www.ergocontech.no\/shop\/wp-json\/wp\/v2\/types\/product"}],"wp:featuredmedia":[{"embeddable":true,"href":"https:\/\/www.ergocontech.no\/shop\/wp-json\/wp\/v2\/media\/4424"}],"wp:attachment":[{"href":"https:\/\/www.ergocontech.no\/shop\/wp-json\/wp\/v2\/media?parent=4427"}],"wp:term":[{"taxonomy":"product_brand","embeddable":true,"href":"https:\/\/www.ergocontech.no\/shop\/wp-json\/wp\/v2\/product_brand?post=4427"},{"taxonomy":"product_cat","embeddable":true,"href":"https:\/\/www.ergocontech.no\/shop\/wp-json\/wp\/v2\/product_cat?post=4427"},{"taxonomy":"product_tag","embeddable":true,"href":"https:\/\/www.ergocontech.no\/shop\/wp-json\/wp\/v2\/product_tag?post=4427"}],"curies":[{"name":"wp","href":"https:\/\/api.w.org\/{rel}","templated":true}]}}