{"id":426,"date":"2018-06-10T10:36:17","date_gmt":"2018-06-10T08:36:17","guid":{"rendered":"https:\/\/www.ergocontech.no\/shop\/?post_type=product&#038;p=426"},"modified":"2018-06-10T10:53:11","modified_gmt":"2018-06-10T08:53:11","slug":"velour-50","status":"publish","type":"product","link":"https:\/\/www.ergocontech.no\/shop\/produkt\/velour-50\/","title":{"rendered":"VELOUR 50mm selvheftende"},"content":{"rendered":"<p>Borrel\u00e5sb\u00e5nd selvheftende med l\u00f8kke.<\/p>\n<p>Myk borrel\u00e5s med lav h\u00f8yde og sterkt lim.<\/p>\n<p>VELOUR utgj\u00f8r l\u00f8kkesiden p\u00e5 borrel\u00e5sen og er myk og f\u00f8les som velour-stoff.<\/p>\n<p>Godt alternativ hvis hudkontakt forekommer ved bruk.<\/p>\n<p>Brukes sammen med Ultramate og andre typer kroksystem.<\/p>\n<p>Bredde: 50 mm<\/p>\n<p>Farge: Svart<\/p>\n<p>Lim:PS14<\/p>\n","protected":false},"excerpt":{"rendered":"<p>Borrel\u00e5sb\u00e5nd selvheftende med l\u00f8kke.<\/p>\n<p>Myk borrel\u00e5s med lav h\u00f8yde og sterkt lim.<\/p>\n<p>VELOUR utgj\u00f8r l\u00f8kkesiden p\u00e5 borrel\u00e5sen og er myk og f\u00f8les som velour-stoff.<\/p>\n<p>Godt alternativ hvis hudkontakt forekommer ved bruk.<\/p>\n<p>Brukes sammen med Ultramate og andre typer kroksystem.<\/p>\n<p>&nbsp;<\/p>\n","protected":false},"featured_media":416,"template":"","meta":[],"product_brand":[],"product_cat":[29],"product_tag":[],"class_list":{"0":"post-426","1":"product","2":"type-product","3":"status-publish","4":"has-post-thumbnail","6":"product_cat-borrelas","8":"first","9":"instock","10":"taxable","11":"shipping-taxable","12":"product-type-grouped"},"_links":{"self":[{"href":"https:\/\/www.ergocontech.no\/shop\/wp-json\/wp\/v2\/product\/426","targetHints":{"allow":["GET"]}}],"collection":[{"href":"https:\/\/www.ergocontech.no\/shop\/wp-json\/wp\/v2\/product"}],"about":[{"href":"https:\/\/www.ergocontech.no\/shop\/wp-json\/wp\/v2\/types\/product"}],"wp:featuredmedia":[{"embeddable":true,"href":"https:\/\/www.ergocontech.no\/shop\/wp-json\/wp\/v2\/media\/416"}],"wp:attachment":[{"href":"https:\/\/www.ergocontech.no\/shop\/wp-json\/wp\/v2\/media?parent=426"}],"wp:term":[{"taxonomy":"product_brand","embeddable":true,"href":"https:\/\/www.ergocontech.no\/shop\/wp-json\/wp\/v2\/product_brand?post=426"},{"taxonomy":"product_cat","embeddable":true,"href":"https:\/\/www.ergocontech.no\/shop\/wp-json\/wp\/v2\/product_cat?post=426"},{"taxonomy":"product_tag","embeddable":true,"href":"https:\/\/www.ergocontech.no\/shop\/wp-json\/wp\/v2\/product_tag?post=426"}],"curies":[{"name":"wp","href":"https:\/\/api.w.org\/{rel}","templated":true}]}}