{"id":424,"date":"2018-06-10T10:31:31","date_gmt":"2018-06-10T08:31:31","guid":{"rendered":"https:\/\/www.ergocontech.no\/shop\/?post_type=product&#038;p=424"},"modified":"2018-06-10T10:35:18","modified_gmt":"2018-06-10T08:35:18","slug":"reim-velour-50","status":"publish","type":"product","link":"https:\/\/www.ergocontech.no\/shop\/produkt\/reim-velour-50\/","title":{"rendered":"Reim VELOUR 50"},"content":{"rendered":"<p>Borrel\u00e5sreim l\u00f8kke.<br \/>\nMyk borrel\u00e5s med lav h\u00f8yde.<br \/>\nKan brukes ved fiksering og posisjonering.<br \/>\nVELOUR utgj\u00f8r l\u00f8kkesiden p\u00e5 borrel\u00e5sen og er myk og f\u00f8les som velour-stoff.<br \/>\nGodt alternativ hvis hudkontakt forekommer ved bruk.<br \/>\nBrukes sammen med Ultramate og andre typer kroksystem.<br \/>\nBredde: 50 mm<br \/>\nFarge: Svart<\/p>\n","protected":false},"excerpt":{"rendered":"<p>Borrel\u00e5sreim l\u00f8kke.<\/p>\n<p>Myk borrel\u00e5s med lav h\u00f8yde. Kan brukes ved fiksering og posisjonering.<\/p>\n<p>Godt alternativ hvis hudkontakt forekommer ved bruk.<\/p>\n<p>Brukes sammen med Ultramate og andre typer kroksystem.<\/p>\n<p>Bredde: 50 mm<\/p>\n<p>Farge: Svart<\/p>\n<p>Pris per meter.<\/p>\n","protected":false},"featured_media":419,"template":"","meta":[],"product_brand":[],"product_cat":[29],"product_tag":[],"class_list":{"0":"post-424","1":"product","2":"type-product","3":"status-publish","4":"has-post-thumbnail","6":"product_cat-borrelas","8":"first","9":"instock","10":"taxable","11":"shipping-taxable","12":"purchasable","13":"product-type-simple"},"_links":{"self":[{"href":"https:\/\/www.ergocontech.no\/shop\/wp-json\/wp\/v2\/product\/424","targetHints":{"allow":["GET"]}}],"collection":[{"href":"https:\/\/www.ergocontech.no\/shop\/wp-json\/wp\/v2\/product"}],"about":[{"href":"https:\/\/www.ergocontech.no\/shop\/wp-json\/wp\/v2\/types\/product"}],"wp:featuredmedia":[{"embeddable":true,"href":"https:\/\/www.ergocontech.no\/shop\/wp-json\/wp\/v2\/media\/419"}],"wp:attachment":[{"href":"https:\/\/www.ergocontech.no\/shop\/wp-json\/wp\/v2\/media?parent=424"}],"wp:term":[{"taxonomy":"product_brand","embeddable":true,"href":"https:\/\/www.ergocontech.no\/shop\/wp-json\/wp\/v2\/product_brand?post=424"},{"taxonomy":"product_cat","embeddable":true,"href":"https:\/\/www.ergocontech.no\/shop\/wp-json\/wp\/v2\/product_cat?post=424"},{"taxonomy":"product_tag","embeddable":true,"href":"https:\/\/www.ergocontech.no\/shop\/wp-json\/wp\/v2\/product_tag?post=424"}],"curies":[{"name":"wp","href":"https:\/\/api.w.org\/{rel}","templated":true}]}}