{"id":4194,"date":"2019-11-13T15:09:22","date_gmt":"2019-11-13T14:09:22","guid":{"rendered":"https:\/\/www.ergocontech.no\/shop\/?post_type=product&#038;p=4194"},"modified":"2025-01-06T17:28:34","modified_gmt":"2025-01-06T16:28:34","slug":"big-track-2","status":"publish","type":"product","link":"https:\/\/www.ergocontech.no\/shop\/produkt\/big-track-2\/","title":{"rendered":"Big Track 2"},"content":{"rendered":"<p>Stor styrekule p\u00e5 7,62 cm<br \/>\nTo bryterkontakter for venstre og h\u00f8yre klikk<br \/>\nUlike farger p\u00e5 knapper for h\u00f8yre og venstre klikk<br \/>\nUSB-tilkobling (USB typ A-kontakt kreves)<\/p>\n<p>Dra\/l\u00e5sefunksjonen gj\u00f8r det mulig for en bruker \u00e5 flytte objekter p\u00e5 skjermen uten \u00e5 m\u00e5tte holde museklikk-knappen nede. Hvis du vil aktivere dra-l\u00e5sefunksjonen, plasserer du musepekeren over elementet du vil flytte. N\u00e5r mark\u00f8ren er plassert, dobbelt h\u00f8yreklikker du for \u00e5 l\u00e5se p\u00e5 elementet. N\u00e5r den er l\u00e5st, kan brukeren objektet med styrekulen. N\u00e5r et \u00f8nsket sted er n\u00e5dd, aktiverer du enten h\u00f8yre- eller venstreklikk-knappen \u00e9n gang for \u00e5 frigj\u00f8re objektet.<\/p>\n<p>BIGtrack 2 har mulighet for tilkobling av to brytere med 3,5 mm jack plug. N\u00e5r du kobler inn en bryter p\u00e5 venstre side av BIGtrack 2, aktiveres venstreklikk via bryteren. N\u00e5r du kobler inn en bryter p\u00e5 h\u00f8yre side av BIGtrack 2, kan du h\u00f8yreklikke via bryteren. Bryter er ikke inkludert og selges separat.<\/p>\n<p>BIGtrack 2 er kompatibel med de fleste b\u00e6rbare, stasjon\u00e6re maskiner som kan bruke en standardmus. Det kreves ett USB-type A-stikkontakt.<\/p>\n<p><a href=\"https:\/\/www.ergocontech.no\/PDF\/bigtrack_2_quick_start_guide.pdf\"><img decoding=\"async\" class=\"alignnone wp-image-778\" src=\"https:\/\/www.ergocontech.no\/shop\/wp-content\/uploads\/2018\/05\/last-ned-1-copy-1-e1546625063281-1024x291.jpg\" alt=\"\" width=\"169\" height=\"48\" srcset=\"https:\/\/www.ergocontech.no\/shop\/wp-content\/uploads\/2018\/05\/last-ned-1-copy-1-e1546625063281-1024x291.jpg 1024w, https:\/\/www.ergocontech.no\/shop\/wp-content\/uploads\/2018\/05\/last-ned-1-copy-1-e1546625063281-300x85.jpg 300w, https:\/\/www.ergocontech.no\/shop\/wp-content\/uploads\/2018\/05\/last-ned-1-copy-1-e1546625063281-768x218.jpg 768w, https:\/\/www.ergocontech.no\/shop\/wp-content\/uploads\/2018\/05\/last-ned-1-copy-1-e1546625063281-416x118.jpg 416w, https:\/\/www.ergocontech.no\/shop\/wp-content\/uploads\/2018\/05\/last-ned-1-copy-1-e1546625063281.jpg 1756w\" sizes=\"(max-width: 169px) 100vw, 169px\" \/><\/a><\/p>\n","protected":false},"excerpt":{"rendered":"<p>BIGtrack 2 er en USB-mus med 7,62 cm styrekule. Den solide basen til BIGtrack 2 lar brukeren enkelt flytte og plassere musepekeren p\u00e5 dataskjermen ved bruk av fin- eller grovmotoriske bevegelser av h\u00e5nd, arm eller fot. N\u00e5r musepekeren er plassert, er to store knapper tilgjengelige for venstre- og h\u00f8yreklikk.<br \/>\n<strong style=\"color: blue;\">P\u00e5 leverand\u00f8rlager: Forventet leveringstid 11 dager.<\/strong><\/p>\n","protected":false},"featured_media":4196,"template":"","meta":[],"product_brand":[],"product_cat":[42],"product_tag":[],"class_list":{"0":"post-4194","1":"product","2":"type-product","3":"status-publish","4":"has-post-thumbnail","6":"product_cat-mus","8":"first","9":"instock","10":"taxable","11":"shipping-taxable","12":"purchasable","13":"product-type-simple"},"_links":{"self":[{"href":"https:\/\/www.ergocontech.no\/shop\/wp-json\/wp\/v2\/product\/4194","targetHints":{"allow":["GET"]}}],"collection":[{"href":"https:\/\/www.ergocontech.no\/shop\/wp-json\/wp\/v2\/product"}],"about":[{"href":"https:\/\/www.ergocontech.no\/shop\/wp-json\/wp\/v2\/types\/product"}],"wp:featuredmedia":[{"embeddable":true,"href":"https:\/\/www.ergocontech.no\/shop\/wp-json\/wp\/v2\/media\/4196"}],"wp:attachment":[{"href":"https:\/\/www.ergocontech.no\/shop\/wp-json\/wp\/v2\/media?parent=4194"}],"wp:term":[{"taxonomy":"product_brand","embeddable":true,"href":"https:\/\/www.ergocontech.no\/shop\/wp-json\/wp\/v2\/product_brand?post=4194"},{"taxonomy":"product_cat","embeddable":true,"href":"https:\/\/www.ergocontech.no\/shop\/wp-json\/wp\/v2\/product_cat?post=4194"},{"taxonomy":"product_tag","embeddable":true,"href":"https:\/\/www.ergocontech.no\/shop\/wp-json\/wp\/v2\/product_tag?post=4194"}],"curies":[{"name":"wp","href":"https:\/\/api.w.org\/{rel}","templated":true}]}}