{"id":322,"date":"2018-05-30T13:57:07","date_gmt":"2018-05-30T11:57:07","guid":{"rendered":"https:\/\/www.ergocontech.no\/shop\/?post_type=product&#038;p=322"},"modified":"2026-04-06T19:33:45","modified_gmt":"2026-04-06T17:33:45","slug":"grip-for-smoothie-75-it-switch-75-hkl-easyswitch-hoyre","status":"publish","type":"product","link":"https:\/\/www.ergocontech.no\/shop\/produkt\/grip-for-smoothie-75-it-switch-75-hkl-easyswitch-hoyre\/","title":{"rendered":"Grip for Smoothie 75 \/ it-Switch 75 \/ HKL Easyswitch (H\u00f8yre)"},"content":{"rendered":"<p>Grip en bryterholder montert p\u00e5 en h\u00e5ndskinne. Den brukes til \u00e5 sikre en bryter i en stabil stilling .<\/p>\n<p>Den er laget med tanke p\u00e5 personer som ikke er i stand til \u00e5 bruke brytere med tradisjonelle monteringsl\u00f8sninger . H\u00e5ndskinnen passer de fleste over ni \u00e5r.<\/p>\n<p>Bryterholderen kan monteres i tre forskjellige stillinger. H\u00f8yden av bryter blir deretter forandret.<\/p>\n<p>Bryter kj\u00f8pes separat.<\/p>\n<p>Passer bryterne Smoothie 75 \/ it-Switch 75 \/ Simplyworks 75 \/ HKL Easyswitch<\/p>\n","protected":false},"excerpt":{"rendered":"<p>Grip en Norskprodusert bryterholder montert p\u00e5 en h\u00e5ndskinne.<\/p>\n<p>Den brukes til \u00e5 sikre en eller to brytere i en stabil stilling for god tilrettelegging.<\/p>\n<p>Passer til Smoothie 75 \/ it-Switch 75 \/ Simplyworks 75 \/ HKL Easyswitch.<\/p>\n<p>&nbsp;<\/p>\n","protected":false},"featured_media":300,"template":"","meta":[],"product_brand":[],"product_cat":[23],"product_tag":[],"class_list":{"0":"post-322","1":"product","2":"type-product","3":"status-publish","4":"has-post-thumbnail","6":"product_cat-montering-brytere","8":"first","9":"instock","10":"taxable","11":"shipping-taxable","12":"purchasable","13":"product-type-simple"},"_links":{"self":[{"href":"https:\/\/www.ergocontech.no\/shop\/wp-json\/wp\/v2\/product\/322","targetHints":{"allow":["GET"]}}],"collection":[{"href":"https:\/\/www.ergocontech.no\/shop\/wp-json\/wp\/v2\/product"}],"about":[{"href":"https:\/\/www.ergocontech.no\/shop\/wp-json\/wp\/v2\/types\/product"}],"wp:featuredmedia":[{"embeddable":true,"href":"https:\/\/www.ergocontech.no\/shop\/wp-json\/wp\/v2\/media\/300"}],"wp:attachment":[{"href":"https:\/\/www.ergocontech.no\/shop\/wp-json\/wp\/v2\/media?parent=322"}],"wp:term":[{"taxonomy":"product_brand","embeddable":true,"href":"https:\/\/www.ergocontech.no\/shop\/wp-json\/wp\/v2\/product_brand?post=322"},{"taxonomy":"product_cat","embeddable":true,"href":"https:\/\/www.ergocontech.no\/shop\/wp-json\/wp\/v2\/product_cat?post=322"},{"taxonomy":"product_tag","embeddable":true,"href":"https:\/\/www.ergocontech.no\/shop\/wp-json\/wp\/v2\/product_tag?post=322"}],"curies":[{"name":"wp","href":"https:\/\/api.w.org\/{rel}","templated":true}]}}