{"id":298,"date":"2018-05-30T13:20:24","date_gmt":"2018-05-30T11:20:24","guid":{"rendered":"https:\/\/www.ergocontech.no\/shop\/?post_type=product&#038;p=298"},"modified":"2026-04-06T19:34:12","modified_gmt":"2026-04-06T17:34:12","slug":"grip-for-small-switches-hoyre","status":"publish","type":"product","link":"https:\/\/www.ergocontech.no\/shop\/produkt\/grip-for-small-switches-hoyre\/","title":{"rendered":"Grip for Small switches (h\u00f8yre)"},"content":{"rendered":"<p>Grip en bryterholder montert p\u00e5 en h\u00e5ndskinne. Den brukes til \u00e5 sikre en bryter i en stabil stilling .<\/p>\n<p>Den er laget med tanke p\u00e5 personer som ikke er i stand til \u00e5 bruke brytere med tradisjonelle monteringsl\u00f8sninger . H\u00e5ndskinnen passer de fleste over ni \u00e5r.<\/p>\n<p>Bryterholderen kan monteres i tre forskjellige stillinger. H\u00f8yden av bryter blir deretter forandret.<\/p>\n<p>Bryter kj\u00f8pes separat.<\/p>\n<p><b>Grip for Small switches<\/b><\/p>\n<p>Mulig \u00e5 bruke sammen med f\u00f8lgende brytere:<\/p>\n<p>Access switch medium, Lib Switch, Buddy button, Piko button 50 Specs switch, Cup switch, 1 eller 2 Ultralight switch, 1 eller 2 Microlight switch, 1 eller 2 Mini Cup switch, Mini Touchpad mouse, Piko Button 30, Access switch small, Mini Lib Switch<\/p>\n<p>&nbsp;<\/p>\n<p>&nbsp;<\/p>\n","protected":false},"excerpt":{"rendered":"<p>Grip en Norskprodusert bryterholder montert p\u00e5 en h\u00e5ndskinne.<\/p>\n<p>Den brukes til \u00e5 sikre en eller to brytere i en stabil stilling for god tilrettelegging.<\/p>\n<p>Access switch medium, Lib Switch, Buddy button, Piko button 50 Specs switch, Cup switch, 1 eller 2 Ultralight switch, 1 eller 2 Microlight switch, 1 eller 2 Mini Cup switch, Mini Touchpad mouse, Piko Button 30, Access switch small, Mini Lib Switch<\/p>\n<p>NAV art.nr: 253238<\/p>\n","protected":false},"featured_media":306,"template":"","meta":[],"product_brand":[],"product_cat":[23],"product_tag":[],"class_list":{"0":"post-298","1":"product","2":"type-product","3":"status-publish","4":"has-post-thumbnail","6":"product_cat-montering-brytere","8":"first","9":"instock","10":"taxable","11":"shipping-taxable","12":"purchasable","13":"product-type-simple"},"_links":{"self":[{"href":"https:\/\/www.ergocontech.no\/shop\/wp-json\/wp\/v2\/product\/298","targetHints":{"allow":["GET"]}}],"collection":[{"href":"https:\/\/www.ergocontech.no\/shop\/wp-json\/wp\/v2\/product"}],"about":[{"href":"https:\/\/www.ergocontech.no\/shop\/wp-json\/wp\/v2\/types\/product"}],"wp:featuredmedia":[{"embeddable":true,"href":"https:\/\/www.ergocontech.no\/shop\/wp-json\/wp\/v2\/media\/306"}],"wp:attachment":[{"href":"https:\/\/www.ergocontech.no\/shop\/wp-json\/wp\/v2\/media?parent=298"}],"wp:term":[{"taxonomy":"product_brand","embeddable":true,"href":"https:\/\/www.ergocontech.no\/shop\/wp-json\/wp\/v2\/product_brand?post=298"},{"taxonomy":"product_cat","embeddable":true,"href":"https:\/\/www.ergocontech.no\/shop\/wp-json\/wp\/v2\/product_cat?post=298"},{"taxonomy":"product_tag","embeddable":true,"href":"https:\/\/www.ergocontech.no\/shop\/wp-json\/wp\/v2\/product_tag?post=298"}],"curies":[{"name":"wp","href":"https:\/\/api.w.org\/{rel}","templated":true}]}}