{"id":240,"date":"2018-05-27T19:33:12","date_gmt":"2018-05-27T17:33:12","guid":{"rendered":"https:\/\/www.ergocontech.no\/shop\/?post_type=product&#038;p=240"},"modified":"2023-11-21T20:04:03","modified_gmt":"2023-11-21T19:04:03","slug":"smoothie-75","status":"publish","type":"product","link":"https:\/\/www.ergocontech.no\/shop\/produkt\/smoothie-75\/","title":{"rendered":"Smoothie 75"},"content":{"rendered":"<p>Enkel bryter med 2 meter kabel. Jackplug 3,5 mm<\/p>\n<p>Lavt design 75 mm diameter. Lett ber\u00f8ringstrykk.<\/p>\n<p>Finnes i r\u00f8d, gul, bl\u00e5 og gr\u00f8nn.<\/p>\n<p>Ved montering p\u00e5 monteringsarm passer:<\/p>\n<p><a href=\"https:\/\/www.ergocontech.no\/shop\/produkt\/monteringsplate-til-smoothie-75-it-switch-75-helpkidzlearn-easyswitch\/\">Monteringsplate til Smoothie 75,<\/a> Art.nr: 1001400<\/p>\n<p>Smoothie 75 (r\u00f8d) Art nr. 5813 (HMS Artnr: 290946)<\/p>\n<p>Smoothie 75 (gr\u00f8nn) Art nr. 5814 (HMS Artnr: 290932)<\/p>\n<p>Smoothie 75 (bl\u00e5) Art nr. 5815 (HMS Artnr: 290925)<\/p>\n<p>Smoothie 75 (gul) Art nr. 5816 (HMS Artnr: 290939)<\/p>\n","protected":false},"excerpt":{"rendered":"<p>Enkel bryter med kabel. Jackplug 3,5 mm<\/p>\n<p>Lavt design 75 mm diameter. Lett ber\u00f8ringstrykk.<\/p>\n<p>Finnes i r\u00f8d, gul, bl\u00e5 og gr\u00f8nn.<\/p>\n","protected":false},"featured_media":242,"template":"","meta":[],"product_brand":[],"product_cat":[25],"product_tag":[],"class_list":{"0":"post-240","1":"product","2":"type-product","3":"status-publish","4":"has-post-thumbnail","6":"product_cat-kablede-brytere","8":"first","9":"instock","10":"taxable","11":"shipping-taxable","12":"product-type-grouped"},"_links":{"self":[{"href":"https:\/\/www.ergocontech.no\/shop\/wp-json\/wp\/v2\/product\/240","targetHints":{"allow":["GET"]}}],"collection":[{"href":"https:\/\/www.ergocontech.no\/shop\/wp-json\/wp\/v2\/product"}],"about":[{"href":"https:\/\/www.ergocontech.no\/shop\/wp-json\/wp\/v2\/types\/product"}],"wp:featuredmedia":[{"embeddable":true,"href":"https:\/\/www.ergocontech.no\/shop\/wp-json\/wp\/v2\/media\/242"}],"wp:attachment":[{"href":"https:\/\/www.ergocontech.no\/shop\/wp-json\/wp\/v2\/media?parent=240"}],"wp:term":[{"taxonomy":"product_brand","embeddable":true,"href":"https:\/\/www.ergocontech.no\/shop\/wp-json\/wp\/v2\/product_brand?post=240"},{"taxonomy":"product_cat","embeddable":true,"href":"https:\/\/www.ergocontech.no\/shop\/wp-json\/wp\/v2\/product_cat?post=240"},{"taxonomy":"product_tag","embeddable":true,"href":"https:\/\/www.ergocontech.no\/shop\/wp-json\/wp\/v2\/product_tag?post=240"}],"curies":[{"name":"wp","href":"https:\/\/api.w.org\/{rel}","templated":true}]}}