{"id":235,"date":"2018-05-27T16:36:28","date_gmt":"2018-05-27T14:36:28","guid":{"rendered":"https:\/\/www.ergocontech.no\/shop\/?post_type=product&#038;p=235"},"modified":"2025-01-06T17:36:15","modified_gmt":"2025-01-06T16:36:15","slug":"original-mottaker","status":"publish","type":"product","link":"https:\/\/www.ergocontech.no\/shop\/produkt\/original-mottaker\/","title":{"rendered":"Original mottaker"},"content":{"rendered":"<p>Original mottaker brukes n\u00e5r du trenger tr\u00e5dl\u00f8s mottaker til en av de tr\u00e5d\u00f8se bryterne fra Ablenet.<br \/>\nMottakeren monteres mot batteridrevne leker eller annet utstyr.<\/p>\n<p>Mottaker kan brukes sammen Mini Beamer, Big Beamer eller Jelly Beamer.<\/p>\n<p>Mottakeren kobles videre mot det en \u00f8nsker \u00e5 bryterstyre via 3,5mm jack-plug.<\/p>\n<p>Drives med 2 st AA-batteri.<\/p>\n<p><a href=\"https:\/\/www.ergocontech.no\/PDF\/wireless_receiver_quick_start_guide.pdf\"><img decoding=\"async\" class=\"alignnone wp-image-778\" src=\"https:\/\/www.ergocontech.no\/shop\/wp-content\/uploads\/2018\/05\/last-ned-1-copy-1-e1546625063281-1024x291.jpg\" alt=\"\" width=\"169\" height=\"48\" srcset=\"https:\/\/www.ergocontech.no\/shop\/wp-content\/uploads\/2018\/05\/last-ned-1-copy-1-e1546625063281-1024x291.jpg 1024w, https:\/\/www.ergocontech.no\/shop\/wp-content\/uploads\/2018\/05\/last-ned-1-copy-1-e1546625063281-300x85.jpg 300w, https:\/\/www.ergocontech.no\/shop\/wp-content\/uploads\/2018\/05\/last-ned-1-copy-1-e1546625063281-768x218.jpg 768w, https:\/\/www.ergocontech.no\/shop\/wp-content\/uploads\/2018\/05\/last-ned-1-copy-1-e1546625063281-416x118.jpg 416w, https:\/\/www.ergocontech.no\/shop\/wp-content\/uploads\/2018\/05\/last-ned-1-copy-1-e1546625063281.jpg 1756w\" sizes=\"(max-width: 169px) 100vw, 169px\" \/><\/a><\/p>\n","protected":false},"excerpt":{"rendered":"<p>Original mottaker brukes n\u00e5r du trenger tr\u00e5dl\u00f8s mottaker til en av de tr\u00e5d\u00f8se bryterne fra Ablenet.<br \/>\nMottakeren monteres mot batteridrevne leker eller annet utstyr.<\/p>\n<p>Mottakeren kobles videre mot det en \u00f8nsker \u00e5 bryterstyre via 3,5mm jack-plug.<\/p>\n<p>HMS art.nr. 312710<\/p>\n<p><strong style=\"color: blue;\">P\u00e5 fjernlager: Forventet leveringstid 11 dager.<\/strong><\/p>\n<p>&nbsp;<\/p>\n","protected":false},"featured_media":8508,"template":"","meta":[],"product_brand":[],"product_cat":[24],"product_tag":[],"class_list":{"0":"post-235","1":"product","2":"type-product","3":"status-publish","4":"has-post-thumbnail","6":"product_cat-tradlose-brytere","8":"first","9":"instock","10":"taxable","11":"shipping-taxable","12":"purchasable","13":"product-type-simple"},"_links":{"self":[{"href":"https:\/\/www.ergocontech.no\/shop\/wp-json\/wp\/v2\/product\/235","targetHints":{"allow":["GET"]}}],"collection":[{"href":"https:\/\/www.ergocontech.no\/shop\/wp-json\/wp\/v2\/product"}],"about":[{"href":"https:\/\/www.ergocontech.no\/shop\/wp-json\/wp\/v2\/types\/product"}],"wp:featuredmedia":[{"embeddable":true,"href":"https:\/\/www.ergocontech.no\/shop\/wp-json\/wp\/v2\/media\/8508"}],"wp:attachment":[{"href":"https:\/\/www.ergocontech.no\/shop\/wp-json\/wp\/v2\/media?parent=235"}],"wp:term":[{"taxonomy":"product_brand","embeddable":true,"href":"https:\/\/www.ergocontech.no\/shop\/wp-json\/wp\/v2\/product_brand?post=235"},{"taxonomy":"product_cat","embeddable":true,"href":"https:\/\/www.ergocontech.no\/shop\/wp-json\/wp\/v2\/product_cat?post=235"},{"taxonomy":"product_tag","embeddable":true,"href":"https:\/\/www.ergocontech.no\/shop\/wp-json\/wp\/v2\/product_tag?post=235"}],"curies":[{"name":"wp","href":"https:\/\/api.w.org\/{rel}","templated":true}]}}