{"id":216,"date":"2018-05-27T15:26:25","date_gmt":"2018-05-27T13:26:25","guid":{"rendered":"https:\/\/www.ergocontech.no\/shop\/?post_type=product&#038;p=216"},"modified":"2019-02-03T10:29:18","modified_gmt":"2019-02-03T09:29:18","slug":"iswitch","status":"publish","type":"product","link":"https:\/\/www.ergocontech.no\/shop\/produkt\/iswitch\/","title":{"rendered":"iSwitch"},"content":{"rendered":"<p>Bluetoothbryter for tilkobling til iPad, iPad mini, iPod (3rd generasjon og senere), iPhone (iOS 5.0 og senere)Bluetooth 2.1.<\/p>\n<p>Kan tilkobles og brukes sammen Android enheter og PC. 24 forh\u00e5ndsprogrammerte keyboard og mus-tast kommando.<\/p>\n<p>Mulig \u00e5 tilkoble 2 ekstra brytere til iSwitch via jack-plug. Diameter 75 mm. Internt batteri.<\/p>\n<p>Lades via mini-usb fra USB2-enhet som har str\u00f8m ut med medf\u00f8lgende kabel.<\/p>\n<p>Kan lades via 5 volt mobillader. (medf\u00f8lger ikke)<\/p>\n<p>Finnes i r\u00f8d, gul, bl\u00e5 og gr\u00f8nn.<\/p>\n<p>&nbsp;<\/p>\n<p>iSwitch (gul) Art nr. 6968 (HMS-artnr 213102)<\/p>\n<p>iSwitch (r\u00f8d) Art nr. 6969 (HMS-artnr 213103)<\/p>\n<p>iSwitch (gr\u00f8nn) Art nr. 6970 (HMS-artnr 213104)<\/p>\n<p>iSwitch (bl\u00e5) Art nr. 6971 (HMS-artnr 213105)<\/p>\n<p><a href=\"http:\/\/www.pretorianuk.com\/images\/datasheets\/iSwitch.pdf\"><img decoding=\"async\" class=\"alignnone wp-image-778\" src=\"https:\/\/www.ergocontech.no\/shop\/wp-content\/uploads\/2018\/05\/last-ned-1-copy-1-e1546625063281-1024x291.jpg\" alt=\"\" width=\"169\" height=\"48\" srcset=\"https:\/\/www.ergocontech.no\/shop\/wp-content\/uploads\/2018\/05\/last-ned-1-copy-1-e1546625063281-1024x291.jpg 1024w, https:\/\/www.ergocontech.no\/shop\/wp-content\/uploads\/2018\/05\/last-ned-1-copy-1-e1546625063281-300x85.jpg 300w, https:\/\/www.ergocontech.no\/shop\/wp-content\/uploads\/2018\/05\/last-ned-1-copy-1-e1546625063281-768x218.jpg 768w, https:\/\/www.ergocontech.no\/shop\/wp-content\/uploads\/2018\/05\/last-ned-1-copy-1-e1546625063281-416x118.jpg 416w, https:\/\/www.ergocontech.no\/shop\/wp-content\/uploads\/2018\/05\/last-ned-1-copy-1-e1546625063281.jpg 1756w\" sizes=\"(max-width: 169px) 100vw, 169px\" \/><\/a><\/p>\n","protected":false},"excerpt":{"rendered":"<p>Bluetoothbryter for tilkobling til iPad, iPad mini, iPod (3rd generasjon og senere), iPhone (iOS 5.0 og senere)Bluetooth 2.1.<\/p>\n<p>Kan tilkobles og brukes sammen Android enheter og PC. 24 forh\u00e5ndsprogrammerte keyboard og mus-tast kommando.<\/p>\n<p>&nbsp;<\/p>\n","protected":false},"featured_media":218,"template":"","meta":[],"product_brand":[],"product_cat":[24],"product_tag":[],"class_list":{"0":"post-216","1":"product","2":"type-product","3":"status-publish","4":"has-post-thumbnail","6":"product_cat-tradlose-brytere","8":"first","9":"instock","10":"taxable","11":"shipping-taxable","12":"product-type-grouped"},"_links":{"self":[{"href":"https:\/\/www.ergocontech.no\/shop\/wp-json\/wp\/v2\/product\/216","targetHints":{"allow":["GET"]}}],"collection":[{"href":"https:\/\/www.ergocontech.no\/shop\/wp-json\/wp\/v2\/product"}],"about":[{"href":"https:\/\/www.ergocontech.no\/shop\/wp-json\/wp\/v2\/types\/product"}],"wp:featuredmedia":[{"embeddable":true,"href":"https:\/\/www.ergocontech.no\/shop\/wp-json\/wp\/v2\/media\/218"}],"wp:attachment":[{"href":"https:\/\/www.ergocontech.no\/shop\/wp-json\/wp\/v2\/media?parent=216"}],"wp:term":[{"taxonomy":"product_brand","embeddable":true,"href":"https:\/\/www.ergocontech.no\/shop\/wp-json\/wp\/v2\/product_brand?post=216"},{"taxonomy":"product_cat","embeddable":true,"href":"https:\/\/www.ergocontech.no\/shop\/wp-json\/wp\/v2\/product_cat?post=216"},{"taxonomy":"product_tag","embeddable":true,"href":"https:\/\/www.ergocontech.no\/shop\/wp-json\/wp\/v2\/product_tag?post=216"}],"curies":[{"name":"wp","href":"https:\/\/api.w.org\/{rel}","templated":true}]}}