{"id":196,"date":"2018-05-24T23:13:40","date_gmt":"2018-05-24T21:13:40","guid":{"rendered":"https:\/\/www.ergocontech.no\/shop\/?post_type=product&#038;p=196"},"modified":"2023-11-21T18:57:08","modified_gmt":"2023-11-21T17:57:08","slug":"candy-corn-proximity-switch","status":"publish","type":"product","link":"https:\/\/www.ergocontech.no\/shop\/produkt\/candy-corn-proximity-switch\/","title":{"rendered":"Candy Corn proximity switch"},"content":{"rendered":"<p>Candy Corn proximity switch er en kapasitiv bryter med kabel og 3,5 mm jack plug tilkobling<\/p>\n<p>Bryteren aktiveres n\u00e5r h\u00e5nden kommer i n\u00e6rheten av den, eller 1 cm over den.<\/p>\n<p>Bryteren gir auditiv og visuell tilbakemelding ved aktivering. Drives med CR2032 batteri. (inkludert)<\/p>\n<p>Dimensjoner: Diameter 4.7 cm<\/p>\n<p><a href=\"https:\/\/www.ergocontech.no\/PDF\/little_candy_corn_quick_start_guide.pdf\"><img decoding=\"async\" class=\"alignnone wp-image-778\" src=\"https:\/\/www.ergocontech.no\/shop\/wp-content\/uploads\/2018\/05\/last-ned-1-copy-1-e1546625063281-1024x291.jpg\" alt=\"\" width=\"169\" height=\"48\" srcset=\"https:\/\/www.ergocontech.no\/shop\/wp-content\/uploads\/2018\/05\/last-ned-1-copy-1-e1546625063281-1024x291.jpg 1024w, https:\/\/www.ergocontech.no\/shop\/wp-content\/uploads\/2018\/05\/last-ned-1-copy-1-e1546625063281-300x85.jpg 300w, https:\/\/www.ergocontech.no\/shop\/wp-content\/uploads\/2018\/05\/last-ned-1-copy-1-e1546625063281-768x218.jpg 768w, https:\/\/www.ergocontech.no\/shop\/wp-content\/uploads\/2018\/05\/last-ned-1-copy-1-e1546625063281-416x118.jpg 416w, https:\/\/www.ergocontech.no\/shop\/wp-content\/uploads\/2018\/05\/last-ned-1-copy-1-e1546625063281.jpg 1756w\" sizes=\"(max-width: 169px) 100vw, 169px\" \/><\/a><\/p>\n<p>&nbsp;<\/p>\n<p><span style=\"color: #ffffff;\">10000005<\/span><\/p>\n","protected":false},"excerpt":{"rendered":"<p>UTG\u00c5TT.<\/p>\n<p>Candy Corn proximity switch er en kapasitiv bryter med kabel og 3,5 mm jack plug tilkobling<\/p>\n<p>Bryteren aktiveres n\u00e5r h\u00e5nden kommer i n\u00e6rheten av den, eller 1 cm over den.<\/p>\n<p>Bryteren gir auditiv og visuell tilbakemelding ved aktivering.<br \/>\nHMS art.nr: 290963<\/p>\n","protected":false},"featured_media":197,"template":"","meta":[],"product_brand":[],"product_cat":[25],"product_tag":[],"class_list":{"0":"post-196","1":"product","2":"type-product","3":"status-publish","4":"has-post-thumbnail","6":"product_cat-kablede-brytere","8":"first","9":"outofstock","10":"taxable","11":"shipping-taxable","12":"purchasable","13":"product-type-simple"},"_links":{"self":[{"href":"https:\/\/www.ergocontech.no\/shop\/wp-json\/wp\/v2\/product\/196","targetHints":{"allow":["GET"]}}],"collection":[{"href":"https:\/\/www.ergocontech.no\/shop\/wp-json\/wp\/v2\/product"}],"about":[{"href":"https:\/\/www.ergocontech.no\/shop\/wp-json\/wp\/v2\/types\/product"}],"wp:featuredmedia":[{"embeddable":true,"href":"https:\/\/www.ergocontech.no\/shop\/wp-json\/wp\/v2\/media\/197"}],"wp:attachment":[{"href":"https:\/\/www.ergocontech.no\/shop\/wp-json\/wp\/v2\/media?parent=196"}],"wp:term":[{"taxonomy":"product_brand","embeddable":true,"href":"https:\/\/www.ergocontech.no\/shop\/wp-json\/wp\/v2\/product_brand?post=196"},{"taxonomy":"product_cat","embeddable":true,"href":"https:\/\/www.ergocontech.no\/shop\/wp-json\/wp\/v2\/product_cat?post=196"},{"taxonomy":"product_tag","embeddable":true,"href":"https:\/\/www.ergocontech.no\/shop\/wp-json\/wp\/v2\/product_tag?post=196"}],"curies":[{"name":"wp","href":"https:\/\/api.w.org\/{rel}","templated":true}]}}