{"id":191,"date":"2018-05-24T23:01:15","date_gmt":"2018-05-24T21:01:15","guid":{"rendered":"https:\/\/www.ergocontech.no\/shop\/?post_type=product&#038;p=191"},"modified":"2025-10-21T18:52:14","modified_gmt":"2025-10-21T16:52:14","slug":"big-candy-corn-proximity-switch","status":"publish","type":"product","link":"https:\/\/www.ergocontech.no\/shop\/produkt\/big-candy-corn-proximity-switch\/","title":{"rendered":"Big Candy Corn proximity switch"},"content":{"rendered":"<p>Big Candy Corn proximity switch er en kapasitiv bryter med kabel og 3,5 mm jack plug tilkobling<\/p>\n<p>Bryteren aktiveres n\u00e5r h\u00e5nden kommer i n\u00e6rheten av den, eller 2,5 cm over den.<\/p>\n<p>Bryteren gir auditiv og visuell tilbakemelding ved aktivering<\/p>\n<p>Drives med CR2430 batteri. (inkludert)<\/p>\n<p>Dimensjoner: Max diameter 9 cm<\/p>\n<p><a href=\"https:\/\/www.ergocontech.no\/PDF\/big_candy_corn_quick_start_guide.pdf\"><img decoding=\"async\" class=\"alignnone wp-image-778\" src=\"https:\/\/www.ergocontech.no\/shop\/wp-content\/uploads\/2018\/05\/last-ned-1-copy-1-e1546625063281-1024x291.jpg\" alt=\"\" width=\"169\" height=\"48\" srcset=\"https:\/\/www.ergocontech.no\/shop\/wp-content\/uploads\/2018\/05\/last-ned-1-copy-1-e1546625063281-1024x291.jpg 1024w, https:\/\/www.ergocontech.no\/shop\/wp-content\/uploads\/2018\/05\/last-ned-1-copy-1-e1546625063281-300x85.jpg 300w, https:\/\/www.ergocontech.no\/shop\/wp-content\/uploads\/2018\/05\/last-ned-1-copy-1-e1546625063281-768x218.jpg 768w, https:\/\/www.ergocontech.no\/shop\/wp-content\/uploads\/2018\/05\/last-ned-1-copy-1-e1546625063281-416x118.jpg 416w, https:\/\/www.ergocontech.no\/shop\/wp-content\/uploads\/2018\/05\/last-ned-1-copy-1-e1546625063281.jpg 1756w\" sizes=\"(max-width: 169px) 100vw, 169px\" \/><\/a><\/p>\n<p>Ved montering p\u00e5 monteringsarm brukes:<\/p>\n<p><a href=\"https:\/\/www.ergocontech.no\/shop\/produkt\/monteringsplate-n2\/\">Monteringsplate N2<\/a> Art.nr: 1002520<\/p>\n<p><span style=\"color: #ffffff;\">10000025<\/span><\/p>\n","protected":false},"excerpt":{"rendered":"<p>Big Candy Corn proximity switch er en kapasitiv bryter med kabel og 3,5 mm jack plug tilkobling<\/p>\n<p>Bryteren aktiveres n\u00e5r h\u00e5nden kommer i n\u00e6rheten av den, eller 2,5 cm over den.<\/p>\n<p>Bryteren gir auditiv og visuell tilbakemelding ved aktivering<br \/>\nHMS art.nr: 290966<\/p>\n<p><strong style=\"color: blue;\">P\u00e5 produsentlager: Forventet leveringstid 11 dager.<\/strong><\/p>\n","protected":false},"featured_media":192,"template":"","meta":[],"product_brand":[],"product_cat":[57,25],"product_tag":[],"class_list":{"0":"post-191","1":"product","2":"type-product","3":"status-publish","4":"has-post-thumbnail","6":"product_cat-betjening","7":"product_cat-kablede-brytere","9":"first","10":"instock","11":"sale","12":"taxable","13":"shipping-taxable","14":"purchasable","15":"product-type-simple"},"_links":{"self":[{"href":"https:\/\/www.ergocontech.no\/shop\/wp-json\/wp\/v2\/product\/191","targetHints":{"allow":["GET"]}}],"collection":[{"href":"https:\/\/www.ergocontech.no\/shop\/wp-json\/wp\/v2\/product"}],"about":[{"href":"https:\/\/www.ergocontech.no\/shop\/wp-json\/wp\/v2\/types\/product"}],"wp:featuredmedia":[{"embeddable":true,"href":"https:\/\/www.ergocontech.no\/shop\/wp-json\/wp\/v2\/media\/192"}],"wp:attachment":[{"href":"https:\/\/www.ergocontech.no\/shop\/wp-json\/wp\/v2\/media?parent=191"}],"wp:term":[{"taxonomy":"product_brand","embeddable":true,"href":"https:\/\/www.ergocontech.no\/shop\/wp-json\/wp\/v2\/product_brand?post=191"},{"taxonomy":"product_cat","embeddable":true,"href":"https:\/\/www.ergocontech.no\/shop\/wp-json\/wp\/v2\/product_cat?post=191"},{"taxonomy":"product_tag","embeddable":true,"href":"https:\/\/www.ergocontech.no\/shop\/wp-json\/wp\/v2\/product_tag?post=191"}],"curies":[{"name":"wp","href":"https:\/\/api.w.org\/{rel}","templated":true}]}}