{"id":1384,"date":"2019-07-06T20:49:09","date_gmt":"2019-07-06T18:49:09","guid":{"rendered":"https:\/\/www.ergocontech.no\/shop\/?post_type=product&#038;p=1384"},"modified":"2025-02-15T18:50:46","modified_gmt":"2025-02-15T17:50:46","slug":"drikkeholder-xl-monteringsarm-og-medium-klo","status":"publish","type":"product","link":"https:\/\/www.ergocontech.no\/shop\/produkt\/drikkeholder-xl-monteringsarm-og-medium-klo\/","title":{"rendered":"Drikkeholder XL med monteringsarm og medium klo"},"content":{"rendered":"<p>Drikkeholderen er designet for st\u00f8rre isolerte kopper og plast vannflasker ca. 1 liters st\u00f8rrelse.<\/p>\n<p>Settet inneholder en Level Cup XL med en B-st\u00f8rrelse RAM\u00ae-monteringsball og arm med svanehals og festeklo. Det justerbare bunnstykket er mulig \u00e5 justere opp og ned for \u00e5 tilpasse den til st\u00f8rre krus eller flasker. Gummiknotter som medf\u00f8lger er laget i fleksibelt material for \u00e5 passe forskjellige drikkebeholdere. Koozie medf\u00f8lger som gj\u00f8r det mulig \u00e5 bruke mindre bokser og flasker.<\/p>\n<p>Svanehalsen er 60 cm lang og kan b\u00f8yes for \u00e5 f\u00e5 koppholderen i riktig posisjon.<\/p>\n<p>RAM\u00ae Mounts har selvnivellerende ledd hvilket gj\u00f8r at drikkebeholderen holdes oppreist.<\/p>\n<p>Det er ogs\u00e5 mulig \u00e5 komplettere med andre deler fra RAM med 1 tommers balldiameter (B-st\u00f8rrelse).<\/p>\n<p>Klo gripeevne runde r\u00f8r 25 \u2013 42 mm.<\/p>\n<p>Klo gripeevne flater 0 \u2013 42 mm.<\/p>\n<p><span style=\"color: #ffffff;\">RAM2003<\/span><\/p>\n","protected":false},"excerpt":{"rendered":"<p>Drikkeholderen er designet for st\u00f8rre isolerte kopper og plast vannflasker ca. 1 liters st\u00f8rrelse.<\/p>\n<p>Settet inneholder en Level Cup XL med en B-st\u00f8rrelse RAM\u00ae-monteringsball og arm med svanehals og festeklo.<\/p>\n","protected":false},"featured_media":1385,"template":"","meta":[],"product_brand":[],"product_cat":[50,33],"product_tag":[],"class_list":{"0":"post-1384","1":"product","2":"type-product","3":"status-publish","4":"has-post-thumbnail","6":"product_cat-montering-drikke","7":"product_cat-ram","9":"first","10":"instock","11":"taxable","12":"shipping-taxable","13":"purchasable","14":"product-type-simple"},"_links":{"self":[{"href":"https:\/\/www.ergocontech.no\/shop\/wp-json\/wp\/v2\/product\/1384","targetHints":{"allow":["GET"]}}],"collection":[{"href":"https:\/\/www.ergocontech.no\/shop\/wp-json\/wp\/v2\/product"}],"about":[{"href":"https:\/\/www.ergocontech.no\/shop\/wp-json\/wp\/v2\/types\/product"}],"wp:featuredmedia":[{"embeddable":true,"href":"https:\/\/www.ergocontech.no\/shop\/wp-json\/wp\/v2\/media\/1385"}],"wp:attachment":[{"href":"https:\/\/www.ergocontech.no\/shop\/wp-json\/wp\/v2\/media?parent=1384"}],"wp:term":[{"taxonomy":"product_brand","embeddable":true,"href":"https:\/\/www.ergocontech.no\/shop\/wp-json\/wp\/v2\/product_brand?post=1384"},{"taxonomy":"product_cat","embeddable":true,"href":"https:\/\/www.ergocontech.no\/shop\/wp-json\/wp\/v2\/product_cat?post=1384"},{"taxonomy":"product_tag","embeddable":true,"href":"https:\/\/www.ergocontech.no\/shop\/wp-json\/wp\/v2\/product_tag?post=1384"}],"curies":[{"name":"wp","href":"https:\/\/api.w.org\/{rel}","templated":true}]}}