{"id":122,"date":"2018-05-13T19:43:25","date_gmt":"2018-05-13T17:43:25","guid":{"rendered":"https:\/\/www.ergocontech.no\/shop\/?post_type=product&#038;p=122"},"modified":"2025-01-06T17:37:28","modified_gmt":"2025-01-06T16:37:28","slug":"big-beamer-original-mottaker","status":"publish","type":"product","link":"https:\/\/www.ergocontech.no\/shop\/produkt\/big-beamer-original-mottaker\/","title":{"rendered":"Big Beamer &#038; Original mottaker"},"content":{"rendered":"<p>Stor tr\u00e5dl\u00f8s bryter i kjent design. 12.7cm i diameter og Original mottaker.<\/p>\n<p>Big Beamer leveres med aktiveringsflater i r\u00f8d, gr\u00f8nn, gul og bl\u00e5.<\/p>\n<p>Big Beamer drives med 2 st AAA batteri og mottaker med 2 st AA-batteri<\/p>\n<p>Original mottaker kobles videre mot det en \u00f8nsker \u00e5 bryterstyre via jack-plug.<\/p>\n<table style=\"width: 482px; height: 124px;\">\n<tbody>\n<tr>\n<th style=\"text-align: left;\"><a href=\"https:\/\/www.ergocontech.no\/PDF\/jelly_big_beamer_quick_start_guide.pdf\"><img decoding=\"async\" class=\"alignnone wp-image-778\" src=\"https:\/\/www.ergocontech.no\/shop\/wp-content\/uploads\/2018\/05\/last-ned-1-copy-1-e1546625063281-1024x291.jpg\" alt=\"\" width=\"169\" height=\"48\" srcset=\"https:\/\/www.ergocontech.no\/shop\/wp-content\/uploads\/2018\/05\/last-ned-1-copy-1-e1546625063281-1024x291.jpg 1024w, https:\/\/www.ergocontech.no\/shop\/wp-content\/uploads\/2018\/05\/last-ned-1-copy-1-e1546625063281-300x85.jpg 300w, https:\/\/www.ergocontech.no\/shop\/wp-content\/uploads\/2018\/05\/last-ned-1-copy-1-e1546625063281-768x218.jpg 768w, https:\/\/www.ergocontech.no\/shop\/wp-content\/uploads\/2018\/05\/last-ned-1-copy-1-e1546625063281-416x118.jpg 416w, https:\/\/www.ergocontech.no\/shop\/wp-content\/uploads\/2018\/05\/last-ned-1-copy-1-e1546625063281.jpg 1756w\" sizes=\"(max-width: 169px) 100vw, 169px\" \/><\/a>Big Beamer<\/th>\n<th style=\"text-align: left;\"><a href=\"https:\/\/www.ergocontech.no\/PDF\/wireless_receiver_quick_start_guide.pdf\"><img decoding=\"async\" class=\"alignnone wp-image-778\" src=\"https:\/\/www.ergocontech.no\/shop\/wp-content\/uploads\/2018\/05\/last-ned-1-copy-1-e1546625063281-1024x291.jpg\" alt=\"\" width=\"169\" height=\"48\" srcset=\"https:\/\/www.ergocontech.no\/shop\/wp-content\/uploads\/2018\/05\/last-ned-1-copy-1-e1546625063281-1024x291.jpg 1024w, https:\/\/www.ergocontech.no\/shop\/wp-content\/uploads\/2018\/05\/last-ned-1-copy-1-e1546625063281-300x85.jpg 300w, https:\/\/www.ergocontech.no\/shop\/wp-content\/uploads\/2018\/05\/last-ned-1-copy-1-e1546625063281-768x218.jpg 768w, https:\/\/www.ergocontech.no\/shop\/wp-content\/uploads\/2018\/05\/last-ned-1-copy-1-e1546625063281-416x118.jpg 416w, https:\/\/www.ergocontech.no\/shop\/wp-content\/uploads\/2018\/05\/last-ned-1-copy-1-e1546625063281.jpg 1756w\" sizes=\"(max-width: 169px) 100vw, 169px\" \/><\/a><br \/>\nOriginal Mottaker<\/th>\n<\/tr>\n<\/tbody>\n<\/table>\n","protected":false},"excerpt":{"rendered":"<p>Stor tr\u00e5dl\u00f8s bryter i kjent design, 12.7cm i diameter og Original mottaker<\/p>\n<p>Big Beamer leveres med aktiveringsflater i r\u00f8d, gr\u00f8nn, gul og bl\u00e5.<\/p>\n<p>Original mottaker kobles videre mot det en \u00f8nsker \u00e5 bryterstyre via jack-plug.<\/p>\n<p>HMS art.nr. 292799<\/p>\n<p><strong style=\"color: blue;\">P\u00e5 fjernlager: Forventet leveringstid 11 dager.<\/strong><\/p>\n","protected":false},"featured_media":8758,"template":"","meta":[],"product_brand":[],"product_cat":[26,24],"product_tag":[],"class_list":{"0":"post-122","1":"product","2":"type-product","3":"status-publish","4":"has-post-thumbnail","6":"product_cat-bryterbokser","7":"product_cat-tradlose-brytere","9":"first","10":"instock","11":"taxable","12":"shipping-taxable","13":"purchasable","14":"product-type-simple"},"_links":{"self":[{"href":"https:\/\/www.ergocontech.no\/shop\/wp-json\/wp\/v2\/product\/122","targetHints":{"allow":["GET"]}}],"collection":[{"href":"https:\/\/www.ergocontech.no\/shop\/wp-json\/wp\/v2\/product"}],"about":[{"href":"https:\/\/www.ergocontech.no\/shop\/wp-json\/wp\/v2\/types\/product"}],"wp:featuredmedia":[{"embeddable":true,"href":"https:\/\/www.ergocontech.no\/shop\/wp-json\/wp\/v2\/media\/8758"}],"wp:attachment":[{"href":"https:\/\/www.ergocontech.no\/shop\/wp-json\/wp\/v2\/media?parent=122"}],"wp:term":[{"taxonomy":"product_brand","embeddable":true,"href":"https:\/\/www.ergocontech.no\/shop\/wp-json\/wp\/v2\/product_brand?post=122"},{"taxonomy":"product_cat","embeddable":true,"href":"https:\/\/www.ergocontech.no\/shop\/wp-json\/wp\/v2\/product_cat?post=122"},{"taxonomy":"product_tag","embeddable":true,"href":"https:\/\/www.ergocontech.no\/shop\/wp-json\/wp\/v2\/product_tag?post=122"}],"curies":[{"name":"wp","href":"https:\/\/api.w.org\/{rel}","templated":true}]}}