{"id":120,"date":"2018-05-13T19:19:23","date_gmt":"2018-05-13T17:19:23","guid":{"rendered":"https:\/\/www.ergocontech.no\/shop\/?post_type=product&#038;p=120"},"modified":"2025-01-06T11:57:01","modified_gmt":"2025-01-06T10:57:01","slug":"big-beamer","status":"publish","type":"product","link":"https:\/\/www.ergocontech.no\/shop\/produkt\/big-beamer\/","title":{"rendered":"Big Beamer"},"content":{"rendered":"<p>Stor tr\u00e5dl\u00f8s bryter i kjent design. 12.7cm i diameter<br \/>\nLeveres med aktiveringsflater i r\u00f8d, gr\u00f8nn, gul og bl\u00e5.<br \/>\nKan brukes sammen med Original mottaker eller Powerlink 4.<br \/>\nDrives med 2 st AAA batteri.<br \/>\nVed montering p\u00e5 monteringsarm passer:<br \/>\n<a href=\"https:\/\/www.ergocontech.no\/shop\/produkt\/monteringsplate-n1\/\">Monteringsplate N1<\/a> Art.nr: 1002510<\/p>\n<p><a href=\"https:\/\/www.ergocontech.no\/PDF\/jelly_big_beamer_quick_start_guide.pdf\"><img decoding=\"async\" class=\"alignnone wp-image-778\" src=\"https:\/\/www.ergocontech.no\/shop\/wp-content\/uploads\/2018\/05\/last-ned-1-copy-1-e1546625063281-1024x291.jpg\" alt=\"\" width=\"169\" height=\"48\" srcset=\"https:\/\/www.ergocontech.no\/shop\/wp-content\/uploads\/2018\/05\/last-ned-1-copy-1-e1546625063281-1024x291.jpg 1024w, https:\/\/www.ergocontech.no\/shop\/wp-content\/uploads\/2018\/05\/last-ned-1-copy-1-e1546625063281-300x85.jpg 300w, https:\/\/www.ergocontech.no\/shop\/wp-content\/uploads\/2018\/05\/last-ned-1-copy-1-e1546625063281-768x218.jpg 768w, https:\/\/www.ergocontech.no\/shop\/wp-content\/uploads\/2018\/05\/last-ned-1-copy-1-e1546625063281-416x118.jpg 416w, https:\/\/www.ergocontech.no\/shop\/wp-content\/uploads\/2018\/05\/last-ned-1-copy-1-e1546625063281.jpg 1756w\" sizes=\"(max-width: 169px) 100vw, 169px\" \/><\/a><\/p>\n<p><span style=\"color: #ffffff;\">10034300<\/span><\/p>\n","protected":false},"excerpt":{"rendered":"<p>Stor tr\u00e5dl\u00f8s bryter i kjent design. 12.7cm i diameter<\/p>\n<p>Leveres med aktiveringsflater i r\u00f8d, gr\u00f8nn, gul og bl\u00e5.<\/p>\n<p>Kan brukes sammen med <a href=\"https:\/\/www.ergocontech.no\/shop\/produkt\/original-mottaker\/\">Original mottaker<\/a> eller <a href=\"https:\/\/www.ergocontech.no\/shop\/produkt\/powerlink4\/\">Powerlink 4.<\/a><\/p>\n<p>Drives med 2 st AAA batteri<\/p>\n<p>HMS art.nr 299824<\/p>\n<p><strong style=\"color: blue;\">P\u00e5 fjernlager: Forventet leveringstid 11 dager.<\/strong><\/p>\n","protected":false},"featured_media":8515,"template":"","meta":[],"product_brand":[],"product_cat":[24],"product_tag":[],"class_list":{"0":"post-120","1":"product","2":"type-product","3":"status-publish","4":"has-post-thumbnail","6":"product_cat-tradlose-brytere","8":"first","9":"instock","10":"taxable","11":"shipping-taxable","12":"purchasable","13":"product-type-simple"},"_links":{"self":[{"href":"https:\/\/www.ergocontech.no\/shop\/wp-json\/wp\/v2\/product\/120","targetHints":{"allow":["GET"]}}],"collection":[{"href":"https:\/\/www.ergocontech.no\/shop\/wp-json\/wp\/v2\/product"}],"about":[{"href":"https:\/\/www.ergocontech.no\/shop\/wp-json\/wp\/v2\/types\/product"}],"wp:featuredmedia":[{"embeddable":true,"href":"https:\/\/www.ergocontech.no\/shop\/wp-json\/wp\/v2\/media\/8515"}],"wp:attachment":[{"href":"https:\/\/www.ergocontech.no\/shop\/wp-json\/wp\/v2\/media?parent=120"}],"wp:term":[{"taxonomy":"product_brand","embeddable":true,"href":"https:\/\/www.ergocontech.no\/shop\/wp-json\/wp\/v2\/product_brand?post=120"},{"taxonomy":"product_cat","embeddable":true,"href":"https:\/\/www.ergocontech.no\/shop\/wp-json\/wp\/v2\/product_cat?post=120"},{"taxonomy":"product_tag","embeddable":true,"href":"https:\/\/www.ergocontech.no\/shop\/wp-json\/wp\/v2\/product_tag?post=120"}],"curies":[{"name":"wp","href":"https:\/\/api.w.org\/{rel}","templated":true}]}}