{"id":115,"date":"2018-05-13T15:51:21","date_gmt":"2018-05-13T13:51:21","guid":{"rendered":"https:\/\/www.ergocontech.no\/shop\/?post_type=product&#038;p=115"},"modified":"2022-11-27T08:55:53","modified_gmt":"2022-11-27T07:55:53","slug":"games-activities","status":"publish","type":"product","link":"https:\/\/www.ergocontech.no\/shop\/produkt\/games-activities\/","title":{"rendered":"HKL Games &#038; Activities"},"content":{"rendered":"<p>Nettresursen HelpKidzLearn &#8211; Games &amp; Acticvities, er laget p\u00e5 Engelsk. Hvis du bruker <a href=\"https:\/\/support.google.com\/chrome\/answer\/173424?hl=no\">Chrome<\/a>, <a href=\"https:\/\/support.microsoft.com\/nb-no\/topic\/bruke-microsoft-oversetter-i-microsoft-edge-nettleser-4ad1c6cb-01a4-4227-be9d-a81e127fcb0b\">Edge<\/a> eller <a href=\"https:\/\/support.apple.com\/no-no\/guide\/safari\/ibrw646b2ca2\/mac\">Safari<\/a> kan nettleseren oversette siden til Norsk p\u00e5 ulike m\u00e5ter i de ulike nettleserne.<\/p>\n<p>Produktet selges som \u00e5rsabonnement via partner-side men kan ogs\u00e5 bestilles av NAV direkte fra oss.<br \/>\nHvis \u00abinvoice\u00bb velges som betalingsmetode, sender Ergo Contech ut faktura p\u00e5 tilsvarende bel\u00f8p i Norske kroner med MVA lagt til.<br \/>\nHvis faktura skal merkes p\u00e5 en spesiell m\u00e5te, kan info om dette sendes til post@ergocontech.no etter bestilling.<\/p>\n<p>Ogs\u00e5 mulig \u00e5 kj\u00f8pe abonnement for 3 og 5 \u00e5r.<\/p>\n<p>Help Kidz Learn Games &amp; Activities 3 \u00e5r ( art.nr: HKL3 ) HMS art.nr. 298453<\/p>\n<p>Help Kidz Learn Games &amp; Activities 5 \u00e5r ( art.nr HKL5 )<\/p>\n<p>Ta kontakt for tilbud.<\/p>\n","protected":false},"excerpt":{"rendered":"<p>200+ nettbaserte spill og aktiviteter som kan styres med mus tastatur, bryter, ber\u00f8ringsskjerm, interaktive klasseromvisninger, joystick, rollerball og \u00f8yestyring.<\/p>\n<p>Ideell for barn og voksne med behov for et bredt spekter av spesielle utdannings- og l\u00e6rings-resurser. \u00c5rsak\/virkning, sekvenser, oppmerksomhet, valg.<\/p>\n<p>Mulighet \u00e5 opprette 2 ukers gratis pr\u00f8veperiode.<\/p>\n","protected":false},"featured_media":9080,"template":"","meta":[],"product_brand":[],"product_cat":[40,39,30],"product_tag":[],"class_list":{"0":"post-115","1":"product","2":"type-product","3":"status-publish","4":"has-post-thumbnail","6":"product_cat-ovrig","7":"product_cat-oyestyring","8":"product_cat-programvare","10":"first","11":"instock","12":"taxable","13":"shipping-taxable","14":"product-type-external"},"_links":{"self":[{"href":"https:\/\/www.ergocontech.no\/shop\/wp-json\/wp\/v2\/product\/115","targetHints":{"allow":["GET"]}}],"collection":[{"href":"https:\/\/www.ergocontech.no\/shop\/wp-json\/wp\/v2\/product"}],"about":[{"href":"https:\/\/www.ergocontech.no\/shop\/wp-json\/wp\/v2\/types\/product"}],"wp:featuredmedia":[{"embeddable":true,"href":"https:\/\/www.ergocontech.no\/shop\/wp-json\/wp\/v2\/media\/9080"}],"wp:attachment":[{"href":"https:\/\/www.ergocontech.no\/shop\/wp-json\/wp\/v2\/media?parent=115"}],"wp:term":[{"taxonomy":"product_brand","embeddable":true,"href":"https:\/\/www.ergocontech.no\/shop\/wp-json\/wp\/v2\/product_brand?post=115"},{"taxonomy":"product_cat","embeddable":true,"href":"https:\/\/www.ergocontech.no\/shop\/wp-json\/wp\/v2\/product_cat?post=115"},{"taxonomy":"product_tag","embeddable":true,"href":"https:\/\/www.ergocontech.no\/shop\/wp-json\/wp\/v2\/product_tag?post=115"}],"curies":[{"name":"wp","href":"https:\/\/api.w.org\/{rel}","templated":true}]}}