{"id":113,"date":"2018-05-13T15:36:10","date_gmt":"2018-05-13T13:36:10","guid":{"rendered":"https:\/\/www.ergocontech.no\/shop\/?post_type=product&#038;p=113"},"modified":"2021-11-15T19:55:46","modified_gmt":"2021-11-15T18:55:46","slug":"113","status":"publish","type":"product","link":"https:\/\/www.ergocontech.no\/shop\/produkt\/113\/","title":{"rendered":"Insight"},"content":{"rendered":"<p>Insight er et vurderings- og undervisningssystem for tidlig syn og kognisjon. Insight er et intelligent, individuelt l\u00e6ringssystem som vil bidra til \u00e5 engasjere, vurdere og utvikle elevens visuelle l\u00e6ringsferdigheter. Det har blitt spesielt utviklet for \u00e5 jobbe med \u00f8yestyringsteknologi, slik at en uten krav til fysiske ferdigheter kan analysere og f\u00e5 et unikt innblikk i studentenes skjulte ferdigheter og evner.<\/p>\n<p>Insight kj\u00f8res via nettleser sammen med \u00f8ystyringsenhet innstilt i musemulator-modus (muspeker-modus). Insight er et \u00e5rsabonnement knyttet til en eller flere brukere og bestilles via www.helpkidzlearn.com<\/p>\n<p>Produktet selges som \u00e5rsabonnement via partner-side.<br \/>\nHvis \u00abinvoice\u00bb velges som betalingsmetode, sender Ergo Contech ut faktura p\u00e5 tilsvarende bel\u00f8p i Norske kroner med MVA.<br \/>\nHvis faktura skal merkes p\u00e5 en spesiell m\u00e5te, kan info om dette sendes til post@ergocontech.no etter bestilling.<\/p>\n<p>Ogs\u00e5 mulig \u00e5 kj\u00f8pe abonnement for 3 og 5 \u00e5r.<\/p>\n<p>Insight 3 \u00e5r ( art.nr: INS3 )<\/p>\n<p>Insight 5 \u00e5r ( art.nr INS5 )<\/p>\n<p>Ta kontakt for tilbud.<\/p>\n","protected":false},"excerpt":{"rendered":"<p>Insight er et vurderings- og undervisningssystem for tidlig syn og kognisjon. Insight er et intelligent, individuelt l\u00e6ringssystem som vil bidra til \u00e5 engasjere, vurdere og utvikle elevens visuelle l\u00e6ringsferdigheter. Det har blitt spesielt utviklet for \u00e5 jobbe med \u00f8yestyringsteknologi, slik at en uten krav til fysiske ferdigheter kan analysere og f\u00e5 et unikt innblikk i studentenes skjulte ferdigheter og evner.<\/p>\n<p>Mulighet \u00e5 opprette 2 ukers gratis pr\u00f8velisens.<\/p>\n","protected":false},"featured_media":114,"template":"","meta":[],"product_brand":[],"product_cat":[39,30],"product_tag":[],"class_list":{"0":"post-113","1":"product","2":"type-product","3":"status-publish","4":"has-post-thumbnail","6":"product_cat-oyestyring","7":"product_cat-programvare","9":"first","10":"instock","11":"taxable","12":"shipping-taxable","13":"product-type-external"},"_links":{"self":[{"href":"https:\/\/www.ergocontech.no\/shop\/wp-json\/wp\/v2\/product\/113","targetHints":{"allow":["GET"]}}],"collection":[{"href":"https:\/\/www.ergocontech.no\/shop\/wp-json\/wp\/v2\/product"}],"about":[{"href":"https:\/\/www.ergocontech.no\/shop\/wp-json\/wp\/v2\/types\/product"}],"wp:featuredmedia":[{"embeddable":true,"href":"https:\/\/www.ergocontech.no\/shop\/wp-json\/wp\/v2\/media\/114"}],"wp:attachment":[{"href":"https:\/\/www.ergocontech.no\/shop\/wp-json\/wp\/v2\/media?parent=113"}],"wp:term":[{"taxonomy":"product_brand","embeddable":true,"href":"https:\/\/www.ergocontech.no\/shop\/wp-json\/wp\/v2\/product_brand?post=113"},{"taxonomy":"product_cat","embeddable":true,"href":"https:\/\/www.ergocontech.no\/shop\/wp-json\/wp\/v2\/product_cat?post=113"},{"taxonomy":"product_tag","embeddable":true,"href":"https:\/\/www.ergocontech.no\/shop\/wp-json\/wp\/v2\/product_tag?post=113"}],"curies":[{"name":"wp","href":"https:\/\/api.w.org\/{rel}","templated":true}]}}