{"id":10126,"date":"2026-03-19T19:51:10","date_gmt":"2026-03-19T18:51:10","guid":{"rendered":"https:\/\/www.ergocontech.no\/shop\/?post_type=product&#038;p=10126"},"modified":"2026-03-19T20:42:07","modified_gmt":"2026-03-19T19:42:07","slug":"universal-monteringsarm-m-hurtigfeste","status":"publish","type":"product","link":"https:\/\/www.ergocontech.no\/shop\/produkt\/universal-monteringsarm-m-hurtigfeste\/","title":{"rendered":"Universal monteringsarm m. hurtigfeste"},"content":{"rendered":"<p>Passer IntegraMouse Air<\/p>\n<p>Utvendig 1\/4&#8243; gjenge<\/p>\n<p>Max vektbelasting: 2 kg.<br \/>\nRekkevidde: 60 cm.<br \/>\nVekt: 1380 g<br \/>\nTotal lengde: 680 mm<br \/>\nGripeevne runde r\u00f8r: 13-55 mm<br \/>\nGripeevne flater: 10-55 mm<\/p>\n<p><span style=\"color: #ffffff;\">100USMSFK490<\/span><\/p>\n","protected":false},"excerpt":{"rendered":"<p><span style=\"color: #000000;\">Universal monteringsarm m. hurtigfeste er sterk, fleksibel og p\u00e5litelig. L\u00f8snes med et grep for \u00e5 stille til \u00f8nsket posisjon, og finjusteres med den ytre vrideren. Festes i bord, seng, armlene eller annet med medf\u00f8lgende klemme.<\/span><\/p>\n<p><strong style=\"color: blue;\">P\u00e5 produsentlager: Forventet leveringstid 11 dager.<\/strong><\/p>\n","protected":false},"featured_media":10127,"template":"","meta":[],"product_brand":[],"product_cat":[28],"product_tag":[],"class_list":{"0":"post-10126","1":"product","2":"type-product","3":"status-publish","4":"has-post-thumbnail","6":"product_cat-monteringsarmer","8":"first","9":"instock","10":"taxable","11":"shipping-taxable","12":"purchasable","13":"product-type-simple"},"_links":{"self":[{"href":"https:\/\/www.ergocontech.no\/shop\/wp-json\/wp\/v2\/product\/10126","targetHints":{"allow":["GET"]}}],"collection":[{"href":"https:\/\/www.ergocontech.no\/shop\/wp-json\/wp\/v2\/product"}],"about":[{"href":"https:\/\/www.ergocontech.no\/shop\/wp-json\/wp\/v2\/types\/product"}],"wp:featuredmedia":[{"embeddable":true,"href":"https:\/\/www.ergocontech.no\/shop\/wp-json\/wp\/v2\/media\/10127"}],"wp:attachment":[{"href":"https:\/\/www.ergocontech.no\/shop\/wp-json\/wp\/v2\/media?parent=10126"}],"wp:term":[{"taxonomy":"product_brand","embeddable":true,"href":"https:\/\/www.ergocontech.no\/shop\/wp-json\/wp\/v2\/product_brand?post=10126"},{"taxonomy":"product_cat","embeddable":true,"href":"https:\/\/www.ergocontech.no\/shop\/wp-json\/wp\/v2\/product_cat?post=10126"},{"taxonomy":"product_tag","embeddable":true,"href":"https:\/\/www.ergocontech.no\/shop\/wp-json\/wp\/v2\/product_tag?post=10126"}],"curies":[{"name":"wp","href":"https:\/\/api.w.org\/{rel}","templated":true}]}}