{"id":10112,"date":"2026-02-12T14:11:04","date_gmt":"2026-02-12T13:11:04","guid":{"rendered":"https:\/\/www.ergocontech.no\/shop\/?post_type=product&#038;p=10112"},"modified":"2026-02-12T16:35:39","modified_gmt":"2026-02-12T15:35:39","slug":"lang-monteringsarm","status":"publish","type":"product","link":"https:\/\/www.ergocontech.no\/shop\/produkt\/lang-monteringsarm\/","title":{"rendered":"Lang monteringsarm"},"content":{"rendered":"<p>Max vektbelasting: 2 kg.<br \/>\nVekt: 1800 g<br \/>\nTotal lengde: 900 mm<br \/>\nGripeevne runde r\u00f8r: 13-55 mm<br \/>\nGripeevne flater: 10-55 mm<\/p>\n<p>&nbsp;<\/p>\n<p><span style=\"color: #ffffff;\">100USMSFK<\/span><\/p>\n","protected":false},"excerpt":{"rendered":"<p>Monteringsarm er sterk, fleksibel og p\u00e5litelig. L\u00f8snes med et eller to grep for \u00e5 stille til \u00f8nsket posisjon. Festes i bord, seng, armlene eller annet med medf\u00f8lgende klemme.<\/p>\n<p>Til bruk med utstyr med 1\/4 tommers gjenge hunn.<\/p>\n<p>Festes i bord, seng, armlene eller annet med medf\u00f8lgende klemme.<span style=\"color: #ffffff;\">100USMSFK<\/span><\/p>\n<p><strong style=\"color: blue;\">Forventet leveringstid 11 dager.<\/strong><\/p>\n","protected":false},"featured_media":10113,"template":"","meta":[],"product_brand":[],"product_cat":[28],"product_tag":[],"class_list":{"0":"post-10112","1":"product","2":"type-product","3":"status-publish","4":"has-post-thumbnail","6":"product_cat-monteringsarmer","8":"first","9":"instock","10":"taxable","11":"shipping-taxable","12":"purchasable","13":"product-type-simple"},"_links":{"self":[{"href":"https:\/\/www.ergocontech.no\/shop\/wp-json\/wp\/v2\/product\/10112","targetHints":{"allow":["GET"]}}],"collection":[{"href":"https:\/\/www.ergocontech.no\/shop\/wp-json\/wp\/v2\/product"}],"about":[{"href":"https:\/\/www.ergocontech.no\/shop\/wp-json\/wp\/v2\/types\/product"}],"wp:featuredmedia":[{"embeddable":true,"href":"https:\/\/www.ergocontech.no\/shop\/wp-json\/wp\/v2\/media\/10113"}],"wp:attachment":[{"href":"https:\/\/www.ergocontech.no\/shop\/wp-json\/wp\/v2\/media?parent=10112"}],"wp:term":[{"taxonomy":"product_brand","embeddable":true,"href":"https:\/\/www.ergocontech.no\/shop\/wp-json\/wp\/v2\/product_brand?post=10112"},{"taxonomy":"product_cat","embeddable":true,"href":"https:\/\/www.ergocontech.no\/shop\/wp-json\/wp\/v2\/product_cat?post=10112"},{"taxonomy":"product_tag","embeddable":true,"href":"https:\/\/www.ergocontech.no\/shop\/wp-json\/wp\/v2\/product_tag?post=10112"}],"curies":[{"name":"wp","href":"https:\/\/api.w.org\/{rel}","templated":true}]}}