{"id":10097,"date":"2026-01-26T18:14:27","date_gmt":"2026-01-26T17:14:27","guid":{"rendered":"https:\/\/www.ergocontech.no\/shop\/?post_type=product&#038;p=10097"},"modified":"2026-01-26T18:57:17","modified_gmt":"2026-01-26T17:57:17","slug":"toffee-bt","status":"publish","type":"product","link":"https:\/\/www.ergocontech.no\/shop\/produkt\/toffee-bt\/","title":{"rendered":"ToFFEE BT"},"content":{"rendered":"<p>I motsetning til andre n\u00e6rhetsbrytere som krever kontakt eller sv\u00e6rt kort avstand, bruker ToFFEE avansert Time-of-Flight (ToF)-teknologi for \u00e5 oppdage ethvert ugjennomsiktig objekt, uavhengig av farge, materiale eller overflatetekstur. Dette betyr at den fungerer p\u00e5litelig med alle hudtoner, og ikke p\u00e5virkes av kl\u00e6r, h\u00e5r eller tildekking.<\/p>\n<p>ToFFEE BT har mulighet for 26 ulike bryterfunksjoner som er n\u00f8ye utvalgt for \u00e5 fungere tett med maskinvare og programvare.<\/p>\n<p>Direkte, Av\/P\u00c5, one shot, dobbeltklikk og forsinket dra-modus gir enda flere muligheter, og den valgbare Ignorer gjentakelser-funksjonen kompenserer for skjelvinger og forhindrer vibrasjoner i bryterne.<\/p>\n<p>ToFFEE kan monteres ved hjelp av braketter i industristandard, slik at den kan betjenes med nesten hvilken som helst del av kroppen, som brukerens h\u00e5nd, arm, kne, hode eller til og med ved \u00e5 bl\u00e5se ut kinnet.<\/p>\n<p>Mulighet \u00e5 velge mellom ti detekteringsavstander: fra 0 mm opptil 500 mm.<\/p>\n<p>Mulighet for auditiv og visuell tilbakemelding betyr at ToFFEE BT kan f\u00e5 lyden til \u00e5 lyde akkurat som en vanlig bryter. Den drives av et internt oppladbart litiumbatteri som gir rundt 25 timers bruk mellom ladinger. Programmerbare str\u00f8minnstillinger lar brukeren velge om og n\u00e5r enheten skal g\u00e5 i dvalemodus p\u00e5 grunn av inaktivitet.<\/p>\n<p><img fetchpriority=\"high\" decoding=\"async\" class=\"alignnone size-large wp-image-10107\" src=\"https:\/\/www.ergocontech.no\/shop\/wp-content\/uploads\/2026\/01\/table-copy-883x1024.jpg\" alt=\"\" width=\"883\" height=\"1024\" srcset=\"https:\/\/www.ergocontech.no\/shop\/wp-content\/uploads\/2026\/01\/table-copy-883x1024.jpg 883w, https:\/\/www.ergocontech.no\/shop\/wp-content\/uploads\/2026\/01\/table-copy-259x300.jpg 259w, https:\/\/www.ergocontech.no\/shop\/wp-content\/uploads\/2026\/01\/table-copy-768x890.jpg 768w, https:\/\/www.ergocontech.no\/shop\/wp-content\/uploads\/2026\/01\/table-copy-1325x1536.jpg 1325w, https:\/\/www.ergocontech.no\/shop\/wp-content\/uploads\/2026\/01\/table-copy-1767x2048.jpg 1767w, https:\/\/www.ergocontech.no\/shop\/wp-content\/uploads\/2026\/01\/table-copy-324x376.jpg 324w, https:\/\/www.ergocontech.no\/shop\/wp-content\/uploads\/2026\/01\/table-copy-416x482.jpg 416w\" sizes=\"(max-width: 883px) 100vw, 883px\" \/><\/p>\n<p><a href=\"https:\/\/www.ergocontech.no\/PDF\/ToFFEE-BLUETOOTH-Manual.pdf\"><img decoding=\"async\" class=\"alignnone wp-image-778\" src=\"https:\/\/www.ergocontech.no\/shop\/wp-content\/uploads\/2018\/05\/last-ned-1-copy-1-e1546625063281-1024x291.jpg\" alt=\"\" width=\"169\" height=\"48\" srcset=\"https:\/\/www.ergocontech.no\/shop\/wp-content\/uploads\/2018\/05\/last-ned-1-copy-1-e1546625063281-1024x291.jpg 1024w, https:\/\/www.ergocontech.no\/shop\/wp-content\/uploads\/2018\/05\/last-ned-1-copy-1-e1546625063281-300x85.jpg 300w, https:\/\/www.ergocontech.no\/shop\/wp-content\/uploads\/2018\/05\/last-ned-1-copy-1-e1546625063281-768x218.jpg 768w, https:\/\/www.ergocontech.no\/shop\/wp-content\/uploads\/2018\/05\/last-ned-1-copy-1-e1546625063281-416x118.jpg 416w, https:\/\/www.ergocontech.no\/shop\/wp-content\/uploads\/2018\/05\/last-ned-1-copy-1-e1546625063281.jpg 1756w\" sizes=\"(max-width: 169px) 100vw, 169px\" \/><\/a><\/p>\n<p><span style=\"color: #ffffff;\">TOFSW<\/span><\/p>\n","protected":false},"excerpt":{"rendered":"<p>ToFFEE Bluetooth Switch er en tr\u00e5dl\u00f8s bryter som aktiveres ved bevegelser ved eller over den. Den fungerer med de fleste Bluetooth-aktiverte enheter, inkludert PC, Mac, Chromebook, iPad\/iPhone og Android-telefoner og -nettbrett. ToFFEE BT har ti ulike\u00a0 deteksjonsomr\u00e5der som kan velges og utgangsfunksjoner for et bredt spekter av bruksomr\u00e5der. Den er ideell ikke bare for typiske bryterapplikasjoner, men ogs\u00e5 for situasjoner der konvensjonelle brytere ikke er tilstrekkelige. Den ikke krever fysisk kontakt for \u00e5 aktiveres, hvilket gj\u00f8r den ideell for situasjoner der hygiene er viktig.<\/p>\n<p>Farger: Leveres med klistremerker i ulike farger. R\u00f8d, gul, gr\u00f8nn, bl\u00e5.<\/p>\n<p><span style=\"color: #3366ff;\">P\u00e5 produsentlager: Leveringstid 11 dager<\/span><\/p>\n","protected":false},"featured_media":10102,"template":"","meta":[],"product_brand":[],"product_cat":[16,59,24],"product_tag":[],"class_list":{"0":"post-10097","1":"product","2":"type-product","3":"status-publish","4":"has-post-thumbnail","6":"product_cat-brytere","7":"product_cat-middelstore-brytere","8":"product_cat-tradlose-brytere","10":"first","11":"instock","12":"taxable","13":"shipping-taxable","14":"purchasable","15":"product-type-simple"},"_links":{"self":[{"href":"https:\/\/www.ergocontech.no\/shop\/wp-json\/wp\/v2\/product\/10097","targetHints":{"allow":["GET"]}}],"collection":[{"href":"https:\/\/www.ergocontech.no\/shop\/wp-json\/wp\/v2\/product"}],"about":[{"href":"https:\/\/www.ergocontech.no\/shop\/wp-json\/wp\/v2\/types\/product"}],"wp:featuredmedia":[{"embeddable":true,"href":"https:\/\/www.ergocontech.no\/shop\/wp-json\/wp\/v2\/media\/10102"}],"wp:attachment":[{"href":"https:\/\/www.ergocontech.no\/shop\/wp-json\/wp\/v2\/media?parent=10097"}],"wp:term":[{"taxonomy":"product_brand","embeddable":true,"href":"https:\/\/www.ergocontech.no\/shop\/wp-json\/wp\/v2\/product_brand?post=10097"},{"taxonomy":"product_cat","embeddable":true,"href":"https:\/\/www.ergocontech.no\/shop\/wp-json\/wp\/v2\/product_cat?post=10097"},{"taxonomy":"product_tag","embeddable":true,"href":"https:\/\/www.ergocontech.no\/shop\/wp-json\/wp\/v2\/product_tag?post=10097"}],"curies":[{"name":"wp","href":"https:\/\/api.w.org\/{rel}","templated":true}]}}