{"id":10085,"date":"2025-12-16T18:45:57","date_gmt":"2025-12-16T17:45:57","guid":{"rendered":"https:\/\/www.ergocontech.no\/shop\/?post_type=product&#038;p=10085"},"modified":"2025-12-16T21:10:42","modified_gmt":"2025-12-16T20:10:42","slug":"cosmo-laeringssystem","status":"publish","type":"product","link":"https:\/\/www.ergocontech.no\/shop\/produkt\/cosmo-laeringssystem\/","title":{"rendered":"Cosmo l\u00e6ringssystem"},"content":{"rendered":"<div>\n<p><img fetchpriority=\"high\" decoding=\"async\" class=\"alignnone size-large wp-image-10089\" src=\"https:\/\/www.ergocontech.no\/shop\/wp-content\/uploads\/2025\/12\/Image-7-copy-1024x711.jpg\" alt=\"\" width=\"980\" height=\"680\" srcset=\"https:\/\/www.ergocontech.no\/shop\/wp-content\/uploads\/2025\/12\/Image-7-copy-1024x711.jpg 1024w, https:\/\/www.ergocontech.no\/shop\/wp-content\/uploads\/2025\/12\/Image-7-copy-300x208.jpg 300w, https:\/\/www.ergocontech.no\/shop\/wp-content\/uploads\/2025\/12\/Image-7-copy-768x534.jpg 768w, https:\/\/www.ergocontech.no\/shop\/wp-content\/uploads\/2025\/12\/Image-7-copy-1536x1067.jpg 1536w, https:\/\/www.ergocontech.no\/shop\/wp-content\/uploads\/2025\/12\/Image-7-copy-324x225.jpg 324w, https:\/\/www.ergocontech.no\/shop\/wp-content\/uploads\/2025\/12\/Image-7-copy-416x289.jpg 416w, https:\/\/www.ergocontech.no\/shop\/wp-content\/uploads\/2025\/12\/Image-7-copy.jpg 1920w\" sizes=\"(max-width: 980px) 100vw, 980px\" \/><\/p>\n<p>Cosmo er et prisbel\u00f8nt system som p\u00e5 en ny m\u00e5te gj\u00f8r det mulig \u00e5 trene fysiske, kognitive og kommunikative evner.<br \/>\nSystemet best\u00e5r av dynamiske tr\u00e5dl\u00f8se brytere og spesialutviklet programvare som kj\u00f8res via egen iPad.<br \/>\nSystemet gir bryterstyrte aktiviteter med mulighet for variabel vanskelighetsgrad og integrasjon av egen musikk.<\/p>\n<figure><iframe src=\"https:\/\/www.youtube.com\/embed\/CyHfzPQ7r68\" width=\"900\" height=\"455\" frameborder=\"0\" allowfullscreen=\"allowfullscreen\"><\/iframe><\/figure>\n<figure><\/figure>\n<figure><\/figure>\n<figure><\/figure>\n<figure class=\"left top\">Noen apper har aktiviteter med enkel \u00e5rsak\/virkning og noen apper har enkel eller avansert probleml\u00f8sning.<br \/>\nMange av aktivitetene er basert p\u00e5 musikk og rytme og i noen aktiviteter kan egen musikk brukes.<br \/>\nAktivitetene kan utf\u00f8res sammen med andre eller individuelt.<br \/>\nBryterne er oppladbare og tr\u00e5dl\u00f8se med god rekkevidde.<br \/>\nDette gj\u00f8r at bryterne kan plasseres i forhold til brukers fysiske evner og behov for utfordring.<\/figure>\n<p>&nbsp;<\/p>\n<figure><\/figure>\n<figure class=\"left top\"><iframe src=\"https:\/\/player.vimeo.com\/video\/239425455\" width=\"870\" height=\"360\" frameborder=\"0\" allowfullscreen=\"allowfullscreen\"><\/iframe><\/figure>\n<figure class=\"left top\"><span style=\"color: #ffffff;\">cos8100<\/span><\/figure>\n<\/div>\n<p>&nbsp;<\/p>\n","protected":false},"excerpt":{"rendered":"<p>Cosmo gir mulighet for kreativ l\u00e6ring og er en god introduksjon til bryterstyring og kognitiv probleml\u00f8sing.<br \/>\nCosmo best\u00e5r av brytere og ulike aktiviteter i appen Cosmo learning.<br \/>\nAktivitetenes vanskelighetgrad kan stilles i de ulike appene.<br \/>\nCosmo l\u00e6ringssystem: 8 Cosmo brytere, lader, Over 35 Cosmo aktiviteter for iPad i appen Cosmo Learning<\/p>\n<p>(iPad er ikke inkludert) <em>iPad 6th Gen (2018) eller nyere kreves.<\/em><\/p>\n<p><span style=\"color: #3366ff;\">Bestillingsvare: Estimert leveringstid 14 dager<\/span><\/p>\n","protected":false},"featured_media":10087,"template":"","meta":[],"product_brand":[],"product_cat":[16,35,24],"product_tag":[],"class_list":{"0":"post-10085","1":"product","2":"type-product","3":"status-publish","4":"has-post-thumbnail","6":"product_cat-brytere","7":"product_cat-https-www-ergocontech-no-shop-cosmo","8":"product_cat-tradlose-brytere","10":"first","11":"instock","12":"taxable","13":"shipping-taxable","14":"purchasable","15":"product-type-simple"},"_links":{"self":[{"href":"https:\/\/www.ergocontech.no\/shop\/wp-json\/wp\/v2\/product\/10085","targetHints":{"allow":["GET"]}}],"collection":[{"href":"https:\/\/www.ergocontech.no\/shop\/wp-json\/wp\/v2\/product"}],"about":[{"href":"https:\/\/www.ergocontech.no\/shop\/wp-json\/wp\/v2\/types\/product"}],"wp:featuredmedia":[{"embeddable":true,"href":"https:\/\/www.ergocontech.no\/shop\/wp-json\/wp\/v2\/media\/10087"}],"wp:attachment":[{"href":"https:\/\/www.ergocontech.no\/shop\/wp-json\/wp\/v2\/media?parent=10085"}],"wp:term":[{"taxonomy":"product_brand","embeddable":true,"href":"https:\/\/www.ergocontech.no\/shop\/wp-json\/wp\/v2\/product_brand?post=10085"},{"taxonomy":"product_cat","embeddable":true,"href":"https:\/\/www.ergocontech.no\/shop\/wp-json\/wp\/v2\/product_cat?post=10085"},{"taxonomy":"product_tag","embeddable":true,"href":"https:\/\/www.ergocontech.no\/shop\/wp-json\/wp\/v2\/product_tag?post=10085"}],"curies":[{"name":"wp","href":"https:\/\/api.w.org\/{rel}","templated":true}]}}