{"id":10060,"date":"2025-11-27T11:09:14","date_gmt":"2025-11-27T10:09:14","guid":{"rendered":"https:\/\/www.ergocontech.no\/shop\/?post_type=product&#038;p=10060"},"modified":"2025-11-27T11:33:14","modified_gmt":"2025-11-27T10:33:14","slug":"savvy-switch","status":"publish","type":"product","link":"https:\/\/www.ergocontech.no\/shop\/produkt\/savvy-switch\/","title":{"rendered":"Savvy Switch"},"content":{"rendered":"<p>&nbsp;<\/p>\n<p>&nbsp;<\/p>\n<p><span style=\"color: #ffffff;\">5816<\/span><\/p>\n<p>&nbsp;<\/p>\n<p>&nbsp;<\/p>\n<p><span style=\"color: #ffffff;\">SMOO2<\/span><\/p>\n","protected":false},"excerpt":{"rendered":"<p>Enkel bryter med kabel. Jackplug 3,5 mm<\/p>\n<p>50 mm diameter. Farger: R\u00f8d, gul, gr\u00f8nn, bl\u00e5 (leveres med klistremerker i alle farger, slik at du kan velge din favoritt).<\/p>\n<p>Bryteren gir auditiv og taktil tilbakemelding ved aktivering.<\/p>\n<p>&nbsp;<\/p>\n","protected":false},"featured_media":10069,"template":"","meta":[],"product_brand":[],"product_cat":[25,59],"product_tag":[],"class_list":{"0":"post-10060","1":"product","2":"type-product","3":"status-publish","4":"has-post-thumbnail","6":"product_cat-kablede-brytere","7":"product_cat-middelstore-brytere","9":"first","10":"instock","11":"taxable","12":"shipping-taxable","13":"purchasable","14":"product-type-simple"},"_links":{"self":[{"href":"https:\/\/www.ergocontech.no\/shop\/wp-json\/wp\/v2\/product\/10060","targetHints":{"allow":["GET"]}}],"collection":[{"href":"https:\/\/www.ergocontech.no\/shop\/wp-json\/wp\/v2\/product"}],"about":[{"href":"https:\/\/www.ergocontech.no\/shop\/wp-json\/wp\/v2\/types\/product"}],"wp:featuredmedia":[{"embeddable":true,"href":"https:\/\/www.ergocontech.no\/shop\/wp-json\/wp\/v2\/media\/10069"}],"wp:attachment":[{"href":"https:\/\/www.ergocontech.no\/shop\/wp-json\/wp\/v2\/media?parent=10060"}],"wp:term":[{"taxonomy":"product_brand","embeddable":true,"href":"https:\/\/www.ergocontech.no\/shop\/wp-json\/wp\/v2\/product_brand?post=10060"},{"taxonomy":"product_cat","embeddable":true,"href":"https:\/\/www.ergocontech.no\/shop\/wp-json\/wp\/v2\/product_cat?post=10060"},{"taxonomy":"product_tag","embeddable":true,"href":"https:\/\/www.ergocontech.no\/shop\/wp-json\/wp\/v2\/product_tag?post=10060"}],"curies":[{"name":"wp","href":"https:\/\/api.w.org\/{rel}","templated":true}]}}