{"id":10044,"date":"2025-11-17T11:47:12","date_gmt":"2025-11-17T10:47:12","guid":{"rendered":"https:\/\/www.ergocontech.no\/shop\/?post_type=product&#038;p=10044"},"modified":"2026-03-18T18:23:11","modified_gmt":"2026-03-18T17:23:11","slug":"integramouse-air","status":"publish","type":"product","link":"https:\/\/www.ergocontech.no\/shop\/produkt\/integramouse-air\/","title":{"rendered":"IntegraMouse AIR"},"content":{"rendered":"<p>Med IntegraMouse AIR kan slike personer betjene en PC, b\u00e6rbar PC, nettbrett, smarttelefon eller lignende enheter ved hjelp av bare munnen ved \u00e5 bevege leppene eller munnen, ved \u00e5 suge eller bl\u00e5se og med leppebryter. Mulige brukere er personer med h\u00f8y ryggmargsskade, med bilaterale armamputasjoner eller med progressive sykdommer som muskeldystrofi, amyotrofisk lateral sklerose eller multippel sklerose. IntegraMouse AIR kan brukes fra 3 \u00e5r.<\/p>\n<p><img fetchpriority=\"high\" decoding=\"async\" class=\"alignnone wp-image-10074\" src=\"https:\/\/www.ergocontech.no\/shop\/wp-content\/uploads\/2025\/11\/funksjoner-1024x605.jpg\" alt=\"\" width=\"705\" height=\"416\" srcset=\"https:\/\/www.ergocontech.no\/shop\/wp-content\/uploads\/2025\/11\/funksjoner-1024x605.jpg 1024w, https:\/\/www.ergocontech.no\/shop\/wp-content\/uploads\/2025\/11\/funksjoner-300x177.jpg 300w, https:\/\/www.ergocontech.no\/shop\/wp-content\/uploads\/2025\/11\/funksjoner-768x454.jpg 768w, https:\/\/www.ergocontech.no\/shop\/wp-content\/uploads\/2025\/11\/funksjoner-324x191.jpg 324w, https:\/\/www.ergocontech.no\/shop\/wp-content\/uploads\/2025\/11\/funksjoner-416x246.jpg 416w, https:\/\/www.ergocontech.no\/shop\/wp-content\/uploads\/2025\/11\/funksjoner.jpg 1329w\" sizes=\"(max-width: 705px) 100vw, 705px\" \/><\/p>\n<p>IntegraMouse AIR kan kobles til via en USB-kabel eller Bluetooth Low Energy (BLE). Ingen ekstra drivere er n\u00f8dvendig for installasjon (plug and play). St\u00f8ttede operativsystemer er Windows fra Win11, macOS fra OS 12, Android fra versjon 14, iOS fra iOS15 og Linux. IntegraMouse AIR gjenkjennes automatisk som en standard mus, tastatur og gamepad. Hvis kabelen er tilkoblet, er mikrofonen til IntegraMouse AIR ogs\u00e5 installert.<\/p>\n<p>Monteringsl\u00f8sning bestilles separat.<\/p>\n<p><img decoding=\"async\" class=\"alignnone wp-image-10073\" src=\"https:\/\/www.ergocontech.no\/shop\/wp-content\/uploads\/2025\/11\/deler-936x1024.jpg\" alt=\"\" width=\"649\" height=\"710\" srcset=\"https:\/\/www.ergocontech.no\/shop\/wp-content\/uploads\/2025\/11\/deler-936x1024.jpg 936w, https:\/\/www.ergocontech.no\/shop\/wp-content\/uploads\/2025\/11\/deler-274x300.jpg 274w, https:\/\/www.ergocontech.no\/shop\/wp-content\/uploads\/2025\/11\/deler-768x840.jpg 768w, https:\/\/www.ergocontech.no\/shop\/wp-content\/uploads\/2025\/11\/deler-324x354.jpg 324w, https:\/\/www.ergocontech.no\/shop\/wp-content\/uploads\/2025\/11\/deler-416x455.jpg 416w, https:\/\/www.ergocontech.no\/shop\/wp-content\/uploads\/2025\/11\/deler.jpg 948w\" sizes=\"(max-width: 649px) 100vw, 649px\" \/><\/p>\n<p><img decoding=\"async\" class=\"alignnone wp-image-10072\" src=\"https:\/\/www.ergocontech.no\/shop\/wp-content\/uploads\/2025\/11\/tilbehor.jpg\" alt=\"\" width=\"554\" height=\"428\" srcset=\"https:\/\/www.ergocontech.no\/shop\/wp-content\/uploads\/2025\/11\/tilbehor.jpg 710w, https:\/\/www.ergocontech.no\/shop\/wp-content\/uploads\/2025\/11\/tilbehor-300x232.jpg 300w, https:\/\/www.ergocontech.no\/shop\/wp-content\/uploads\/2025\/11\/tilbehor-324x251.jpg 324w, https:\/\/www.ergocontech.no\/shop\/wp-content\/uploads\/2025\/11\/tilbehor-416x322.jpg 416w\" sizes=\"(max-width: 554px) 100vw, 554px\" \/><\/p>\n<table width=\"1340\">\n<tbody>\n<tr>\n<td><a href=\"https:\/\/www.ergocontech.no\/PDF\/Manual IntegraMouse AIR NO_v1.0.pdf\"><img loading=\"lazy\" decoding=\"async\" class=\"alignnone wp-image-10122 \" src=\"https:\/\/www.ergocontech.no\/shop\/wp-content\/uploads\/2025\/11\/Skjermbilde_18-3-2026_173825_www.integramouse.com_.jpeg\" alt=\"\" width=\"211\" height=\"74\" srcset=\"https:\/\/www.ergocontech.no\/shop\/wp-content\/uploads\/2025\/11\/Skjermbilde_18-3-2026_173825_www.integramouse.com_.jpeg 305w, https:\/\/www.ergocontech.no\/shop\/wp-content\/uploads\/2025\/11\/Skjermbilde_18-3-2026_173825_www.integramouse.com_-300x105.jpeg 300w\" sizes=\"(max-width: 211px) 100vw, 211px\" \/><\/a><a href=\"https:\/\/www.ergocontech.no\/PDF\/Quick Guide IntegraMouse AIR NO_v1.0.pdf\"><img loading=\"lazy\" decoding=\"async\" class=\"alignnone wp-image-10121\" src=\"https:\/\/www.ergocontech.no\/shop\/wp-content\/uploads\/2025\/11\/Skjermbilde_18-3-2026_173849_www.integramouse.com_.jpeg\" alt=\"\" width=\"303\" height=\"75\" srcset=\"https:\/\/www.ergocontech.no\/shop\/wp-content\/uploads\/2025\/11\/Skjermbilde_18-3-2026_173849_www.integramouse.com_.jpeg 431w, https:\/\/www.ergocontech.no\/shop\/wp-content\/uploads\/2025\/11\/Skjermbilde_18-3-2026_173849_www.integramouse.com_-300x74.jpeg 300w, https:\/\/www.ergocontech.no\/shop\/wp-content\/uploads\/2025\/11\/Skjermbilde_18-3-2026_173849_www.integramouse.com_-324x80.jpeg 324w, https:\/\/www.ergocontech.no\/shop\/wp-content\/uploads\/2025\/11\/Skjermbilde_18-3-2026_173849_www.integramouse.com_-416x103.jpeg 416w\" sizes=\"(max-width: 303px) 100vw, 303px\" \/><\/a><\/td>\n<td><\/td>\n<td><\/td>\n<td><\/td>\n<\/tr>\n<tr>\n<td><a href=\"https:\/\/www.integratools.at\/redirect\/IMAIR\/Control\/Windows_Setup\"><img loading=\"lazy\" decoding=\"async\" class=\"alignnone wp-image-10123\" src=\"https:\/\/www.ergocontech.no\/shop\/wp-content\/uploads\/2025\/11\/Skjermbilde_18-3-2026_173758_www.integramouse.com_.jpeg\" alt=\"\" width=\"486\" height=\"75\" srcset=\"https:\/\/www.ergocontech.no\/shop\/wp-content\/uploads\/2025\/11\/Skjermbilde_18-3-2026_173758_www.integramouse.com_.jpeg 699w, https:\/\/www.ergocontech.no\/shop\/wp-content\/uploads\/2025\/11\/Skjermbilde_18-3-2026_173758_www.integramouse.com_-300x46.jpeg 300w, https:\/\/www.ergocontech.no\/shop\/wp-content\/uploads\/2025\/11\/Skjermbilde_18-3-2026_173758_www.integramouse.com_-324x50.jpeg 324w, https:\/\/www.ergocontech.no\/shop\/wp-content\/uploads\/2025\/11\/Skjermbilde_18-3-2026_173758_www.integramouse.com_-416x64.jpeg 416w\" sizes=\"(max-width: 486px) 100vw, 486px\" \/><\/a><a href=\"http:\/\/www.integratools.at\/redirect\/IMAIR\/Control\/MacOS_Setup\"><img loading=\"lazy\" decoding=\"async\" class=\"alignnone wp-image-10124\" src=\"https:\/\/www.ergocontech.no\/shop\/wp-content\/uploads\/2025\/11\/Skjermbilde_18-3-2026_173742_www.integramouse.com_.jpeg\" alt=\"\" width=\"478\" height=\"80\" srcset=\"https:\/\/www.ergocontech.no\/shop\/wp-content\/uploads\/2025\/11\/Skjermbilde_18-3-2026_173742_www.integramouse.com_.jpeg 669w, https:\/\/www.ergocontech.no\/shop\/wp-content\/uploads\/2025\/11\/Skjermbilde_18-3-2026_173742_www.integramouse.com_-300x50.jpeg 300w, https:\/\/www.ergocontech.no\/shop\/wp-content\/uploads\/2025\/11\/Skjermbilde_18-3-2026_173742_www.integramouse.com_-324x54.jpeg 324w, https:\/\/www.ergocontech.no\/shop\/wp-content\/uploads\/2025\/11\/Skjermbilde_18-3-2026_173742_www.integramouse.com_-416x70.jpeg 416w\" sizes=\"(max-width: 478px) 100vw, 478px\" \/><\/a><\/td>\n<td><\/td>\n<td><\/td>\n<td><\/td>\n<\/tr>\n<\/tbody>\n<\/table>\n<p>&nbsp;<\/p>\n<p><span style=\"color: #ffffff;\">IMAIR<\/span><\/p>\n","protected":false},"excerpt":{"rendered":"<p>IntegraMouse AIR er en fullverdig datamus som betjenes med munnen og delvis med leppene. Den har i tillegg spillkontroll-modus og et tastatur-modus som kan brukes ved gaming. IntegraMouse AIR brukes til \u00e5 kompensere for eller lindre funksjonshemminger der personen har en motorisk svekkelse i de \u00f8vre ekstremitetene (f.eks. quadriplegi) for \u00e5 betjene en datamaskin eller mobile enheter.<\/p>\n<p>HMS art.nr: 157654<\/p>\n<p>&nbsp;<\/p>\n","protected":false},"featured_media":10045,"template":"","meta":[],"product_brand":[],"product_cat":[32,80,42,82,53],"product_tag":[],"class_list":{"0":"post-10044","1":"product","2":"type-product","3":"status-publish","4":"has-post-thumbnail","6":"product_cat-gaming","7":"product_cat-joystick","8":"product_cat-mus","9":"product_cat-pc","10":"product_cat-sug-blas","12":"first","13":"instock","14":"taxable","15":"shipping-taxable","16":"product-type-simple"},"_links":{"self":[{"href":"https:\/\/www.ergocontech.no\/shop\/wp-json\/wp\/v2\/product\/10044","targetHints":{"allow":["GET"]}}],"collection":[{"href":"https:\/\/www.ergocontech.no\/shop\/wp-json\/wp\/v2\/product"}],"about":[{"href":"https:\/\/www.ergocontech.no\/shop\/wp-json\/wp\/v2\/types\/product"}],"wp:featuredmedia":[{"embeddable":true,"href":"https:\/\/www.ergocontech.no\/shop\/wp-json\/wp\/v2\/media\/10045"}],"wp:attachment":[{"href":"https:\/\/www.ergocontech.no\/shop\/wp-json\/wp\/v2\/media?parent=10044"}],"wp:term":[{"taxonomy":"product_brand","embeddable":true,"href":"https:\/\/www.ergocontech.no\/shop\/wp-json\/wp\/v2\/product_brand?post=10044"},{"taxonomy":"product_cat","embeddable":true,"href":"https:\/\/www.ergocontech.no\/shop\/wp-json\/wp\/v2\/product_cat?post=10044"},{"taxonomy":"product_tag","embeddable":true,"href":"https:\/\/www.ergocontech.no\/shop\/wp-json\/wp\/v2\/product_tag?post=10044"}],"curies":[{"name":"wp","href":"https:\/\/api.w.org\/{rel}","templated":true}]}}