{"id":10035,"date":"2025-11-17T09:16:47","date_gmt":"2025-11-17T08:16:47","guid":{"rendered":"https:\/\/www.ergocontech.no\/shop\/?post_type=product&#038;p=10035"},"modified":"2025-11-24T18:31:05","modified_gmt":"2025-11-24T17:31:05","slug":"iswitch-50","status":"publish","type":"product","link":"https:\/\/www.ergocontech.no\/shop\/produkt\/iswitch-50\/","title":{"rendered":"iSwitch 50"},"content":{"rendered":"<p>Bryteren kan programmeres til \u00e5 v\u00e6re en av de 24 tilgjengelige funksjonene, som inkluderer alt du trenger for \u00e5 oppn\u00e5 brytertilpasset apptilgang, medietilgang eller full navigasjon ved hjelp av iOS-bryterkontroll eller Android-brytertilgang.<\/p>\n<p>Volum opp og volum ned kan brukes til \u00e5 ta bilder og video i kameraappen, og spill av\/pause, hopp fremover og hopp bakover kan brukes til \u00e5 navigere og spille av musikk og video i en rekke apper.<\/p>\n<p>Tidsavspillingsfunksjoner er ogs\u00e5 tilgjengelige for \u00e5 gi enten 10 sekunder eller 30 sekunder med musikk- eller videoavspilling, og brukes ofte som en bel\u00f8nning etter at brukeren har fullf\u00f8rt en \u00f8velse.<\/p>\n<ul>\n<li>Rekkevidde p\u00e5 ca. 20 meter.<\/li>\n<li>Oppladbart litiumionbatteri via medf\u00f8lgende USB-kabel.<\/li>\n<li>Innebygd 50 mm bryter.<\/li>\n<li>Sv\u00e6rt robust.<\/li>\n<li>Manuell avstenging for \u00e5 forhindre utilsiktet oppv\u00e5kning under transport.<\/li>\n<\/ul>\n<p><a href=\"https:\/\/www.ergocontech.no\/PDF\/iSwitch50-Manual.pdf\"><img decoding=\"async\" class=\"alignnone wp-image-778\" src=\"https:\/\/www.ergocontech.no\/shop\/wp-content\/uploads\/2018\/05\/last-ned-1-copy-1-e1546625063281-1024x291.jpg\" alt=\"\" width=\"169\" height=\"48\" srcset=\"https:\/\/www.ergocontech.no\/shop\/wp-content\/uploads\/2018\/05\/last-ned-1-copy-1-e1546625063281-1024x291.jpg 1024w, https:\/\/www.ergocontech.no\/shop\/wp-content\/uploads\/2018\/05\/last-ned-1-copy-1-e1546625063281-300x85.jpg 300w, https:\/\/www.ergocontech.no\/shop\/wp-content\/uploads\/2018\/05\/last-ned-1-copy-1-e1546625063281-768x218.jpg 768w, https:\/\/www.ergocontech.no\/shop\/wp-content\/uploads\/2018\/05\/last-ned-1-copy-1-e1546625063281-416x118.jpg 416w, https:\/\/www.ergocontech.no\/shop\/wp-content\/uploads\/2018\/05\/last-ned-1-copy-1-e1546625063281.jpg 1756w\" sizes=\"(max-width: 169px) 100vw, 169px\" \/><\/a><\/p>\n<p><span style=\"color: #ffffff;\">ISW50<\/span><\/p>\n","protected":false},"excerpt":{"rendered":"<p>iSwitch50 er en Bluetooth-bryter med 50 mm diameter som gir tilgang til iOS, Android eller andre Bluetooth-aktiverte enheter, inkludert de fleste ASK-enheter.<br \/>\nFarger: R\u00f8d, gul, gr\u00f8nn, bl\u00e5 (leveres med klistremerker i alle farger, slik at du kan velge din favoritt).<\/p>\n<p><span style=\"color: #3366ff;\">P\u00e5 produsentlager: Leveringstid 11 dager<\/span><\/p>\n","protected":false},"featured_media":10043,"template":"","meta":[],"product_brand":[],"product_cat":[16,59,24],"product_tag":[],"class_list":{"0":"post-10035","1":"product","2":"type-product","3":"status-publish","4":"has-post-thumbnail","6":"product_cat-brytere","7":"product_cat-middelstore-brytere","8":"product_cat-tradlose-brytere","10":"first","11":"instock","12":"taxable","13":"shipping-taxable","14":"purchasable","15":"product-type-simple"},"_links":{"self":[{"href":"https:\/\/www.ergocontech.no\/shop\/wp-json\/wp\/v2\/product\/10035","targetHints":{"allow":["GET"]}}],"collection":[{"href":"https:\/\/www.ergocontech.no\/shop\/wp-json\/wp\/v2\/product"}],"about":[{"href":"https:\/\/www.ergocontech.no\/shop\/wp-json\/wp\/v2\/types\/product"}],"wp:featuredmedia":[{"embeddable":true,"href":"https:\/\/www.ergocontech.no\/shop\/wp-json\/wp\/v2\/media\/10043"}],"wp:attachment":[{"href":"https:\/\/www.ergocontech.no\/shop\/wp-json\/wp\/v2\/media?parent=10035"}],"wp:term":[{"taxonomy":"product_brand","embeddable":true,"href":"https:\/\/www.ergocontech.no\/shop\/wp-json\/wp\/v2\/product_brand?post=10035"},{"taxonomy":"product_cat","embeddable":true,"href":"https:\/\/www.ergocontech.no\/shop\/wp-json\/wp\/v2\/product_cat?post=10035"},{"taxonomy":"product_tag","embeddable":true,"href":"https:\/\/www.ergocontech.no\/shop\/wp-json\/wp\/v2\/product_tag?post=10035"}],"curies":[{"name":"wp","href":"https:\/\/api.w.org\/{rel}","templated":true}]}}