{"id":10022,"date":"2025-11-13T18:57:17","date_gmt":"2025-11-13T17:57:17","guid":{"rendered":"https:\/\/www.ergocontech.no\/shop\/?post_type=product&#038;p=10022"},"modified":"2025-11-17T08:15:34","modified_gmt":"2025-11-17T07:15:34","slug":"toffee-wired-switch","status":"publish","type":"product","link":"https:\/\/www.ergocontech.no\/shop\/produkt\/toffee-wired-switch\/","title":{"rendered":"ToFFEE Wired Switch"},"content":{"rendered":"<p>I motsetning til andre n\u00e6rhetsbrytere som krever kontakt eller sv\u00e6rt kort avstand, bruker ToFFEE avansert Time-of-Flight (ToF)-teknologi for \u00e5 oppdage ethvert ugjennomsiktig objekt, uavhengig av farge, materiale eller overflatetekstur. Dette betyr at den fungerer p\u00e5litelig med alle hudtoner, og ikke p\u00e5virkes av kl\u00e6r, h\u00e5r eller tildekking.<\/p>\n<p>Med mulighet for valg av ulike modus, som direkte, av\/p\u00e5, ett-klikk, dobbeltklikk og forsinket dra-modus, kan ToFFEE brukes i nesten alle situasjoner, inkludert leket\u00f8yskontroll, datatilgang, ASK-tilgang, omgivelseskontroll eller hvor som helst der du ville bruke en konvensjonell bryter.<\/p>\n<p>Valgfri auditiv og visuell tilbakemelding betyr at den kan f\u00e5s til \u00e5 h\u00f8res akkurat som en konvensjonell bryter. Bryteren drives av et internt oppladbart litiumbatteri som gir rundt 25 timers bruk mellom ladninger. Programmerbare str\u00f8minnstillinger lar brukeren velge om og n\u00e5r enheten g\u00e5r i dvalemodus p\u00e5 grunn av inaktivitet. Den kan ogs\u00e5 settes i dvalemodus manuelt for enkel transport.<\/p>\n<p>ToFFEE kan monteres ved hjelp av braketter i industristandard, slik at den kan betjenes med nesten hvilken som helst del av kroppen, som brukerens h\u00e5nd, arm, kne, hode eller til og med ved \u00e5 bl\u00e5se ut kinnet.<\/p>\n<p>Mulighet \u00e5 velge mellom ti aktiveringsavstander: fra 0 mm opptil 500 mm.<\/p>\n<p><a href=\"https:\/\/www.ergocontech.no\/PDF\/ToFFEE-Manual.pdf\"><img decoding=\"async\" class=\"alignnone wp-image-778\" src=\"https:\/\/www.ergocontech.no\/shop\/wp-content\/uploads\/2018\/05\/last-ned-1-copy-1-e1546625063281-1024x291.jpg\" alt=\"\" width=\"169\" height=\"48\" srcset=\"https:\/\/www.ergocontech.no\/shop\/wp-content\/uploads\/2018\/05\/last-ned-1-copy-1-e1546625063281-1024x291.jpg 1024w, https:\/\/www.ergocontech.no\/shop\/wp-content\/uploads\/2018\/05\/last-ned-1-copy-1-e1546625063281-300x85.jpg 300w, https:\/\/www.ergocontech.no\/shop\/wp-content\/uploads\/2018\/05\/last-ned-1-copy-1-e1546625063281-768x218.jpg 768w, https:\/\/www.ergocontech.no\/shop\/wp-content\/uploads\/2018\/05\/last-ned-1-copy-1-e1546625063281-416x118.jpg 416w, https:\/\/www.ergocontech.no\/shop\/wp-content\/uploads\/2018\/05\/last-ned-1-copy-1-e1546625063281.jpg 1756w\" sizes=\"(max-width: 169px) 100vw, 169px\" \/><\/a><\/p>\n<p><span style=\"color: #ffffff;\">TOFSW<\/span><\/p>\n","protected":false},"excerpt":{"rendered":"<p>ToFFEE Wired Switch er en unik og sv\u00e6rt allsidig bryter som aktiveres ved bevegelser ved eller over den. Den har samme bruksomr\u00e5der som en mekanisk bryter og har en diameter p\u00e5 50 mm. Med ti valgbare deteksjonsomr\u00e5der og flere moduser, er ToFFEE ideell ikke bare for typiske bryterapplikasjoner, men ogs\u00e5 for situasjoner der konvensjonelle brytere kommer til kort. Og fordi den ikke krever kontakt for \u00e5 fungere, er den ideell for situasjoner der hygiene er viktig.<\/p>\n<p>Farger: Leveres med klistremerker i ulike farger. R\u00f8d, gul, gr\u00f8nn, bl\u00e5.<\/p>\n<p><span style=\"color: #3366ff;\">P\u00e5 produsentlager: Leveringstid 11 dager<\/span><\/p>\n","protected":false},"featured_media":10033,"template":"","meta":[],"product_brand":[],"product_cat":[16,25,59],"product_tag":[],"class_list":{"0":"post-10022","1":"product","2":"type-product","3":"status-publish","4":"has-post-thumbnail","6":"product_cat-brytere","7":"product_cat-kablede-brytere","8":"product_cat-middelstore-brytere","10":"first","11":"instock","12":"taxable","13":"shipping-taxable","14":"purchasable","15":"product-type-simple"},"_links":{"self":[{"href":"https:\/\/www.ergocontech.no\/shop\/wp-json\/wp\/v2\/product\/10022","targetHints":{"allow":["GET"]}}],"collection":[{"href":"https:\/\/www.ergocontech.no\/shop\/wp-json\/wp\/v2\/product"}],"about":[{"href":"https:\/\/www.ergocontech.no\/shop\/wp-json\/wp\/v2\/types\/product"}],"wp:featuredmedia":[{"embeddable":true,"href":"https:\/\/www.ergocontech.no\/shop\/wp-json\/wp\/v2\/media\/10033"}],"wp:attachment":[{"href":"https:\/\/www.ergocontech.no\/shop\/wp-json\/wp\/v2\/media?parent=10022"}],"wp:term":[{"taxonomy":"product_brand","embeddable":true,"href":"https:\/\/www.ergocontech.no\/shop\/wp-json\/wp\/v2\/product_brand?post=10022"},{"taxonomy":"product_cat","embeddable":true,"href":"https:\/\/www.ergocontech.no\/shop\/wp-json\/wp\/v2\/product_cat?post=10022"},{"taxonomy":"product_tag","embeddable":true,"href":"https:\/\/www.ergocontech.no\/shop\/wp-json\/wp\/v2\/product_tag?post=10022"}],"curies":[{"name":"wp","href":"https:\/\/api.w.org\/{rel}","templated":true}]}}