{"id":10005,"date":"2025-11-12T18:02:43","date_gmt":"2025-11-12T17:02:43","guid":{"rendered":"https:\/\/www.ergocontech.no\/shop\/?post_type=product&#038;p=10005"},"modified":"2025-12-15T11:03:41","modified_gmt":"2025-12-15T10:03:41","slug":"buddy-button-ic","status":"publish","type":"product","link":"https:\/\/www.ergocontech.no\/shop\/produkt\/buddy-button-ic\/","title":{"rendered":"Buddy Button IC"},"content":{"rendered":"<p>Enkel bryter med kabel.<\/p>\n<p>Bryteren gir auditiv og taktil tilbakemelding ved aktivering.<\/p>\n<p>Jackplug 3,5 mm<\/p>\n<p>Lavt design. 65 mm diameter.<\/p>\n<p>Ber\u00f8ringstrykk. 217-gram<\/p>\n<p>Kabellengde: 152 cm<\/p>\n<p>Ved montering p\u00e5 monteringsarm passer:<br \/>\n<a href=\"https:\/\/www.ergocontech.no\/shop\/produkt\/monteringsplate-n4\/\">Monteringsplate N4<\/a> Art.nr: 1002540<\/p>\n<p><a href=\"https:\/\/www.ergocontech.no\/PDF\/single_switch_quick_start_guide.pdf\"><img decoding=\"async\" class=\"alignnone wp-image-778\" src=\"https:\/\/www.ergocontech.no\/shop\/wp-content\/uploads\/2018\/05\/last-ned-1-copy-1-e1546625063281-1024x291.jpg\" alt=\"\" width=\"169\" height=\"48\" srcset=\"https:\/\/www.ergocontech.no\/shop\/wp-content\/uploads\/2018\/05\/last-ned-1-copy-1-e1546625063281-1024x291.jpg 1024w, https:\/\/www.ergocontech.no\/shop\/wp-content\/uploads\/2018\/05\/last-ned-1-copy-1-e1546625063281-300x85.jpg 300w, https:\/\/www.ergocontech.no\/shop\/wp-content\/uploads\/2018\/05\/last-ned-1-copy-1-e1546625063281-768x218.jpg 768w, https:\/\/www.ergocontech.no\/shop\/wp-content\/uploads\/2018\/05\/last-ned-1-copy-1-e1546625063281-416x118.jpg 416w, https:\/\/www.ergocontech.no\/shop\/wp-content\/uploads\/2018\/05\/last-ned-1-copy-1-e1546625063281.jpg 1756w\" sizes=\"(max-width: 169px) 100vw, 169px\" \/><\/a><\/p>\n<p><span style=\"color: #ffffff;\">10000115<\/span><\/p>\n","protected":false},"excerpt":{"rendered":"<p>Enkel bryter med kabel. Jackplug 3,5 mm.<\/p>\n<p>Lavt design. 65 mm diameter.\u00a0 N\u00e5 med 5 utbyttbare aktiveringsflater. Svart, r\u00f8d, gr\u00f8nn, gul, og bl\u00e5.<\/p>\n<p>HMS art.nr: 331925<\/p>\n<p>&nbsp;<\/p>\n","protected":false},"featured_media":10019,"template":"","meta":[],"product_brand":[],"product_cat":[25,59],"product_tag":[],"class_list":{"0":"post-10005","1":"product","2":"type-product","3":"status-publish","4":"has-post-thumbnail","6":"product_cat-kablede-brytere","7":"product_cat-middelstore-brytere","9":"first","10":"instock","11":"taxable","12":"shipping-taxable","13":"purchasable","14":"product-type-simple"},"_links":{"self":[{"href":"https:\/\/www.ergocontech.no\/shop\/wp-json\/wp\/v2\/product\/10005","targetHints":{"allow":["GET"]}}],"collection":[{"href":"https:\/\/www.ergocontech.no\/shop\/wp-json\/wp\/v2\/product"}],"about":[{"href":"https:\/\/www.ergocontech.no\/shop\/wp-json\/wp\/v2\/types\/product"}],"wp:featuredmedia":[{"embeddable":true,"href":"https:\/\/www.ergocontech.no\/shop\/wp-json\/wp\/v2\/media\/10019"}],"wp:attachment":[{"href":"https:\/\/www.ergocontech.no\/shop\/wp-json\/wp\/v2\/media?parent=10005"}],"wp:term":[{"taxonomy":"product_brand","embeddable":true,"href":"https:\/\/www.ergocontech.no\/shop\/wp-json\/wp\/v2\/product_brand?post=10005"},{"taxonomy":"product_cat","embeddable":true,"href":"https:\/\/www.ergocontech.no\/shop\/wp-json\/wp\/v2\/product_cat?post=10005"},{"taxonomy":"product_tag","embeddable":true,"href":"https:\/\/www.ergocontech.no\/shop\/wp-json\/wp\/v2\/product_tag?post=10005"}],"curies":[{"name":"wp","href":"https:\/\/api.w.org\/{rel}","templated":true}]}}