{"id":9031,"date":"2022-11-01T10:36:25","date_gmt":"2022-11-01T09:36:25","guid":{"rendered":"https:\/\/www.ergocontech.no\/shop\/?page_id=9031"},"modified":"2022-11-01T11:08:19","modified_gmt":"2022-11-01T10:08:19","slug":"gaming-historier","status":"publish","type":"page","link":"https:\/\/www.ergocontech.no\/shop\/gaming-historier\/","title":{"rendered":"Gaming historier"},"content":{"rendered":"\n<figure class=\"wp-block-table\"><table class=\"has-white-background-color has-background\"><tbody><tr><td><em>Historier og bilder er delt med tillatelse fra v\u00e5re venner i Nederland som driver stiftelsen bak <a href=\"https:\/\/www.nmagaming.nl\">NMA Gaming<\/a><\/em><br>NMA Gaming l\u00e5ner ut og gir oppl\u00e6ring i bruk av gamingutstyr, til personer med ulike behov i Nederland.<br>Deling av l\u00f8sninger og erfaringer andre har f\u00e5tt til, kan v\u00e6re til god hjelp for andre.<br>Hvis du \u00f8nsker \u00e5 dele dine erfaringer, <a href=\"mailto:post@ergocontech.no\">Ta kontakt \ud83d\ude42<\/a><\/td><\/tr><\/tbody><\/table><\/figure>\n\n\n\n<figure class=\"wp-block-table alignleft is-style-regular\"><table><tbody><tr><td><a href=\"https:\/\/www.ergocontech.no\/shop\/robin\/\" data-type=\"page\" data-id=\"9015\"><img fetchpriority=\"high\" decoding=\"async\" width=\"500\" height=\"500\" class=\"wp-image-9042\" style=\"width: 500px;\" src=\"https:\/\/www.ergocontech.no\/shop\/wp-content\/uploads\/2022\/10\/robin-13-3-2021-1024x627-1.jpeg\" alt=\"\" srcset=\"https:\/\/www.ergocontech.no\/shop\/wp-content\/uploads\/2022\/10\/robin-13-3-2021-1024x627-1.jpeg 498w, https:\/\/www.ergocontech.no\/shop\/wp-content\/uploads\/2022\/10\/robin-13-3-2021-1024x627-1-300x300.jpeg 300w, https:\/\/www.ergocontech.no\/shop\/wp-content\/uploads\/2022\/10\/robin-13-3-2021-1024x627-1-150x150.jpeg 150w, https:\/\/www.ergocontech.no\/shop\/wp-content\/uploads\/2022\/10\/robin-13-3-2021-1024x627-1-324x324.jpeg 324w, https:\/\/www.ergocontech.no\/shop\/wp-content\/uploads\/2022\/10\/robin-13-3-2021-1024x627-1-416x416.jpeg 416w, https:\/\/www.ergocontech.no\/shop\/wp-content\/uploads\/2022\/10\/robin-13-3-2021-1024x627-1-100x100.jpeg 100w\" sizes=\"(max-width: 500px) 100vw, 500px\" \/><\/a><\/td><td><a href=\"https:\/\/www.ergocontech.no\/shop\/cynthia\/\" data-type=\"page\" data-id=\"9020\"><img decoding=\"async\" width=\"500\" height=\"500\" class=\"wp-image-9041\" style=\"width: 500px;\" src=\"https:\/\/www.ergocontech.no\/shop\/wp-content\/uploads\/2022\/10\/Cynthia-blog-1024x576-1.jpg\" alt=\"\" srcset=\"https:\/\/www.ergocontech.no\/shop\/wp-content\/uploads\/2022\/10\/Cynthia-blog-1024x576-1.jpg 385w, https:\/\/www.ergocontech.no\/shop\/wp-content\/uploads\/2022\/10\/Cynthia-blog-1024x576-1-300x300.jpg 300w, https:\/\/www.ergocontech.no\/shop\/wp-content\/uploads\/2022\/10\/Cynthia-blog-1024x576-1-150x150.jpg 150w, https:\/\/www.ergocontech.no\/shop\/wp-content\/uploads\/2022\/10\/Cynthia-blog-1024x576-1-324x324.jpg 324w, https:\/\/www.ergocontech.no\/shop\/wp-content\/uploads\/2022\/10\/Cynthia-blog-1024x576-1-100x100.jpg 100w\" sizes=\"(max-width: 500px) 100vw, 500px\" \/><\/a><\/td><\/tr><tr><td><a href=\"https:\/\/www.ergocontech.no\/shop\/elroy\/\" data-type=\"page\" data-id=\"9028\"><img decoding=\"async\" width=\"500\" height=\"500\" class=\"wp-image-9043\" style=\"width: 500px;\" src=\"https:\/\/www.ergocontech.no\/shop\/wp-content\/uploads\/2022\/10\/elroy-2.jpeg\" alt=\"\" srcset=\"https:\/\/www.ergocontech.no\/shop\/wp-content\/uploads\/2022\/10\/elroy-2.jpeg 924w, https:\/\/www.ergocontech.no\/shop\/wp-content\/uploads\/2022\/10\/elroy-2-300x300.jpeg 300w, https:\/\/www.ergocontech.no\/shop\/wp-content\/uploads\/2022\/10\/elroy-2-150x150.jpeg 150w, https:\/\/www.ergocontech.no\/shop\/wp-content\/uploads\/2022\/10\/elroy-2-768x768.jpeg 768w, https:\/\/www.ergocontech.no\/shop\/wp-content\/uploads\/2022\/10\/elroy-2-324x324.jpeg 324w, https:\/\/www.ergocontech.no\/shop\/wp-content\/uploads\/2022\/10\/elroy-2-416x416.jpeg 416w, https:\/\/www.ergocontech.no\/shop\/wp-content\/uploads\/2022\/10\/elroy-2-100x100.jpeg 100w\" sizes=\"(max-width: 500px) 100vw, 500px\" \/><\/a><\/td><td><a href=\"https:\/\/www.ergocontech.no\/shop\/eris\/\" data-type=\"page\" data-id=\"9024\"><img loading=\"lazy\" decoding=\"async\" width=\"500\" height=\"500\" class=\"wp-image-9048\" style=\"width: 500px;\" src=\"https:\/\/www.ergocontech.no\/shop\/wp-content\/uploads\/2022\/11\/eris-speelt-Disney-Adventures-1024x311-1.jpg\" alt=\"\" srcset=\"https:\/\/www.ergocontech.no\/shop\/wp-content\/uploads\/2022\/11\/eris-speelt-Disney-Adventures-1024x311-1.jpg 312w, https:\/\/www.ergocontech.no\/shop\/wp-content\/uploads\/2022\/11\/eris-speelt-Disney-Adventures-1024x311-1-300x300.jpg 300w, https:\/\/www.ergocontech.no\/shop\/wp-content\/uploads\/2022\/11\/eris-speelt-Disney-Adventures-1024x311-1-150x150.jpg 150w, https:\/\/www.ergocontech.no\/shop\/wp-content\/uploads\/2022\/11\/eris-speelt-Disney-Adventures-1024x311-1-100x100.jpg 100w\" sizes=\"(max-width: 500px) 100vw, 500px\" \/><\/a><\/td><\/tr><\/tbody><\/table><\/figure>\n","protected":false},"excerpt":{"rendered":"<p>Historier og bilder er delt med tillatelse fra v\u00e5re venner i Nederland som driver stiftelsen bak NMA GamingNMA Gaming l\u00e5ner ut og gir oppl\u00e6ring i bruk av gamingutstyr, til personer med ulike behov i Nederland.Deling av l\u00f8sninger og erfaringer andre har f\u00e5tt til, kan v\u00e6re til god hjelp for andre.Hvis du \u00f8nsker \u00e5 dele dine [&hellip;]<\/p>\n","protected":false},"author":1,"featured_media":0,"parent":0,"menu_order":0,"comment_status":"closed","ping_status":"closed","template":"","meta":{"footnotes":""},"class_list":["post-9031","page","type-page","status-publish","hentry"],"_links":{"self":[{"href":"https:\/\/www.ergocontech.no\/shop\/wp-json\/wp\/v2\/pages\/9031","targetHints":{"allow":["GET"]}}],"collection":[{"href":"https:\/\/www.ergocontech.no\/shop\/wp-json\/wp\/v2\/pages"}],"about":[{"href":"https:\/\/www.ergocontech.no\/shop\/wp-json\/wp\/v2\/types\/page"}],"author":[{"embeddable":true,"href":"https:\/\/www.ergocontech.no\/shop\/wp-json\/wp\/v2\/users\/1"}],"replies":[{"embeddable":true,"href":"https:\/\/www.ergocontech.no\/shop\/wp-json\/wp\/v2\/comments?post=9031"}],"version-history":[{"count":14,"href":"https:\/\/www.ergocontech.no\/shop\/wp-json\/wp\/v2\/pages\/9031\/revisions"}],"predecessor-version":[{"id":9066,"href":"https:\/\/www.ergocontech.no\/shop\/wp-json\/wp\/v2\/pages\/9031\/revisions\/9066"}],"wp:attachment":[{"href":"https:\/\/www.ergocontech.no\/shop\/wp-json\/wp\/v2\/media?parent=9031"}],"curies":[{"name":"wp","href":"https:\/\/api.w.org\/{rel}","templated":true}]}}