{"id":9028,"date":"2022-11-01T10:37:12","date_gmt":"2022-11-01T09:37:12","guid":{"rendered":"https:\/\/www.ergocontech.no\/shop\/?page_id=9028"},"modified":"2022-11-01T10:37:12","modified_gmt":"2022-11-01T09:37:12","slug":"elroy","status":"publish","type":"page","link":"https:\/\/www.ergocontech.no\/shop\/elroy\/","title":{"rendered":"Elroy"},"content":{"rendered":"\n<p><em>Historien og bilder er delt med tillatelse fra v\u00e5re venner i Nederland som driver stiftelsen bak <a href=\"https:\/\/www.nmagaming.nl\">NMA Gaming<\/a><\/em><\/p>\n\n\n\n<p>Den 21 \u00e5r gamle Elroy har noen store lidenskaper. For eksempel elsker han musikk veldig mye. I tillegg til sitt arbeid er Elroy DJ og har sitt eget radioprogram <a href=\"https:\/\/www.madcapradio.nl\/\">Madcap radio.<\/a>&nbsp;I tillegg til musikken har han en annen lidenskap, og det er spill. Elroy har bilateral cerebral parese. Som et resultat er han i en elektrisk rullestol. Han lider av muskelspenninger og ufrivillige bevegelser. Alt som gj\u00f8r spill ganske vanskelig.<br>Sammen med sin far kom han opp med en veldig fin l\u00f8sning, spillbordet.<\/p>\n\n\n\n<figure class=\"wp-block-image\"><img decoding=\"async\" src=\"https:\/\/www.nmagaming.nl\/wp-content\/uploads\/2020\/07\/elroy-2.jpeg\" alt=\"\" class=\"wp-image-1632\"\/><\/figure>\n\n\n\n<h3 class=\"wp-block-heading\">Elroys spilloppsett<\/h3>\n\n\n\n<p>Elroy bruker <a rel=\"noreferrer noopener\" href=\"https:\/\/www.xbox.com\/nb-NO\/accessories\/controllers\/xbox-adaptive-controller\" target=\"_blank\">Xbox adaptiv kontroller.<\/a>&nbsp;Her kobler han brytere og en stor joystick. Disse bryterne og joysticken erstatter de sm\u00e5 knappene og venstre tommel joystick p\u00e5 standardkontrolleren. Bryterne kommer fra Logitechs adaptive spillsett. Den store robuste Extreme 3D Pro joystick ogs\u00e5 fra Logitech.<\/p>\n\n\n<div class=\"wp-block-image\">\n<figure class=\"alignleft is-resized\"><img decoding=\"async\" src=\"https:\/\/www.nmagaming.nl\/wp-content\/uploads\/2021\/04\/let-op.png\" alt=\"\" class=\"wp-image-2833\" width=\"73\" height=\"68\"\/><\/figure>\n<\/div>\n\n\n<h3 class=\"wp-block-heading\">ADVARSEL:<\/h3>\n\n\n\n<p>Den nyeste versjonen av 3D Pro-joysticken fungerer bare med Xbox Adaptive Controllers medden nyeste fastvaren.&nbsp;Kontroller at konsollens operativsystem og kontrollerens fastvare er oppdatert!<\/p>\n\n\n\n<h3 class=\"wp-block-heading\"><\/h3>\n\n\n\n<h3 class=\"wp-block-heading\">FIFA<\/h3>\n\n\n\n<p>Elroys favorittspill er FIFA. Han bruker Logitech-joysticken for \u00e5 la fotballspillerne g\u00e5 i spillet. P\u00e5 Logitech-joysticken er det et stort antall knapper. Elroys bruker 2 av disse knappene for funksjoner A og B. Disse er p\u00e5 et lett tilgjengelig sted. I tillegg til joysticken bruker Elroy en rekke eksterne brytere hos FIFA. Med disse bryterne fra det adaptive spillsettet&nbsp;styrer han funksjonene RT, LT, X og Y. Bryterne er p\u00e5 bordet foran ham p\u00e5 borrel\u00e5smatter.<\/p>\n\n\n\n<figure class=\"wp-block-image\"><img decoding=\"async\" src=\"https:\/\/www.nmagaming.nl\/wp-content\/uploads\/2020\/07\/Elroy-layout-Joy-aangepast.jpg\" alt=\"\" class=\"wp-image-1644\"\/><\/figure>\n\n\n\n<figure class=\"wp-block-image\"><img decoding=\"async\" src=\"https:\/\/www.nmagaming.nl\/wp-content\/uploads\/2020\/07\/Elroy-layout-XAC-1024x576.jpg\" alt=\"\" class=\"wp-image-1643\"\/><\/figure>\n\n\n\n<h3 class=\"wp-block-heading\">Spillbord<\/h3>\n\n\n\n<p>Elroy har sitt eget spillbord! Dette ble laget av hans far. Alle n\u00f8dvendigheter er p\u00e5 rett sted. Rullestolen kan kj\u00f8res under. Nederst er en plate der rullestolens forhjul forblir. Super l\u00f8sning dette spillet bordet.<\/p>\n\n\n\n<p>Elroy trenger ikke lenger \u00e5 be foreldrene om hjelp n\u00e5r han vil spille spill.<\/p>\n\n\n\n<h3 class=\"wp-block-heading\">Andre spill<\/h3>\n\n\n\n<p>I tillegg til FIFA liker Elroy ogs\u00e5 \u00e5 spille gamle arkadespill som Pac Man og Galaxy.<br>Spillene Angry Birds, Carnival og Rush kan ogs\u00e5 spilles med justeringene. For \u00e5 laste ned spillene bruker han et Xbox Game pass-abonnement.<\/p>\n\n\n\n<figure class=\"wp-block-embed is-type-video is-provider-youtube wp-block-embed-youtube wp-embed-aspect-16-9 wp-has-aspect-ratio\"><div class=\"wp-block-embed__wrapper\">\n<iframe title=\"Elroy speelt FIFA\" width=\"980\" height=\"551\" src=\"https:\/\/www.youtube.com\/embed\/H0_V-dH7NvY?feature=oembed\" frameborder=\"0\" allow=\"accelerometer; autoplay; clipboard-write; encrypted-media; gyroscope; picture-in-picture\" allowfullscreen><\/iframe>\n<\/div><\/figure>\n","protected":false},"excerpt":{"rendered":"<p>Historien og bilder er delt med tillatelse fra v\u00e5re venner i Nederland som driver stiftelsen bak NMA Gaming Den 21 \u00e5r gamle Elroy har noen store lidenskaper. For eksempel elsker han musikk veldig mye. I tillegg til sitt arbeid er Elroy DJ og har sitt eget radioprogram Madcap radio.&nbsp;I tillegg til musikken har han en [&hellip;]<\/p>\n","protected":false},"author":1,"featured_media":0,"parent":0,"menu_order":0,"comment_status":"closed","ping_status":"closed","template":"","meta":{"footnotes":""},"class_list":["post-9028","page","type-page","status-publish","hentry"],"_links":{"self":[{"href":"https:\/\/www.ergocontech.no\/shop\/wp-json\/wp\/v2\/pages\/9028","targetHints":{"allow":["GET"]}}],"collection":[{"href":"https:\/\/www.ergocontech.no\/shop\/wp-json\/wp\/v2\/pages"}],"about":[{"href":"https:\/\/www.ergocontech.no\/shop\/wp-json\/wp\/v2\/types\/page"}],"author":[{"embeddable":true,"href":"https:\/\/www.ergocontech.no\/shop\/wp-json\/wp\/v2\/users\/1"}],"replies":[{"embeddable":true,"href":"https:\/\/www.ergocontech.no\/shop\/wp-json\/wp\/v2\/comments?post=9028"}],"version-history":[{"count":4,"href":"https:\/\/www.ergocontech.no\/shop\/wp-json\/wp\/v2\/pages\/9028\/revisions"}],"predecessor-version":[{"id":9037,"href":"https:\/\/www.ergocontech.no\/shop\/wp-json\/wp\/v2\/pages\/9028\/revisions\/9037"}],"wp:attachment":[{"href":"https:\/\/www.ergocontech.no\/shop\/wp-json\/wp\/v2\/media?parent=9028"}],"curies":[{"name":"wp","href":"https:\/\/api.w.org\/{rel}","templated":true}]}}