{"id":9024,"date":"2022-11-01T10:37:25","date_gmt":"2022-11-01T09:37:25","guid":{"rendered":"https:\/\/www.ergocontech.no\/shop\/?page_id=9024"},"modified":"2022-11-01T10:37:25","modified_gmt":"2022-11-01T09:37:25","slug":"eris","status":"publish","type":"page","link":"https:\/\/www.ergocontech.no\/shop\/eris\/","title":{"rendered":"Eris"},"content":{"rendered":"\n<p><em>Historien og bilder er delt med tillatelse fra v\u00e5re venner i Nederland som driver stiftelsen bak <a href=\"https:\/\/www.nmagaming.nl\">NMA Gaming<\/a><\/em><\/p>\n\n\n\n<figure class=\"wp-block-image\"><img decoding=\"async\" src=\"https:\/\/www.nmagaming.nl\/wp-content\/uploads\/2020\/07\/eris-speelt-Disney-Adventures-1024x311.jpg\" alt=\"\" class=\"wp-image-1561\"\/><\/figure>\n\n\n\n<p>I slutten av april 2020 mottok vi en e-post fra Carolien, Eris mor: &laquo;<em>P\u00e5 Facebook s\u00e5 jeg et innlegg om \u00e5 f\u00e5 l\u00e5ne en Xbox adaptiv. Jeg ble nysgjerrig. Min yngste datter Eris er 10 og har knapt noen h\u00e5ndfunksjon og kan ikke l\u00f8fte armene, men hun kan bevege fingrene (ganske maktesl\u00f8st) &laquo;<br><\/em><br>Litt av en utfordring. Eris er sterkt begrenset, raskt sliten og bare ber\u00f8rer vondt. Likevel s\u00e5 vi muligheter. Vi sendte en Xbox one, Xbox adaptive-kontrolleren og eksterne enheter samme uke. Da alle tingene hadde kommet til Eris, hjalp vi med installasjonen av Xbox eksternt via videosamtaler.<\/p>\n\n\n\n<p>Mens du spiller, bruker Eris et Trabasack Lap Desk. Curve Connect har en buet form slik at den g\u00e5r rundt midjen din. Overflaten har en borrel\u00e5sstruktur, slik at du enkelt kan feste styrespaker og brytere og plassere dem riktig.<\/p>\n\n\n\n<p>I videoen under ligger hun i sengen og spiller favorittspillet Disneyland Adventures.<\/p>\n\n\n\n<figure class=\"wp-block-embed is-type-video is-provider-youtube wp-block-embed-youtube wp-embed-aspect-16-9 wp-has-aspect-ratio\"><div class=\"wp-block-embed__wrapper\">\n<iframe title=\"Eris gamet vanuit haar bed - NMAgaming Mei 2020\" width=\"980\" height=\"551\" src=\"https:\/\/www.youtube.com\/embed\/Zkrtbz0k3k8?feature=oembed\" frameborder=\"0\" allow=\"accelerometer; autoplay; clipboard-write; encrypted-media; gyroscope; picture-in-picture\" allowfullscreen><\/iframe>\n<\/div><\/figure>\n\n\n\n<p>Nylig har Eris mor laget et vakkert permanent oppsett.<br><img fetchpriority=\"high\" decoding=\"async\" alt=\"\" width=\"1024\" height=\"577\" src=\"https:\/\/www.nmagaming.nl\/wp-content\/uploads\/2020\/07\/eris-XAC-opstelling-1024x577.jpeg\" srcset=\"https:\/\/www.nmagaming.nl\/wp-content\/uploads\/2020\/07\/eris-XAC-opstelling-1024x577.jpeg 1024w, https:\/\/www.nmagaming.nl\/wp-content\/uploads\/2020\/07\/eris-XAC-opstelling-600x338.jpeg 600w, https:\/\/www.nmagaming.nl\/wp-content\/uploads\/2020\/07\/eris-XAC-opstelling-300x169.jpeg 300w, https:\/\/www.nmagaming.nl\/wp-content\/uploads\/2020\/07\/eris-XAC-opstelling-768x432.jpeg 768w, https:\/\/www.nmagaming.nl\/wp-content\/uploads\/2020\/07\/eris-XAC-opstelling-1536x865.jpeg 1536w, https:\/\/www.nmagaming.nl\/wp-content\/uploads\/2020\/07\/eris-XAC-opstelling.jpeg 1600w\"><\/p>\n\n\n\n<figure class=\"wp-block-image\"><img decoding=\"async\" src=\"https:\/\/www.nmagaming.nl\/wp-content\/uploads\/2020\/07\/eris-3-juli-2020-768x1024.jpeg\" alt=\"\" class=\"wp-image-1571\"\/><\/figure>\n","protected":false},"excerpt":{"rendered":"<p>Historien og bilder er delt med tillatelse fra v\u00e5re venner i Nederland som driver stiftelsen bak NMA Gaming I slutten av april 2020 mottok vi en e-post fra Carolien, Eris mor: &laquo;P\u00e5 Facebook s\u00e5 jeg et innlegg om \u00e5 f\u00e5 l\u00e5ne en Xbox adaptiv. Jeg ble nysgjerrig. Min yngste datter Eris er 10 og har [&hellip;]<\/p>\n","protected":false},"author":1,"featured_media":0,"parent":0,"menu_order":0,"comment_status":"closed","ping_status":"closed","template":"","meta":{"footnotes":""},"class_list":["post-9024","page","type-page","status-publish","hentry"],"_links":{"self":[{"href":"https:\/\/www.ergocontech.no\/shop\/wp-json\/wp\/v2\/pages\/9024","targetHints":{"allow":["GET"]}}],"collection":[{"href":"https:\/\/www.ergocontech.no\/shop\/wp-json\/wp\/v2\/pages"}],"about":[{"href":"https:\/\/www.ergocontech.no\/shop\/wp-json\/wp\/v2\/types\/page"}],"author":[{"embeddable":true,"href":"https:\/\/www.ergocontech.no\/shop\/wp-json\/wp\/v2\/users\/1"}],"replies":[{"embeddable":true,"href":"https:\/\/www.ergocontech.no\/shop\/wp-json\/wp\/v2\/comments?post=9024"}],"version-history":[{"count":5,"href":"https:\/\/www.ergocontech.no\/shop\/wp-json\/wp\/v2\/pages\/9024\/revisions"}],"predecessor-version":[{"id":9036,"href":"https:\/\/www.ergocontech.no\/shop\/wp-json\/wp\/v2\/pages\/9024\/revisions\/9036"}],"wp:attachment":[{"href":"https:\/\/www.ergocontech.no\/shop\/wp-json\/wp\/v2\/media?parent=9024"}],"curies":[{"name":"wp","href":"https:\/\/api.w.org\/{rel}","templated":true}]}}