{"id":9015,"date":"2022-11-01T10:36:45","date_gmt":"2022-11-01T09:36:45","guid":{"rendered":"https:\/\/www.ergocontech.no\/shop\/?page_id=9015"},"modified":"2022-11-01T10:36:45","modified_gmt":"2022-11-01T09:36:45","slug":"robin","status":"publish","type":"page","link":"https:\/\/www.ergocontech.no\/shop\/robin\/","title":{"rendered":"Robin"},"content":{"rendered":"\n<p><em>Historien og bilder er delt med tillatelse fra v\u00e5re venner i Nederland som driver stiftelsen bak <a href=\"https:\/\/www.nmagaming.nl\">NMA Gaming<\/a><\/em><\/p>\n\n\n\n<p>25. november 2017 hadde Robin en alvorlig trafikkulykke. Han ble p\u00e5kj\u00f8rt av en motorsykkel og fikk alvorlige hjerneskader. Han l\u00e5 i koma en god stund. Han mottar for tiden behandling ved Rijndam Rehabilitering i Rotterdam. Han g\u00e5r p\u00e5 en skole som heter Mytylschool De Brug. Robin har spilt igjen siden tidlig i 2020.<\/p>\n\n\n\n<p><strong>Robin spiller sammen med Lisanne<\/strong><\/p>\n\n\n\n<p>Nylig har Robin en kompis som skal spille spill med ham p\u00e5 l\u00f8rdag ettermiddag i to timer. &laquo;Han liker det s\u00e5 godt,&raquo; sier mor Miranda. \u2013 Det gj\u00f8r oss veldig bra. Lisanne er 18, mye mer praktisk enn vi er med alle de spillene, og enda viktigere, de klikket med en gang.<\/p>\n\n\n\n<p>Robin har hatt en adaptiv kontroller i over et \u00e5r. &laquo;Fra Microsoft for funksjonshemmede, men den fungerte ikke for Robin.&raquo; Siden Ruud van der Wel justerte kontrollene p\u00e5 kontrolleren for Robin, kan han ogs\u00e5 gj\u00f8re enkelte ting i spillene selv. &laquo;Vi ble kjent med Ruud fra terapien han gir Robin p\u00e5 skolen.&raquo; Han inviterte dem til \u00e5 komme til ham med kontrolleren og laget en komplett konstruksjon. \u00abUnder armlenene p\u00e5 rullestolen kan vi feste monteringsarmer med store brytere. Vi legger disse bryterne under Robins hender, slik at han kan utf\u00f8re en handling med en lett ber\u00f8ring.<\/p>\n\n\n\n<figure class=\"wp-block-image\"><img decoding=\"async\" src=\"https:\/\/www.nmagaming.nl\/wp-content\/uploads\/2021\/03\/robin-13-3-2021-1024x627.jpeg\" alt=\"\" class=\"wp-image-1814\"\/><\/figure>\n\n\n\n<p><strong>Det klikket umiddelbart<\/strong><\/p>\n\n\n\n<p>I begynnelsen spilte foreldrene og s\u00f8steren Rosalie ofte med ham spillet Peggle som Ruud anbefalte dem, et spill uten tidspress fordi det ellers er for vanskelig. &laquo;Veldig hyggelig, men snart vil du ha noen flere typer spill.&raquo; \u00c5 finne ut og pr\u00f8ve det tok mye tid og tok ogs\u00e5 for lang tid for Robin. &laquo;Selvf\u00f8lgelig vil han bare spille.&raquo; Og s\u00e5 gikk Miranda p\u00e5 jakt etter en kompis som hun fant ganske tilfeldig i den n\u00e6re omgangskretsen. \u00abLisanne. Moren hennes er en venn av en av v\u00e5re hjelpere. Under koronatiden stoppet studiene og deltidsjobben hennes, og hun ville gj\u00f8re noe nyttig.\u00bb Under introduksjonen spurte Miranda om hun likte spilling. &laquo;De satte seg ned sammen, de to klikket umiddelbart og jeg trakk meg bevisst litt tilbake.&raquo;<\/p>\n\n\n\n<p><strong>Han forst\u00e5r alt<\/strong><\/p>\n\n\n\n<p>Lisanne finner ut hvordan nye spill fungerer, koble til kontrolleren og sammen spiller de for eksempel Monopol. &laquo;Det tok dem to til tre uker og Robin har allerede sl\u00e5tt henne.&raquo; De spiller ogs\u00e5 fortsatt Peggle. &laquo;Lisanne sikter p\u00e5 ballene og Robin skyter.&raquo; Kommunikasjonen er ganske enkel. \u00abRobin kan ikke snakke, men han forst\u00e5r alt. Lisanne forteller ham hva han skal gj\u00f8re og p\u00e5 et sp\u00f8rsm\u00e5l l\u00f8fter han venstre h\u00e5nd hvis det er ja og h\u00f8yre h\u00e5nd hvis han vil si nei. Han kan ogs\u00e5 riste p\u00e5 hodet nei<\/p>\n\n\n\n<p><strong>Endelig noe morsomt<\/strong><\/p>\n\n\n\n<p>Miranda er veldig forn\u00f8yd med Lisanne. \u2013 Det tilf\u00f8rer virkelig noe. Det er veldig hyggelig at vi kan utvide spillingen for Robin ytterligere med henne. Han likte dette veldig godt ogs\u00e5, s\u00e5 n\u00e5r vi hadde all omsorg for ham godt p\u00e5 veien, var det p\u00e5 tide \u00e5 bare ordne noe hyggelig.\u00bb Og ogs\u00e5 noe som er litt av en utfordring. &laquo;Det er ikke noe tidspress p\u00e5 kampene, men du m\u00e5 gj\u00f8re ditt beste for \u00e5 komme opp i niv\u00e5.&raquo; Det g\u00e5r bedre med venstre enn med h\u00f8yre. &laquo;Jeg h\u00e5per ogs\u00e5 at hans styrke og motoriske ferdigheter vil forbedre seg noe som f\u00f8lge av spillingen.<\/p>\n\n\n\n<figure class=\"wp-block-image\"><img decoding=\"async\" src=\"https:\/\/www.nmagaming.nl\/wp-content\/uploads\/2021\/03\/Robin-2-13-3-2021-1024x768.jpeg\" alt=\"\" class=\"wp-image-1816\"\/><\/figure>\n","protected":false},"excerpt":{"rendered":"<p>Historien og bilder er delt med tillatelse fra v\u00e5re venner i Nederland som driver stiftelsen bak NMA Gaming 25. november 2017 hadde Robin en alvorlig trafikkulykke. Han ble p\u00e5kj\u00f8rt av en motorsykkel og fikk alvorlige hjerneskader. Han l\u00e5 i koma en god stund. Han mottar for tiden behandling ved Rijndam Rehabilitering i Rotterdam. Han g\u00e5r [&hellip;]<\/p>\n","protected":false},"author":1,"featured_media":0,"parent":0,"menu_order":0,"comment_status":"closed","ping_status":"closed","template":"","meta":{"footnotes":""},"class_list":["post-9015","page","type-page","status-publish","hentry"],"_links":{"self":[{"href":"https:\/\/www.ergocontech.no\/shop\/wp-json\/wp\/v2\/pages\/9015","targetHints":{"allow":["GET"]}}],"collection":[{"href":"https:\/\/www.ergocontech.no\/shop\/wp-json\/wp\/v2\/pages"}],"about":[{"href":"https:\/\/www.ergocontech.no\/shop\/wp-json\/wp\/v2\/types\/page"}],"author":[{"embeddable":true,"href":"https:\/\/www.ergocontech.no\/shop\/wp-json\/wp\/v2\/users\/1"}],"replies":[{"embeddable":true,"href":"https:\/\/www.ergocontech.no\/shop\/wp-json\/wp\/v2\/comments?post=9015"}],"version-history":[{"count":5,"href":"https:\/\/www.ergocontech.no\/shop\/wp-json\/wp\/v2\/pages\/9015\/revisions"}],"predecessor-version":[{"id":9039,"href":"https:\/\/www.ergocontech.no\/shop\/wp-json\/wp\/v2\/pages\/9015\/revisions\/9039"}],"wp:attachment":[{"href":"https:\/\/www.ergocontech.no\/shop\/wp-json\/wp\/v2\/media?parent=9015"}],"curies":[{"name":"wp","href":"https:\/\/api.w.org\/{rel}","templated":true}]}}