{"id":65,"date":"2018-05-10T18:44:30","date_gmt":"2018-05-10T18:44:30","guid":{"rendered":"https:\/\/www.ergocontech.no\/shop\/?page_id=65"},"modified":"2018-06-13T20:14:23","modified_gmt":"2018-06-13T18:14:23","slug":"kjopsbetingelser-bedrift","status":"publish","type":"page","link":"https:\/\/www.ergocontech.no\/shop\/kjopsbetingelser-bedrift\/","title":{"rendered":"Salgs- og kj\u00f8psbetingelser Privat \/ Bedrift"},"content":{"rendered":"<header class=\"entry-header\">\n<h1 class=\"entry-title\"><\/h1>\n<\/header>\n<div class=\"entry-content\">\n<h1><\/h1>\n<h1 class=\"western\">Salgsbetingelser (Privat)<\/h1>\n<p><em>(Betingelser Bedrift se lengre ned)<\/em><\/p>\n<p>Her kan du gj\u00f8r deg kjent med salgsbetingelsene til Ergo Contech som gjelder n\u00e5r du handler i v\u00e5r nettbutikk.<\/p>\n<h2 class=\"western\">Generelt<\/h2>\n<\/div>\n<p>Salgsbetingelsene utgj\u00f8r sammen med din bestilling, bekreftet gjennom en ordrebekreftelse, det samlede avtalegrunnlaget for kj\u00f8pet. Salgsbetingelsene og annen informasjon p\u00e5 www.ergocontech.no\/shop er bare tilgjengelig p\u00e5 norsk.<\/p>\n<p>For \u00e5 kunne handle p\u00e5 www.ergocontech.no\/shop m\u00e5 du ha fylt 18 \u00e5r.<br \/>\nDer det i disse salgsbetingelsene stilles krav til skriftlighet, er dette oppfylt ved bruk av e-post, SMS, brev, eller lignende.<\/p>\n<h2>1. Parter<\/h2>\n<p>\u00abSelger\u00bb er: Ergo Contech<br \/>\nKontaktdetaljer til Ergo Contech fremg\u00e5r nedenfor, mens kontaktdetaljer til Partnere finnes ved \u00e5 f\u00f8lge linken for hver Partner som fremkommer i forbindelse med varen.<br \/>\nInformasjon om Ergo Contech :<br \/>\n&#8211; Org.nr. 914 781 965<br \/>\n&#8211; Hovedkontorets adresse: 3728 Skien<br \/>\n&#8211; e-post: post@ergocontech.no<br \/>\n\u00abSelger\u00bb blir i det f\u00f8lgende benevnt \u00abvi\u00bb, \u00aboss\u00bb eller \u00abSelger\u00bb. Kj\u00f8per er: den person som er oppgitt som kj\u00f8per i bestillingen, og blir i det f\u00f8lgende benevnt \u00abdu\u00bb, \u00abdeg\u00bb, \u00abdin\u00bb eller \u00abditt\u00bb.<\/p>\n<h2>2. Handle i nettbutikken<\/h2>\n<p>Her har vi beskrevet kj\u00f8psprosessen slik at du alltid kan f\u00f8le deg trygg n\u00e5r du handler p\u00e5 nett.<br \/>\n1. Orienter deg om produktene<br \/>\n2. Velg \u00f8nsket produkt<br \/>\n3. Legg i handlekurv<br \/>\n4. Velg forsendelse og betalingsm\u00e5te<br \/>\n5. Eventuell registrering av kundeprofil hos Ergo Contech<br \/>\n6. Kontroll av bestillingen<br \/>\n7. Bekreft din bestilling og aksept av salgsvilk\u00e5rene<br \/>\n8. Motta ordrebekreftelse<\/p>\n<h2>3. Din bestilling<\/h2>\n<p>N\u00e5r vi mottar din bestilling, vil vi bekrefte ordren og automatisk sende en ordrebekreftelse til deg p\u00e5 e-postadressen du har oppgitt. Les n\u00f8ye gjennom ordrebekreftelsen n\u00e5r du mottar den, og unders\u00f8k om ordrebekreftelsen er i overensstemmelse med bestillingen.<br \/>\nAvvik mellom din bestilling og ordrebekreftelsen anses som et nytt tilbud fra oss, som du kan akseptere eller takke nei til. Dersom du har bestilt mer enn ett produkt kan det hende at du f\u00e5r produktene i separate forsendelser.<br \/>\nVi forbeholder oss retten til \u00e5 kansellere din bestilling eller del av denne, dersom produktet er utsolgt. Ved utsolgtsituasjoner vil du f\u00e5 melding om dette, eventuelt sammen med informasjon om hva vi kan tilby i stedet. Du vil f\u00e5 muligheten til \u00e5 akseptere v\u00e5rt nye tilbud med de endringer vi angir i forhold til din bestilling, eller kansellere bestillingen. Videre tas det forbehold om kansellering av ordrer beregnet for videresalg.<br \/>\nDersom det har forekommet skrive- eller trykkfeil av vesentlig st\u00f8rrelse fra Selger sin side, i annonser o.l. og\/eller i nettbutikken som er st\u00f8rre enn 15% av normal utsalgspris, kan Selger ensidig endre, slette eller avvise ordre. Dette gjelder selv om kunde har mottatt ordrebekreftelse eller lignende.<br \/>\nVi har mulighet til \u00e5 gj\u00f8re endringer frem til varen sendes fra v\u00e5rt lager. Dersom varen er sendt fra v\u00e5rt lager m\u00e5 du benytte angreretten din.<\/p>\n<p>&nbsp;<\/p>\n<h2>4. Betaling<\/h2>\n<p>N\u00e5r du handler p\u00e5 v\u00e5re nettsider er det Ergo Contech eller Stripe som h\u00e5ndterer betalingen.<br \/>\nAlle priser er inkludert merverdiavgift. Ordreoversikten vil inkludere alle utgifter forbundet med varen som utgifter til porto, frakt, emballasje m.m.<br \/>\nSom betalingsmiddel kan du velge blant de betalingsmetoder vi tilbyr i kj\u00f8psprosessen. For \u00e5 minimere risikoen for uautorisert adgang blir dine betalingskortopplysninger kryptert. N\u00e5r vi har mottatt din bestilling, foretar vi en reservasjon p\u00e5 ditt betalingsmiddel for \u00e5 sikre at det finnes tilstrekkelig midler til \u00e5 dekke kj\u00f8pesummen og fullf\u00f8re transaksjonen. Hvis reservasjon ikke kan foretas, forbeholder vi oss retten til \u00e5 kansellere bestillingen. Du vil motta informasjon om slik eventuell kansellering.<br \/>\nHvis du bruker betalingskort som betalingsmetode, blir du belastet n\u00e5r vi bekrefter din ordre og bestilling er iverksatt hos oss. Dette gjelder ogs\u00e5 ved forh\u00e5ndsbestilling av produkter som blir tilgjengelig fram i tid eller har en ubekreftet leveringsdato.<\/p>\n<p>Dersom du mottar tilbud om finansiering som betalingsm\u00e5te, vil kontrakt med vilk\u00e5r signeres elektronisk av deg under betalingsprosessen. Dette er en avtale mellom deg og v\u00e5r finansieringspartner (Stripe). Kontohaver er innforst\u00e5tt med at kontoen belastes med renter av det til enhver tid utest\u00e5ende bel\u00f8p, og at dette er kostnader som kommer i tillegg til det som vises i nettbutikkens ordreoversikt. Ved manglende innbetaling, belastes konto med forsinkelsesrente i h.h.t. lov om renter ved forsinket betaling m.m. av 17.12.76 nr. 100. Gebyr belastes i h.h.t. inkassoloven av 13.05.88 nr. 26.<br \/>\nFor abonnementskj\u00f8p der en avtalt sum skal trekkes for eksempel m\u00e5nedlig, vil dine betalingsdetaljer lagres kryptert og sikkert hos v\u00e5r betalingsformidler og kunne brukes av v\u00e5r leverand\u00f8r til \u00e5 gjennomf\u00f8re transaksjonen. Samtykke til dette innhentes ogs\u00e5 fra deg i kj\u00f8psprosessen.<br \/>\n5. Returrett i forbindelse med \u00e5pent kj\u00f8p<\/p>\n<p>For kj\u00f8p hvor Ergo Contech er selger tilbys 14 dagers returrett til privatpersoner.<br \/>\nKontakt Ergo Contech via e-post: post@ergocontech.no for \u00e5 avtale tilbakelevering.<\/p>\n<h2>6. Levering og forsinkelse<\/h2>\n<p>Levering av produktene skjer p\u00e5 den m\u00e5ten som er angitt p\u00e5 ordrebekreftelsen. Vi har risikoen for produktene inntil de overtas av deg, det vil si n\u00e5r du har f\u00e5tt produktene i din besittelse.<br \/>\nVed hjemlevering med innb\u00e6ring s\u00e5 tenk p\u00e5 at du selv har ansvar for at det er mulig \u00e5 frakte produktene inn i bostedet. For hjemlevering m\u00e5 du v\u00e6re p\u00e5 plass for \u00e5 ta imot varene og vi kan avkreve legitimasjon f\u00f8r vi overleverer varene.<br \/>\nDersom du har bestilt innb\u00e6ring av produkter, tenk p\u00e5 at du selv har ansvar for \u00e5 beskytte gulv, vegger, med mer. P\u00e5 grunnlag av HMS-krav er v\u00e5re transport\u00f8rer p\u00e5lagt \u00e5 beholde godkjent verneutstyr som skot\u00f8y p\u00e5.<br \/>\nAvbestilling av hjemkj\u00f8ring m\u00e5 senest foreligge to virkedager f\u00f8r avtalt tid. Dersom levering ikke kan utf\u00f8res p\u00e5 grunn av at hinder foreligger i bostedet, eller at avbestilling skjer for sent, forbeholder vi oss retten til \u00e5 ikke refundere fraktkostnaden.<br \/>\nDersom leveringen av produktene blir forsinket, vil vi gi deg informasjon s\u00e5 fort vi har kunnskap om det, sammen med informasjon om, og eventuelt n\u00e5r, levering kan skje, eller om produktet(ene) er utsolgt. Vi gir deg valget mellom \u00e5 opprettholde ordren, fastsette ny leveringsdato eller kansellere ordren med tilbakebetaling av innbetalt bel\u00f8p.<\/p>\n<p>Dersom du har bestilt mer enn ett produkt kan det hende at du f\u00e5r produktene i separate forsendelser.<\/p>\n<h2>7. Reklamasjon<\/h2>\n<p>Etter at du har mottatt produktene, anbefaler vi at du s\u00e5 snart som mulig unders\u00f8ker om leveransen er i samsvar med ordrebekreftelsen, om produktene er blitt skadet under transporten, eller om produktene ellers har feil eller mangler.<\/p>\n<p>Dersom produktene har feil eller mangler kan du etter omstendighetene kreve retting av feilen, omlevering, prisavslag, erstatning eller at kj\u00f8pet heves. Selger kan kreve \u00e5 f\u00e5 reparere varen hvis det er umulig \u00e5 skaffe en ny, for eksempel hvis varen ikke lenger blir produsert, eller at det medf\u00f8rer en urimelig kostnad. Melding om feil og mangler ved produktene kan overbringes oss muntlig eller skriftlig. Dette m\u00e5 skje innen rimelig tid etter at du oppdaget feilen eller mangelen. Du har likevel alltid minst to m\u00e5neders reklamasjonsfrist. Vi anbefaler av bevishensyn at reklamasjonen sendes oss skriftlig. Retten til \u00e5 reklamere gjelder i to \u00e5r etter at du overtok produktet, eller fem \u00e5r dersom produktet er ment \u00e5 vare vesentlig mer enn to \u00e5r. Reklamasjon m\u00e5 rettes mot selger av det aktuelle produkt dvs Ergo Contech (eller Partner i de tilfeller varen ikke er solgt av Ergo Contech )<\/p>\n<h2>8. Angrerett<\/h2>\n<p>Angrerettloven gir deg rett til \u00e5 angre ditt kj\u00f8p. Angreretten gjelder for varer og for enkelte tjenester. Angreretten forutsetter at du senest innen 14 dager etter at du mottar leveransen gir selger beskjed om at du vil benytte angreretten, prim\u00e6rt ved \u00e5 benytte mottatt angrerettskjema, eller skriftlig per brev, e-post, med referanse til ordrenummer.<\/p>\n<p>Dersom du ikke har mottatt angrerettskjema enten i ordrebekreftelsen eller ved levering av produktene, utvides denne fristen til tolv m\u00e5neder etter at varen er mottatt.<\/p>\n<p>For at angreretten skal kunne gj\u00f8res gjeldende, m\u00e5 produktet v\u00e6re levert oss i tiln\u00e6rmet samme mengde og stand som du mottok den. Alle produkter skal leveres tilbake til selger innen rimelig tid. Eventuell returforsendelse m\u00e5 betales av deg.<\/p>\n<p>Selger er forpliktet til \u00e5 betale tilbake det du har betalt, inkludert porto for forsendelsen, ekspedisjonsgebyr, tollavgifter, oppkravsgebyr, etc. Tilbakebetaling skal finne sted innen fjorten dager etter at selger mottar produktet fra deg eller henteseddel eller produktet er stilt til r\u00e5dighet for selger.<\/p>\n<p>Produktet sendes tilbake til oss (med sporingsnummer), om mulig i originalemballasjen, sammen med angrerettskjema mottatt sammen med produktet.<br \/>\nVed kj\u00f8p fra Partner m\u00e5 varen returneres til Partner, se informasjon gitt av Partner i forbindelse med kj\u00f8pet.<\/p>\n<p>Kj\u00f8peren kan ikke angre p\u00e5 kj\u00f8p av varer som forringes raskt, varer som etter sin art ikke kan tilbakeleveres, eller p\u00e5 lyd- og bildeopptak (herunder CDer, DVDer) eller datamaskinprogrammer hvor forseglingen er brutt.<br \/>\nKj\u00f8peren kan ikke angre p\u00e5 kj\u00f8p av spesiallagde varer eller hastereparasjoner i eget hjem.<br \/>\nVed kj\u00f8p av digitale, nedlastbare produkter som spill og programvare, regner vi produktet som levert n\u00e5r du trykker &laquo;Se detaljer&raquo; p\u00e5 Mine Sider. Dette er det samme som \u00e5 bryte forseglingen p\u00e5 et fysisk produkt og medf\u00f8rer tap av angrerett.<\/p>\n<h2>9. Personopplysninger<\/h2>\n<p>Vi behandler i utgangspunktet bare personopplysninger du oppgir til oss, og som er n\u00f8dvendige for at vi skal kunne gjennomf\u00f8re v\u00e5re forpliktelser overfor deg.<\/p>\n<p>I de tilfeller hvor vi ogs\u00e5 behandler personopplysninger til andre form\u00e5l, for eksempel for \u00e5 sende deg informasjon om tilbud etc., gj\u00f8res dette bare n\u00e5r du har samtykket til det.<br \/>\nF\u00f8r du samtykker skal du v\u00e6re informert om hva opplysningene skal brukes til og av hvem. Vi forbeholder oss retten til \u00e5 be om personnummer for \u00e5 kunne kontrollere kredittverdighet ved kredittkj\u00f8p eller f\u00f8dselsdato for \u00e5 kontrollere om v\u00e5re kunder er over 18 \u00e5r.<br \/>\nDine personopplysninger blir bare utlevert til andre n\u00e5r:<\/p>\n<p>*du har samtykket i utleveringen, eller<\/p>\n<p>*n\u00e5r det er n\u00f8dvendig for at vi skal f\u00e5 gjennomf\u00f8rt avtalen med deg, eller<\/p>\n<p>* i lovbestemte tilfelle.<\/p>\n<p>Dersom du har sp\u00f8rsm\u00e5l om personopplysninger knyttet til deg, eller \u00f8nsker \u00e5 gj\u00f8re bruk av dine rettigheter til retting, sperring, sletting, etc. etter personopplysningsloven, kan du kontakte oss via e-post p\u00e5 post@ergocontech.no<\/p>\n<h2>10. Salgspant<\/h2>\n<p>Vi har salgspant i de leverte produkter inntil kj\u00f8pesummen inkludert renter og omkostninger er betalt i sin helhet.<\/p>\n<h2>11. Tvister<\/h2>\n<p>Partene skal fors\u00f8ke \u00e5 l\u00f8se eventuelle tvister i minnelighet. Dersom dette ikke lykkes, kan du bringe saken inn for Forbrukerr\u00e5det i n\u00e6rheten av der du bor. Part i saken er Selger, dvs Ergo Contech eller Partner. Alle tvister skal l\u00f8ses etter norsk rett. Bringes saken inn for domstolene, skal den avgj\u00f8res i Nedre Telemark Tingrett som verneting.<\/p>\n<h2>12. Abonnement<\/h2>\n<p>Om du har kj\u00f8pt et abonnement eller et produkt med abonnement godkjenner du leverand\u00f8rens vilk\u00e5r og Ergo Contechs vilk\u00e5r. Ved \u00e5 godkjenne denne avtalen godkjenner du ogs\u00e5 at det blir foretatt en kredittsjekk av deg og at vi kan kansellere salget dersom du ikke f\u00e5r godkjent kredittsjekk fra leverand\u00f8ren.<\/p>\n<p>Man m\u00e5 v\u00e6re fylt 18 \u00e5r for \u00e5 kunne bestille et abonnement.<\/p>\n<p>&nbsp;<\/p>\n<h2 class=\"western\">13.Garanti<\/h2>\n<p>Produkt blir levert med de garantier som produsenten av produktet eller Ergo Contech sine<br \/>\nleverand\u00f8rer m\u00e5tte gi til Ergo Contech. Kunden f\u00e5r ikke noen ytterligere garanti p\u00e5 produkt av Ergo<br \/>\nContech. En p\u00e5begynt garantiperiode vil ikke forlenges som f\u00f8lge av at Ergo Contech avhjelper feil<br \/>\nog\/eller mangler eller omleverer produkt.<\/p>\n<p>&nbsp;<\/p>\n<p>&nbsp;<\/p>\n<p>&nbsp;<\/p>\n<p>&nbsp;<\/p>\n<p>&nbsp;<\/p>\n<h1>Betingelser Bedrift<\/h1>\n<h4>Avtale om kj\u00f8p av produkter og tjenester<\/h4>\n<h2>1.Generelt<\/h2>\n<p>Denne Avtale er inng\u00e5tt mellom Kunden og Ergo Contech for salg av produkter og tjenester. Avtalen<br \/>\ngjelder for kj\u00f8p av produkter og tjenester som selges av Ergo Contech, med mindre noe annet er<br \/>\nskriftlig avtalt mellom Ergo Contech og Kunden.<br \/>\nProdukter og tjenester fra Ergo Contech henvender seg til, og er kun tilgjengelig for,profesjonelle<br \/>\nkunder som bedrifter\/selskaper, registrerte organisasjoner samt offentlige institusjoner og foretak.<\/p>\n<h2>2.Bestilling<\/h2>\n<p>Bestilling av Ergo Contech sine produkter og tjenester kan gj\u00f8res via Internett eller e-postbrev.<br \/>\nBestilling er ikke bindende for Ergo Contech, og levering vil f\u00f8lgelig ikke skje, f\u00f8r bestillingen er<br \/>\nskriftlig bekreftet av Ergo Contech. Dette inneb\u00e6rer blant annet at dersom Kunden har bestilt et<br \/>\nprodukt som ikke lenger finnes p\u00e5 Ergo Contech sitt lager og\/eller sortiment, har ikke Ergo Contech<br \/>\nnoen forpliktelse til \u00e5 levere det bestilte produkt til Kunden.<\/p>\n<h2>3.Levering og frakt<\/h2>\n<p>Levering fra Ergo Contech til Kunden anses \u00e5 ha skjedd den dag da produktet sendes fra Ergo<br \/>\nContechs lager. Risikoen for produktet g\u00e5r over til Kunden ved levering.<br \/>\nOm \u00f8nskelig kan Ergo Contech bes\u00f8rge frakt og transportforsiking for Kundens regning. Dersom<br \/>\ndet er avtalt levering inklusive frakt inntrer levering da produktet kommer frem til den adresse som<br \/>\ner avtalt.<br \/>\nDersom produktet ikke blir hentet eller mottatt av kunden ved levering til avtalt tid, er levering \u00e5<br \/>\nanse som skjedd p\u00e5 det tidspunkt produktet er stilt til Kundens disposisjon p\u00e5 avtalt sted.<\/p>\n<h2>4.Forsinkelse<\/h2>\n<p>Ved forsinkelse med levering av produktet p\u00e5 mer enn 45 dager kan Kunden heve kj\u00f8pet dersom<br \/>\nforsinkelsen beror p\u00e5 Ergo Contech ansvarlige for.<\/p>\n<h2>5.Pris og betaling<\/h2>\n<p>Dersom ikke annet er angitt er alle priser p\u00e5 hjemmesider og i annonser angitt eksklusive<br \/>\nmerverdiavgift, andre offentlige avgifter samt frakt og \u00f8vrige omkostninger.<\/p>\n<p>Ergo Contech forbeholder seg retten til \u00e5 endre angitte priser p\u00e5 ethvert tidspunkt frem til bestilling<br \/>\ner bekreftet av Ergo Contech, jf. pkt. 2. Dersom den angitte pris skulle bli endret vil Kunden kunne<br \/>\ntilbakekalle sin bestilling ved \u00e5 gi skriftlig beskjed til Ergo Contech.<br \/>\nKreditt ytes kun etter skriftlig anmodning fra Kunden og s\u00e6rskilt avtale. Enhver kreditt forutsetter<br \/>\nat Ergo Contech f\u00e5r innhentet n\u00f8dvendige opplysninger, herunder kredittvurdering.<br \/>\nFaktura forfaller til betaling 14 dager etter fakturadato.<br \/>\nVed forsinket betaling skal Kunden betale forsinkelsesrente i henhold til forsinkelsesrenteloven.<br \/>\nDersom Ergo Contech ikke har mottatt betaling innen 10 dager etter at Ergo Contech har sendt<br \/>\nskriftlig anmodning til Kunden om \u00e5 betale forfalte bel\u00f8p,er Avtalen \u00e5 anse som vesentlig<br \/>\nmisligholdt og gir Ergo Contech rett til \u00e5 heve Avtalen.<\/p>\n<h2>6.Eiendomsrett \u2013 salgspant<\/h2>\n<p>Produkt som blir bestilt etter denne Avtale forblir Ergo Contech sin eiendom inntil betaling er<br \/>\nskjedd.<br \/>\nKunden bekrefter ved aksept av denne Avtale at Ergo Contech har panterett i det solgte produkt<br \/>\n(salgspant) til sikkerhet for Ergo Contech krav p\u00e5 kj\u00f8pesummen med tillegg av renter og<br \/>\nomkostninger eller l\u00e5n som tredjemann har ydet kj\u00f8peren til hel eller delvis betaling av ovennevnte,<br \/>\nog som nevnte tredjemannn utbetaler direkte til Ergo Contech.<\/p>\n<h2>7.Retur<\/h2>\n<p>Kunden gis rett til \u00e5 returnere levert produkt innen 3 dager fra levering under forutsetning av Ergo<br \/>\nContech fremdeles f\u00f8rer produktet p\u00e5 eget lager og ikke p\u00e5 fjernlager. (Ikke spesialtilpassede<br \/>\nprodukter) Enhver retur skjer for Kundens regning og risko. Ved kreditering og\/eller tilbakebetaling<br \/>\nav kj\u00f8pesummen vil Ergo Contech gj\u00f8re fradrag for eventulle omkostninger, herunder frakt og<br \/>\nh\u00e5ndterings omkostninger. Ergo Contech vil i tillegg kunne p\u00e5legge en alminnelig h\u00e5ndteringsavgift<br \/>\nopp til kr 375 i tilfeller der det returnerte produktet har en verdi som overstiger kr 1.000 eksl. mva.<br \/>\nRetur aksepteres bare under forutsetning av at produktet kan tilbakeleveres til Ergo Contech<br \/>\nuskadet, ubrukt og i ubrutt originalemballasje. Videre skal kopi av faktura og\/eller kvittering p\u00e5<br \/>\nbetaling av produktet vedlegges produktet. Retur av produkt er f\u00f8rst godkjent n\u00e5r Ergo Contech har<br \/>\nmottatt og kontrollert at returnert produkt er funnet \u00e5 v\u00e6re i samsvar med de vilk\u00e5r som er fastsatt<br \/>\ndette punkt 7.<br \/>\nDet gis ikke noen returrett p\u00e5 produkter som Ergo Contech ikke f\u00f8rer p\u00e5 lager og\/eller er spesielt<br \/>\nbestilt og\/eller tilpasset Kunden.<br \/>\nForesp\u00f8rsel om \u00e5 returnere levert produkt m\u00e5 skje innen 3 dager fra levering og rettes til<br \/>\nrepresentant for Ergo Contech.<\/p>\n<h2>8.Reklamasjon<\/h2>\n<p>Ved levering p\u00e5hviler det Kunden et ansvar for \u00e5 kontrollere at bestilte produkt og\/eller tjenester er i<br \/>\nhenhold til det avtalte, herunder om det foreligger feil og\/eller mangler. For \u00e5 kunne gj\u00f8re feil<br \/>\nog\/eller mangler gjeldende m\u00e5 kunden uten ugrunnet opphold og senest innen 10 dager fra levering<br \/>\nreklamere skriftlig til Ergo Contech.<\/p>\n<h2>9.Programvare<\/h2>\n<p>For programvare som selges separat eller som f\u00f8lger med \u00f8vrige produkter gjelder de vilk\u00e5r som til<br \/>\nenhver tid er fastsatt av leverand\u00f8ren av programvaren foran n\u00e6rv\u00e6rende vilk\u00e5r, enten disse er<br \/>\nvedlagte n\u00e6rv\u00e6rende avtale eller f\u00f8lger med produktet og\/eller programvaren som blir levert.<br \/>\nKunden f\u00e5r en ikke-ekslusiv begrenset bruksrett til programvare som leveres p\u00e5 eget media eller<br \/>\ninng\u00e5r\/leveres sammen med \u00f8vrige produkt. Kunden f\u00e5r ikke ved disse alminnlige vilk\u00e5r noen<br \/>\nannen rett som f.eks opphavsrett eller \u00f8vrige immaterielle rettigheter.<\/p>\n<h2>10.Garanti<\/h2>\n<p>Produkt blir levert med de garantier som produsenten av produktet eller Ergo Contech sine<br \/>\nleverand\u00f8rer m\u00e5tte gi til Ergo Contech. Kunden f\u00e5r ikke noen ytterligere garanti p\u00e5 produkt av Ergo<br \/>\nContech. En p\u00e5begynt garantiperiode vil ikke forlenges som f\u00f8lge av at Ergo Contech avhjelper feil<br \/>\nog\/eller mangler eller omleverer produkt.<\/p>\n<h2>11.Ansvar for feil og mangler<\/h2>\n<p>Kunden har ansvar og risiko for normalt vedlikehold slik som justeringer, normalslitasje og\/eller<br \/>\nanskaffelse av forbruksmateriell.<br \/>\nMed de begrensninger som f\u00f8lger nedenfor vil Ergo Contech avhjelpe feil og mangler i produkt<br \/>\nsom ikke oppfyller de avtalte spesifikasjoner.<br \/>\nErgo Contech sitt ansvar omfatter ikke feil og mangler som er uvesentlige for Kundens anvendelse<br \/>\nav produktet og\/eller tjenesten for dets angitte form\u00e5l.<br \/>\nErgo Contech har ikke ansvar for:<br \/>\na) Feil og mangler som er for\u00e5rsaket av kundens bruk av produkt med annen utrustning eller<br \/>\ntilbeh\u00f8r som p\u00e5virker produktets egenskaper og funksjoner.<br \/>\nb) Feil og mangler som er for\u00e5rsaket av at kunden har foretatt endringer eller inngrep i produktet<br \/>\nsom ikke er i samsvar med instruksjoner fra produsent eller Ergo Contech.<br \/>\nc) Feil og mangler som er for\u00e5rsaket av kundens bruk av produkt p\u00e5 en annen m\u00e5te enn det som<br \/>\nfremg\u00e5r av brukerdokumentasjon, manualer og instruksjoner.<br \/>\nd) Feil og mangler som er for\u00e5rsaket av fors\u00f8mmelse fra kunden, dennes personale eller tredjemann<br \/>\neller andre omstendigheter som er utenfor Ergo Contech sin kontroll.<\/p>\n<p>Ergo Contech ansvar for feil og mangler kan ikke under noen omstendighet gj\u00f8res gjeldende senere<br \/>\nenn ett \u00e5r fra levering.<br \/>\nDersom produkt er vanskelige \u00e5 flytte kan avhjelp skje hos kunden, i s\u00e5 fall forutsetter avhjelp<br \/>\nKundens medvirkning til blant annet \u00e5 stille det aktuelle produkt og\/eller deler til disposisjon for<br \/>\nErgo Contech.<br \/>\nDersom Kunden krever avhjelp av feil og mangler som Ergo Contech ikke er ansvarlig for, plikter<br \/>\nKunden \u00e5 erstatte Ergo Contech sine omkostninger og utlegg i den forbindelse.<br \/>\nErgo Contechs ansvar for feil og mangler ved produkt er begrenset til som er angitt ovenfor, og<br \/>\nKunden kan ikke rette andre krav mot Ergo Contech i forbindelse med feil og mangler.<\/p>\n<h2>12.Ansvarsbegrensning<\/h2>\n<p>Ergo Contech er ikke ansvarlige overfor Kunden for f\u00f8lgeskader eller indirekte tap eller skade, det<br \/>\nv\u00e6re seg i eller utenfor avtaleforholdet. Spesielt skal ikke Ergo Contech v\u00e6re ansvarlig for Kundens<br \/>\ntap av inntekt eller fortjeneste, eller tap av eller manglende bruk av data. Ergo Contech sitt samlede<br \/>\ntotale ansvar er begrenset til det bel\u00f8p Kunden har betalt foran gjeldende produkt eller tjeneste, uten<br \/>\nmerverdiavgift og andre offentlige avgifter<\/p>\n<h2>13. Overdragelse av avtalen<\/h2>\n<p>Ergo Contech har rett til \u00e5 overdra retten til \u00e5 motta betaling i henhold til n\u00e6rv\u00e6rende avtale.<br \/>\nFor \u00f8vrig kan ingen av partene overdra avtalen uten den annen parts skriftlige samtykke.<\/p>\n<p>14.Verneting<br \/>\nAvtalen er underlagt norsk rett, med Nedre Telemark Tingrett som rett verneting.<\/p>\n","protected":false},"excerpt":{"rendered":"<p>Salgsbetingelser (Privat) (Betingelser Bedrift se lengre ned) Her kan du gj\u00f8r deg kjent med salgsbetingelsene til Ergo Contech som gjelder n\u00e5r du handler i v\u00e5r nettbutikk. Generelt Salgsbetingelsene utgj\u00f8r sammen med din bestilling, bekreftet gjennom en ordrebekreftelse, det samlede avtalegrunnlaget for kj\u00f8pet. Salgsbetingelsene og annen informasjon p\u00e5 www.ergocontech.no\/shop er bare tilgjengelig p\u00e5 norsk. For \u00e5 [&hellip;]<\/p>\n","protected":false},"author":1,"featured_media":0,"parent":0,"menu_order":0,"comment_status":"closed","ping_status":"closed","template":"","meta":{"footnotes":""},"class_list":["post-65","page","type-page","status-publish","hentry"],"_links":{"self":[{"href":"https:\/\/www.ergocontech.no\/shop\/wp-json\/wp\/v2\/pages\/65","targetHints":{"allow":["GET"]}}],"collection":[{"href":"https:\/\/www.ergocontech.no\/shop\/wp-json\/wp\/v2\/pages"}],"about":[{"href":"https:\/\/www.ergocontech.no\/shop\/wp-json\/wp\/v2\/types\/page"}],"author":[{"embeddable":true,"href":"https:\/\/www.ergocontech.no\/shop\/wp-json\/wp\/v2\/users\/1"}],"replies":[{"embeddable":true,"href":"https:\/\/www.ergocontech.no\/shop\/wp-json\/wp\/v2\/comments?post=65"}],"version-history":[{"count":12,"href":"https:\/\/www.ergocontech.no\/shop\/wp-json\/wp\/v2\/pages\/65\/revisions"}],"predecessor-version":[{"id":467,"href":"https:\/\/www.ergocontech.no\/shop\/wp-json\/wp\/v2\/pages\/65\/revisions\/467"}],"wp:attachment":[{"href":"https:\/\/www.ergocontech.no\/shop\/wp-json\/wp\/v2\/media?parent=65"}],"curies":[{"name":"wp","href":"https:\/\/api.w.org\/{rel}","templated":true}]}}