{"id":23,"date":"2018-05-05T20:48:52","date_gmt":"2018-05-05T20:48:52","guid":{"rendered":"https:\/\/www.ergocontech.no\/shop\/?page_id=23"},"modified":"2022-08-25T20:57:27","modified_gmt":"2022-08-25T18:57:27","slug":"om","status":"publish","type":"page","link":"https:\/\/www.ergocontech.no\/shop\/om\/","title":{"rendered":"Om"},"content":{"rendered":"<div id=\"leftcontent\">\n<p><span class=\"gvxzyvdx aeinzg81 t7p7dqev gh25dzvf exr7barw b6ax4al1 gem102v4 ncib64c9 mrvwc6qr sx8pxkcf f597kf1v cpcgwwas m2nijcs8 hxfwr5lz k1z55t6l oog5qr5w tes86rjd pbevjfx6 ztn2w49o\" dir=\"auto\">Ergo Contech er en bedrift som \u00f8nsker \u00e5 tilby produkter som gj\u00f8r det mulig for alle \u00e5 betjene elektroniske enheter. <\/span><\/p>\n<p><span class=\"gvxzyvdx aeinzg81 t7p7dqev gh25dzvf exr7barw b6ax4al1 gem102v4 ncib64c9 mrvwc6qr sx8pxkcf f597kf1v cpcgwwas m2nijcs8 hxfwr5lz k1z55t6l oog5qr5w tes86rjd pbevjfx6 ztn2w49o\" dir=\"auto\">Vi \u00f8nsker \u00e5 finne gode l\u00f8sninger for b\u00e5de de med fysiske og kognitive utfordringer. <\/span><\/p>\n<p><span class=\"gvxzyvdx aeinzg81 t7p7dqev gh25dzvf exr7barw b6ax4al1 gem102v4 ncib64c9 mrvwc6qr sx8pxkcf f597kf1v cpcgwwas m2nijcs8 hxfwr5lz k1z55t6l oog5qr5w tes86rjd pbevjfx6 ztn2w49o\" dir=\"auto\">Mest av alt er vi opptatt av \u00e5 finne l\u00f8sninger som er g\u00f8y, da vi tror l\u00e6ring og mestring blir enklere n\u00e5r ting er moro.<\/span><\/p>\n<p>Vi samarbeider med <a href=\"https:\/\/www.ablenetinc.com\/\">Ablenet inc,<\/a> Pretorian Technologies og <a href=\"http:\/\/inclusive.co.uk\/\">Inclusive Technology<\/a>,<\/p>\n<p>og kan ved behov bestille produkter vi ikke har i sortimentet fra de.<\/p>\n<\/div>\n","protected":false},"excerpt":{"rendered":"<p>Ergo Contech er en bedrift som \u00f8nsker \u00e5 tilby produkter som gj\u00f8r det mulig for alle \u00e5 betjene elektroniske enheter. Vi \u00f8nsker \u00e5 finne gode l\u00f8sninger for b\u00e5de de med fysiske og kognitive utfordringer. Mest av alt er vi opptatt av \u00e5 finne l\u00f8sninger som er g\u00f8y, da vi tror l\u00e6ring og mestring blir enklere [&hellip;]<\/p>\n","protected":false},"author":1,"featured_media":0,"parent":0,"menu_order":0,"comment_status":"closed","ping_status":"closed","template":"","meta":{"footnotes":""},"class_list":["post-23","page","type-page","status-publish","hentry"],"_links":{"self":[{"href":"https:\/\/www.ergocontech.no\/shop\/wp-json\/wp\/v2\/pages\/23","targetHints":{"allow":["GET"]}}],"collection":[{"href":"https:\/\/www.ergocontech.no\/shop\/wp-json\/wp\/v2\/pages"}],"about":[{"href":"https:\/\/www.ergocontech.no\/shop\/wp-json\/wp\/v2\/types\/page"}],"author":[{"embeddable":true,"href":"https:\/\/www.ergocontech.no\/shop\/wp-json\/wp\/v2\/users\/1"}],"replies":[{"embeddable":true,"href":"https:\/\/www.ergocontech.no\/shop\/wp-json\/wp\/v2\/comments?post=23"}],"version-history":[{"count":4,"href":"https:\/\/www.ergocontech.no\/shop\/wp-json\/wp\/v2\/pages\/23\/revisions"}],"predecessor-version":[{"id":9000,"href":"https:\/\/www.ergocontech.no\/shop\/wp-json\/wp\/v2\/pages\/23\/revisions\/9000"}],"wp:attachment":[{"href":"https:\/\/www.ergocontech.no\/shop\/wp-json\/wp\/v2\/media?parent=23"}],"curies":[{"name":"wp","href":"https:\/\/api.w.org\/{rel}","templated":true}]}}