{"id":177,"date":"2018-05-24T17:20:06","date_gmt":"2018-05-24T15:20:06","guid":{"rendered":"https:\/\/www.ergocontech.no\/shop\/?page_id=177"},"modified":"2024-05-13T10:48:22","modified_gmt":"2024-05-13T08:48:22","slug":"personvernerklaering","status":"publish","type":"page","link":"https:\/\/www.ergocontech.no\/shop\/personvernerklaering\/","title":{"rendered":"Personvernerkl\u00e6ring"},"content":{"rendered":"<p><strong>Hvem vi er<\/strong><\/p>\n<p>Vi er Ergo Contech<\/p>\n<p>V\u00e5r nettstedsadresse er: https:\/\/www.ergocontech.no<\/p>\n<p><strong>Hvilke personopplysninger vi samler inn og hvorfor vi samler de inn<\/strong><\/p>\n<p><strong>Kommentarer<\/strong><\/p>\n<p>N\u00e5r bes\u00f8kende legger inn kommentarer p\u00e5 siden, lagres informasjonen gitt inn i kommentarskjemaet i tillegg til IP-adressen til den bes\u00f8kende og den bes\u00f8kendes nettleserversjon. Dette gj\u00f8res for \u00e5 bidra til \u00e5 unng\u00e5 useri\u00f8se kommentarer.<\/p>\n<p>En anonym tekststreng generert p\u00e5 grunnlag av e-postadressen din (ogs\u00e5 kalt en \u00abhash\u00bb) kan bli sendt til tjenesten Gravatar for \u00e5 unders\u00f8ke om du har en konto der. Personvernerkl\u00e6ringen til Gravatar ligger her: https:\/\/automattic.com\/privacy\/. Etter at kommentaren din er blitt godkjent, vil profilbildet ditt v\u00e6re synlig for hvem som helst i forbindelse med kommentaren din.<\/p>\n<p><strong>Media<\/strong><\/p>\n<p>Hvis du laster opp bilder til nettstedet, b\u00f8r du unng\u00e5 \u00e5 laste opp bilder som inneholder informasjon om stedet det er tatt (EXIF GPS). Bes\u00f8kende p\u00e5 siden kan laste ned og hente ut slik informasjon fra bilder p\u00e5 siden.<\/p>\n<p><strong>Informasjonskapsler<\/strong><\/p>\n<p>Hvis du legger inn en kommentar p\u00e5 dette nettstedet, kan du be oss om \u00e5 huske navn, e-post og nettsted. Denne informasjonen lagres i en informasjonskapsel og er der for \u00e5 gj\u00f8re ting lettere for deg. Du trenger da ikke \u00e5 gi inn denne informasjonen p\u00e5 nytt neste gang du legger inn en kommentar. Disse informasjonskapslene utl\u00f8per etter ett \u00e5r.<\/p>\n<p>Hvis du har en konto og logger deg inn p\u00e5 dette nettstedet, vil vi opprette en midlertidig informasjonskapsel for \u00e5 avgj\u00f8re om nettleseren din st\u00f8tter bruk av dette. Denne informasjonskapselen innholder ingen personopplysninger og forsvinner s\u00e5 snart du lukker nettleseren din.<\/p>\n<p>N\u00e5r du logger deg inn, blir det opprettet informasjonskapsler som lagrer innloggingsinformasjonen din og valg du har tatt n\u00e5r det gjelder hvordan innhold skal vises. Informasjonskapsler med innloggingsinformasjon utl\u00f8per etter to dager, mens de med visningsvalg varer i ett \u00e5r. Hvis du krysser av for &laquo;Husk meg&raquo;, vil innloggingsinformasjonen din oppbevares i to uker. Hvis du logger deg ut av kontoen din, vil disse informasjonskapslene forsvinne.<\/p>\n<p>Hvis du redigerer eller publiserer en artikkel, vil ytterligere en informasjonskapsel bli lagret i nettleseren din. Denne informasjonskapselen inneholder ingen personopplysninger, men bare ID-en til artikkelen du nettopp redigerte. Den utl\u00f8per etter \u00e9n dag.<\/p>\n<p>Google Analytics brukes bes\u00f8kere til siden f\u00e5r IP-adressen sin anonymisert. IP-anonymiseringen i Analytics inneb\u00e6rer at den siste oktetten i brukerens IPv4-adresser og de siste 80 bitsene i IPv6-adresser endres til nuller i minnet kort tid etter at de blir sendt til Google Analytics. Fullstendige IP-adresser blir aldri registrert.<\/p>\n<p>Google Analytics cookies:<br \/>\n__utmz<br \/>\nDenne ser hvor du kom fra (s\u00f8kemotor, n\u00f8kkelord, link, etc.) n\u00e5r du landet p\u00e5 v\u00e5re sider. Vi bruker Google Analytics b\u00e5de internt p\u00e5 v\u00e5re sider, men ogs\u00e5 i bannere og bilder. Derfor kan du av og til se to cookies som heter __utmz.<br \/>\n__utma<br \/>\nDenne holder styr p\u00e5 hvor mange ganger du har v\u00e6rt inne p\u00e5 v\u00e5re sider, slik at vi kan se hvor mange brukere vi har som er inne for f\u00f8rste gang og hvor mange som kommer innom v\u00e5re sider oftere.<br \/>\n__utmb og __utmc<br \/>\nDisse holder styr p\u00e5 hvor lenge du befinner deg inne p\u00e5 v\u00e5re sider, og hvor lenge bes\u00f8ket varer. Disse slettes n\u00e5r du forlater v\u00e5re sider.<\/p>\n<p>Ved betaling med betalingkort gjelder f\u00f8lgende:<\/p>\n<p>Stripe sets the following cookies:<\/p>\n<ul>\n<li>wp_woocommerce_session_HASH<\/li>\n<li>_stripe_mid \u2013 Info <a href=\"https:\/\/stripe.com\/gb\/privacy\">https:\/\/stripe.com\/gb\/privacy<\/a><\/li>\n<li>_stripe_sid \u2013 Info <a href=\"https:\/\/stripe.com\/gb\/privacy\">https:\/\/stripe.com\/gb\/privacy<\/a><\/li>\n<\/ul>\n<p><strong>\u00a0<\/strong><\/p>\n<p><strong>LiteSpeed Cache<\/strong><\/p>\n<p>Dette nettstedet bruker caching for \u00e5 forenkle en raskere responstid og bedre brukeropplevelse. Bufring lagrer potensielt en duplikatkopi av hver nettside som vises p\u00e5 dette nettstedet. Alle cache-filer er midlertidige, og blir aldri \u00e5pnet av noen tredjepart, bortsett fra n\u00e5r det er n\u00f8dvendig for \u00e5 f\u00e5 teknisk st\u00f8tte fra cache-plugin-leverand\u00f8ren. Bufferfiler utl\u00f8per i henhold til en tidsplan fastsatt av nettstedadministratoren, men kan enkelt t\u00f8mmes av administratoren f\u00f8r deres naturlige utl\u00f8p, om n\u00f8dvendig. Vi kan bruke QUIC.cloud-tjenester for \u00e5 behandle og bufre dataene dine midlertidig. Se <a href=\"https:\/\/quic.cloud\/privacy-policy\/\">https:\/\/quic.cloud\/privacy-policy\/<\/a> for mer informasjon.<\/p>\n<p><strong>Google Analytics for WooCommerce<\/strong><\/p>\n<p>Googles annonseringstjenester eksperimenterer med nye m\u00e5ter \u00e5 st\u00f8tte levering og m\u00e5ling av digital annonsering p\u00e5, slik at vi kan ivareta personvernet bedre p\u00e5 nettet, via <a href=\"https:\/\/privacysandbox.com\/\">Privacy Sandbox<\/a>-initiativet i Chrome og p\u00e5 Android. Brukere som har de relevante Privacy Sandbox-innstillingene aktivert i Chrome eller p\u00e5 Android, kan se relevante annonser fra Googles annonseringstjenester basert p\u00e5 <a href=\"https:\/\/developer.chrome.com\/docs\/privacy-sandbox\/topics\/overview\/\">Topics API<\/a>&#8211; eller <a href=\"https:\/\/developer.chrome.com\/docs\/privacy-sandbox\/protected-audience\/\">Protected Audience API<\/a>-data som er lagret i nettleseren eller p\u00e5 mobilenheten deres. Googles annonseringstjenester kan ogs\u00e5 m\u00e5le annonseresultater ved hjelp av data for <a href=\"https:\/\/developer.chrome.com\/docs\/privacy-sandbox\/attribution-reporting\/\">attribusjonsrapportering<\/a> som er lagret i nettleseren eller p\u00e5 mobilenheten til brukerne. <a href=\"https:\/\/privacysandbox.com\/\">Mer informasjon om Privacy Sandbox<\/a>.<\/p>\n<p>Slik bruker Google informasjon fra nettsteder eller apper som bruker tjenestene v\u00e5re<\/p>\n<p>Mange nettsteder og apper bruker Google-tjenester for \u00e5 gj\u00f8re innholdet sitt bedre og s\u00f8rge for at det fortsatt er gratis. N\u00e5r de integrerer tjenestene v\u00e5re, deler disse nettstedene og appene informasjon med Google.<\/p>\n<p>N\u00e5r du for eksempel bes\u00f8ker et nettsted som bruker reklametjenester som AdSense, inneholder analyseverkt\u00f8y som Google Analytics eller har innebygget videoinnhold fra YouTube, sender nettleseren din automatisk enkelte typer informasjon til Google. Dette inkluderer nettadressen til siden du bes\u00f8ker, og IP-adressen din. Vi kan ogs\u00e5 <a href=\"https:\/\/policies.google.com\/technologies\/cookies\">plassere informasjonskapsler i nettleseren din<\/a> eller lese informasjonskapsler som allerede er der. Apper som bruker annonseringstjenester fra Google, deler ogs\u00e5 informasjon med Google, for eksempel navnet p\u00e5 appen og en unik identifikator for annonsering.<\/p>\n<p>Google bruker informasjonen som deles av nettsteder og apper, for \u00e5 levere tjenestene v\u00e5re, vedlikeholde og gj\u00f8re dem bedre, utvikle nye tjenester, m\u00e5le annonseeffektivitet, beskytte mot svindel og uriktig bruk samt tilpasse innhold og annonser du ser p\u00e5 Google og p\u00e5 partnernes nettsteder og apper. Se <a href=\"https:\/\/policies.google.com\/privacy\">personvernerkl\u00e6ringen<\/a> v\u00e5r for \u00e5 finne ut mer om hvordan vi behandler data for hvert av disse form\u00e5lene, og <a href=\"https:\/\/policies.google.com\/technologies\/ads\">Annonsering<\/a>-siden v\u00e5r for mer om Google-annonser, hvordan informasjonen din brukes i forbindelse med annonsering, og hvor lenge Google lagrer denne informasjonen.<\/p>\n<p><a href=\"https:\/\/policies.google.com\/privacy\">Personvernreglene<\/a> v\u00e5re forklarer de juridiske grunnlagene Google bruker for \u00e5 behandle informasjonen din. Vi kan for eksempel behandle informasjonen med ditt samtykke eller for \u00e5 jobbe med legitime interesser som \u00e5 levere, opprettholde og forbedre tjenestene v\u00e5re for \u00e5 dekke behovene til brukerne.<\/p>\n<p>Ved behandling av informasjon som deles med oss av nettsteder og apper, ber disse nettstedene og appene av og til om samtykke f\u00f8r Google f\u00e5r tillatelse til \u00e5 behandle informasjonen. Et banner kan for eksempel vises p\u00e5 et nettsted og be om samtykke til at Google behandler informasjonen nettstedet samler inn. N\u00e5r det skjer, overholder vi form\u00e5lene som beskrives i samtykket du gir nettstedet eller appen, heller enn de juridiske grunnlagene som beskrives i Googles personvernregler. Hvis du vil endre eller trekke tilbake samtykket ditt, b\u00f8r du g\u00e5 til nettstedet eller appen for \u00e5 gj\u00f8re det.<\/p>\n<p>Personlig tilpasning av annonser<\/p>\n<p>Hvis personlig tilpasning av annonser er sl\u00e5tt p\u00e5, bruker Google informasjonen din til \u00e5 gj\u00f8re annonsene mer nyttige for deg. Eksempel: Et nettsted som selger terrengsykler, bruker Googles annonsetjenester. Etter at du bes\u00f8ker nettstedet, ser du en annonse for terrengsykler p\u00e5 et annet nettsted som viser annonser levert av Google.<\/p>\n<p>Hvis personlig tilpasning av annonser er sl\u00e5tt av, kommer ikke Google til \u00e5 samle inn eller bruke informasjonen din for \u00e5 opprette en annonseprofil eller tilpasse annonsene vi viser deg. Du kommer fortsatt til \u00e5 se annonser, men det kan hende de ikke er like nyttige eller relevante for deg. Annonsene kan fortsatt v\u00e6re basert p\u00e5 emnet til nettstedet eller appen du ser p\u00e5, det du har s\u00f8kt p\u00e5, eller den generelle posisjonen din, men ikke p\u00e5 interessene, s\u00f8keloggen eller nettleserloggen din. Informasjonen din kan fortsatt brukes til de andre form\u00e5lene som er nevnt ovenfor, for eksempel \u00e5 m\u00e5le effektiviteten av annonsering og beskytte mot svindel og uriktig bruk.<\/p>\n<p>N\u00e5r du har interaksjoner med nettsteder eller apper som bruker Google-tjenester, kan du bli bedt om \u00e5 velge om du vil se personlig tilpassede annonser fra annonseleverand\u00f8rer, deriblant Google. Uavhengig av hva du velger, tilpasser ikke Google annonsene du ser, hvis innstillingen for personlig tilpasning av annonser er sl\u00e5tt av, eller hvis kontoen din ikke er kvalifisert for personlig tilpassede annonser.<\/p>\n<p>Du kan se og kontrollere hvilken informasjon vi bruker for \u00e5 vise annonser, ved \u00e5 g\u00e5 til <a href=\"https:\/\/adssettings.google.com?ref=ps-tech\">annonseinnstillingene<\/a> dine.<\/p>\n<p>Slik kan du kontrollere informasjonen som er samlet inn av Google fra disse nettstedene og appene<\/p>\n<p>Her er noen tips til hvordan du kan kontrollere informasjonen som deles av enheten din, n\u00e5r du bes\u00f8ker eller samhandler med nettsteder og apper som bruker Google-tjenester:<\/p>\n<ul>\n<li><a href=\"https:\/\/adssettings.google.com\/?utm_source=ps-tech\">Annonseinnstillinger<\/a> hjelper deg med \u00e5 kontrollere annonser du ser i Google-tjenester (for eksempel Google S\u00f8k eller YouTube), eller p\u00e5 nettsteder og apper fra Google som bruker Google-annonsetjenester. Du kan ogs\u00e5 <a href=\"https:\/\/policies.google.com\/technologies\/ads\">finne ut hvordan<\/a> annonser tilpasses, velge bort personlig tilpasning av annonser og blokkere bestemte annons\u00f8rer.<\/li>\n<li>Hvis du er logget p\u00e5 Google-kontoen din, og avhengig av kontoinnstillingene dine, gj\u00f8r <a href=\"https:\/\/myactivity.google.com\/\">Min aktivitet<\/a> at du kan se gjennom og kontrollere dataene som opprettes n\u00e5r du bruker Googles tjenester, inkludert informasjonen vi samler inn fra nettsteder og apper du har bes\u00f8kt. Du kan bla etter dato og emne samt slette deler av eller hele aktivitetsloggen din.<\/li>\n<li>Mange bruker Google Analytics p\u00e5 nettsteder og apper for \u00e5 forst\u00e5 hvordan bes\u00f8kende bruker nettsidene eller appene deres. Hvis du ikke \u00f8nsker at Analytics skal brukes i nettleseren din, kan du <a href=\"https:\/\/tools.google.com\/dlpage\/gaoptout\">installere Google Analytics-nettlesertillegget<\/a>. Finn ut mer om <a href=\"https:\/\/support.google.com\/analytics\/answer\/6004245\">Google Analytics og personvern<\/a>.<\/li>\n<li>Med <a href=\"https:\/\/support.google.com\/chrome\/answer\/95464\">Inkognitomodus i Chrome<\/a> kan du surfe p\u00e5 nettet uten at nettsider og filer lagres i nettleserloggen din (med mindre du velger \u00e5 logge p\u00e5). Informasjonskapslene slettes etter at du har lukket alle inkognitovinduene og -fanene, og bokmerkene og innstillingene dine lagres til du sletter dem. Finn ut mer om <a href=\"https:\/\/policies.google.com\/technologies\/cookies\">informasjonskapsler<\/a>. Det at du bruker inkognitomodus i Chrome eller andre moduser for privat surfing, forhindrer ikke at det samles inn data n\u00e5r du bes\u00f8ker nettsteder som bruker Google-tjenester, og Google kan fortsatt samle inn data n\u00e5r du bes\u00f8ker nettsteder med slike nettlesere.<\/li>\n<li>I mange nettlesere, inkludert Chrome, kan du blokkere informasjonskapsler fra tredjeparter. Du kan ogs\u00e5 fjerne eventuelle eksisterende informasjonskapsler fra nettleseren din. Finn ut mer om <a href=\"https:\/\/support.google.com\/chrome\/answer\/95647\">h\u00e5ndtering av informasjonskapsler i Chrome<\/a>.<\/li>\n<\/ul>\n<p><strong>\u00a0<\/strong><\/p>\n<p><strong>Aksimet<\/strong><\/p>\n<p>Vi samler inn informasjon og bes\u00f8kende som kommenterer p\u00e5 nettsteder som bruker Akismet antispam-tjenesten. Informasjonen vi samler inn avhenger av hvordan administratoren setter opp Aksimet for nettstedet, men typisk inkluderer det den kommenterendes IP-adresse, brukeragent, refererende side og nettstedets URL (sammen med annen informasjon som er oppgitt av den komenterende, som navn, brukernavn, e-postadresse og kommentaren i seg selv).<\/p>\n<p><strong>Innebygd innhold fra andre nettsteder<\/strong><\/p>\n<p>Artikler p\u00e5 denne siden kan inkludere innebygd innhold (f.eks. videoer, bilder, artikler osv.). Innebygd innhold fra andre nettsteder oppf\u00f8rer seg p\u00e5 n\u00f8yaktig samme m\u00e5te som om den bes\u00f8kende hadde bes\u00f8kt nettstedet som det innebygde innholdet kommer fra.<\/p>\n<p>Disse nettstedene kan samle inn opplysninger om deg, bruke informasjonskapsler eller bygge inn sporingssystemer fra en tredjepart og overv\u00e5ke hva du gj\u00f8r via dette innebygde innholdet. Dette omfatter ogs\u00e5 sporing av handlingene dine via det innebygde innholdet dersom du har en konto og er logget inn p\u00e5 nettstedet.<\/p>\n<p><strong>Hva vi samler og lagrer<\/strong><\/p>\n<p>N\u00e5r du bes\u00f8ker nettsiden v\u00e5r, samler vi:<\/p>\n<ul>\n<li>Produkter du har sett: Vi bruker dette til for eksempel \u00e5 vise deg produkter du nylig har sett<\/li>\n<li>Plassering, IP-adresse og nettlesertype: Vi bruker dette til form\u00e5l som estimering av skatter og frakt<\/li>\n<li>Fraktadresse: vi ber deg om \u00e5 skrive inn dette, slik at vi for eksempel kan estimere frakt f\u00f8r du legger inn en bestilling, og sende deg bestillingen!<\/li>\n<\/ul>\n<p>Vi bruker ogs\u00e5 informasjonskapsler for \u00e5 holde oversikt over innholdet i handlekurven mens du surfer p\u00e5 nettstedet v\u00e5rt.<\/p>\n<p>N\u00e5r du kj\u00f8per fra oss, ber vi deg om \u00e5 gi informasjon, inkludert navn, faktureringsadresse, fraktadresse, e-postadresse, telefonnummer, kredittkort\/betalingsinformasjon og valgfri kontoinformasjon som brukernavn og passord. Vi bruker denne informasjonen til for eksempel:<\/p>\n<ul>\n<li>Sende deg informasjon om din konto og bestilling<\/li>\n<li>Svar p\u00e5 dine foresp\u00f8rsler, inkludert tilbakebetalinger og klager<\/li>\n<li>Behandle betalinger og forhindre svindel<\/li>\n<li>Sett opp din konto for butikken v\u00e5r<\/li>\n<li>Overholde alle juridiske forpliktelser vi har, som \u00e5 beregne skatt<\/li>\n<li>For \u00e5 forbedre v\u00e5re butikktjenester<\/li>\n<\/ul>\n<p>Hvis du oppretter en konto, lagrer vi ditt navn, adresse, e-post og telefonnummer, som vil bli brukt til \u00e5 fylle ut kassen for fremtidige bestillinger.<\/p>\n<p>Som hovedregel tar vi kun vare p\u00e5 opplysninger om deg s\u00e5 lenge vi trenger dem til de form\u00e5l som opplysningene er samlet inn til, og vi ikke lenger er lovp\u00e5lagt \u00e5 beholde dem. Vi vil for eksempel tar vare p\u00e5 ordreinformasjon i 5 \u00e5r av regnskaps- og skattemessige \u00e5rsaker. Dette inkluderer navn og e-postadresse samt faktura- og leveringsadresse.<\/p>\n<p>Vi tar ogs\u00e5 vare p\u00e5 kommentarer og produktomtaler, hvis du velger \u00e5 skrive dem.<\/p>\n<p><strong>Hvem som har tilgang<\/strong><\/p>\n<p>Medlemmer av v\u00e5r stab har tilgang til informasjonen du oppgir til oss. For eksempel b\u00e5de Systemadministrator og Butikksjefer har tilgang til:<\/p>\n<ul>\n<li>Ordreinformasjon, slik som hva som er kj\u00f8pt, n\u00e5r det ble kj\u00f8pt og hvor det skal bli fraktet til, og<\/li>\n<li>Kundeopplysninger som for eksempel navn, e-postadresse samt faktura- og leveringsadresse.<\/li>\n<\/ul>\n<p>V\u00e5r stab har tilgang til denne informasjonen for \u00e5 hjelpe til med \u00e5 gjennomf\u00f8re ordre, behandle refunderinger og gi deg kundest\u00f8tte.<\/p>\n<p><strong>Hvor lenge vi oppbevarer opplysninger om deg<\/strong><\/p>\n<p>Hvis du legger igjen en kommentar, blir kommentaren og informasjon om kommentaren lagret p\u00e5 ubestemt tid. Dette er for at vi kan gjenkjenne oppf\u00f8lgingskommentarer og godkjenne dem automatisk i stedet for \u00e5 legge dem i en k\u00f8 der de m\u00e5 godkjennes manuelt av en redakt\u00f8r.<\/p>\n<p>For brukere som registrerer seg p\u00e5 dette nettstedet (dersom denne muligheten eksisterer), lagres det ogs\u00e5 personopplysninger som de oppgir i brukerprofilen sin. Alle brukere kan se, redigere og slette sine egne personopplysninger n\u00e5r som helst (bortsett fra brukernavn). Nettstedets administratorer kan ogs\u00e5 se og redigere denne informasjonen.<\/p>\n<p><strong>Rettighetene dine n\u00e5r det gjelder opplysninger vi har om deg<\/strong><\/p>\n<p>Hvis du har en konto p\u00e5 dette nettstedet eller har lagt igjen kommentarer, kan du be om \u00e5 f\u00e5 en eksportfil som inneholder personopplysningene vi har om deg. Dette omfatter all data du har gitt oss. Du kan ogs\u00e5 be om at vi sletter alle personopplysninger vi har om deg. Dette omfatter ikke opplysninger vi er p\u00e5lagt \u00e5 lagre av administrative, juridiske eller sikkerhetsmessige \u00e5rsaker.<\/p>\n<p><strong>Hvor vi sender opplysninger om deg<\/strong><\/p>\n<p>Bes\u00f8kendes kommentarer kan bli kontrollert gjennom en automatisk gjenkjennelsestjeneste mot s\u00f8ppelkommentarer.<\/p>\n<p><strong>\u00a0<\/strong><\/p>\n<p><strong>Tilleggsinformasjon<\/strong><\/p>\n<p><strong>Slik beskytter vi personopplysningene dine<\/strong><\/p>\n<p>Ergo Contech er opptatt av \u00e5 hindre uautorisert tilgang til og videreformidling av personopplysninger. Ergo Contech skal s\u00f8rge for at de personopplysningene vi behandler behandles konfidensielt, vi skal opprettholde integriteten til personopplysningene, samt sikre at de er tilgjengelige i henhold til gjeldende personvernlovgivning.<\/p>\n<p>Som en del av v\u00e5re forpliktelser benytter vi tilstrekkelige organisatoriske, tekniske og fysiske prosedyrer og tiltak for \u00e5 beskytte personopplysninger vi behandler, sett i lys av hvilken type informasjon og hvilken risiko du og v\u00e5re Kunder utsettes for ved et eventuelt avvik. Vi tror p\u00e5 \u00e5 bygge en sterk bedriftskultur der respekt for og bevissthet rundt personvern blant v\u00e5re ansatte er grunnleggende for \u00e5 sikre lovlig behandling og beskyttelse av personopplysninger og data. F\u00f8lgende tiltak er spesielt viktige i denne forbindelse:<\/p>\n<p><strong>Organisatoriske tiltak<\/strong><\/p>\n<ul>\n<li>I Ergo Contech er det styrelsen som tar alle strategiske beslutninger, samt generelt overv\u00e5ker og styrer konsernets arbeid med personvern. Her sitter det interne sikkerhet- og personvernsansvarlige som representerer virksomhetsomr\u00e5dene til Ergo Contech.<\/li>\n<li>Det er obligatorisk for alle ansatte i Ergo Contech \u00e5 gjennomg\u00e5 utdanning innenfor personvern<\/li>\n<li>Det er obligatorisk for alle virksomheter i Ergo Contech \u00e5 fortl\u00f8pende vurdere risiko ved behandlingen av personopplysninger.<\/li>\n<li>Det inng\u00e5s databehandleravtaler med underleverand\u00f8rer som behandler personopplysninger<\/li>\n<\/ul>\n<p><strong>Tekniske tiltak<\/strong><\/p>\n<ul>\n<li>Klassifisering av personopplysninger for \u00e5 sikre at de sikkerhetstiltakene som implementeres st\u00e5r i forhold til vurderingen av risiko<\/li>\n<li>Vurdere bruk av kryptering og pseudonymisering som risko reduserende tiltak<\/li>\n<li>Begrense tilgang til personopplysninger til de som trenger tilgang for \u00e5 oppfylle plikter i henhold til tjenesteavtaler eller lovgivning<\/li>\n<li>Bruke systemer som oppdager, avhjelper, forhindrer og rapporterer personvern avvik<\/li>\n<li>Bruke sikkerhetsrevisjoner for \u00e5 fortl\u00f8pende vurdere hvorvidt gjeldende tekniske og organisatoriske sikkerhetstiltak er tilstrekkelige.<\/li>\n<\/ul>\n<p><strong>Fysiske tiltak<\/strong><\/p>\n<ul>\n<li>Lokalene er beskyttet med tilgangskontroll og video-overv\u00e5kningssystemer.<\/li>\n<\/ul>\n<p><strong>V\u00e5re rutiner for datalekkasjer<\/strong><\/p>\n<p>Ved datalekkasjer vil vi s\u00e5 fort som mulig informere alle som kan v\u00e6re ber\u00f8rt.<\/p>\n<p><strong>Hvilke tredjeparter vi mottar opplysninger fra<\/strong><\/p>\n<p>Inclusive Technology Ltd.<\/p>\n<p>Stripe<\/p>\n<p><strong>Hvilke automatiske avgj\u00f8relser som tas og\/eller hva slags profiler som bygges p\u00e5 grunnlag av brukernes opplysninger.<\/strong><\/p>\n<p>Ingen<\/p>\n<p><strong>\u00a0<\/strong><\/p>\n","protected":false},"excerpt":{"rendered":"<p>Hvem vi er Vi er Ergo Contech V\u00e5r nettstedsadresse er: https:\/\/www.ergocontech.no Hvilke personopplysninger vi samler inn og hvorfor vi samler de inn Kommentarer N\u00e5r bes\u00f8kende legger inn kommentarer p\u00e5 siden, lagres informasjonen gitt inn i kommentarskjemaet i tillegg til IP-adressen til den bes\u00f8kende og den bes\u00f8kendes nettleserversjon. Dette gj\u00f8res for \u00e5 bidra til \u00e5 unng\u00e5 [&hellip;]<\/p>\n","protected":false},"author":1,"featured_media":0,"parent":0,"menu_order":0,"comment_status":"closed","ping_status":"closed","template":"","meta":{"footnotes":""},"class_list":["post-177","page","type-page","status-publish","hentry"],"_links":{"self":[{"href":"https:\/\/www.ergocontech.no\/shop\/wp-json\/wp\/v2\/pages\/177","targetHints":{"allow":["GET"]}}],"collection":[{"href":"https:\/\/www.ergocontech.no\/shop\/wp-json\/wp\/v2\/pages"}],"about":[{"href":"https:\/\/www.ergocontech.no\/shop\/wp-json\/wp\/v2\/types\/page"}],"author":[{"embeddable":true,"href":"https:\/\/www.ergocontech.no\/shop\/wp-json\/wp\/v2\/users\/1"}],"replies":[{"embeddable":true,"href":"https:\/\/www.ergocontech.no\/shop\/wp-json\/wp\/v2\/comments?post=177"}],"version-history":[{"count":11,"href":"https:\/\/www.ergocontech.no\/shop\/wp-json\/wp\/v2\/pages\/177\/revisions"}],"predecessor-version":[{"id":9417,"href":"https:\/\/www.ergocontech.no\/shop\/wp-json\/wp\/v2\/pages\/177\/revisions\/9417"}],"wp:attachment":[{"href":"https:\/\/www.ergocontech.no\/shop\/wp-json\/wp\/v2\/media?parent=177"}],"curies":[{"name":"wp","href":"https:\/\/api.w.org\/{rel}","templated":true}]}}